{"id":9208,"date":"2025-08-03T19:17:09","date_gmt":"2025-08-03T19:17:09","guid":{"rendered":"https:\/\/startx39now.com\/?page_id=9208"},"modified":"2025-08-03T19:21:57","modified_gmt":"2025-08-03T19:21:57","slug":"part-de-la-ligne-de-produits","status":"publish","type":"page","link":"https:\/\/startx39now.com\/fr\/product-line-share\/","title":{"rendered":"Part des lignes de produits"},"content":{"rendered":"<div data-elementor-type=\"wp-page\" data-elementor-id=\"9208\" class=\"elementor elementor-9208\" data-elementor-post-type=\"page\">\n\t\t\t\t<div class=\"elementor-element elementor-element-a83f9ae e-con-full e-flex e-con e-parent\" data-id=\"a83f9ae\" data-element_type=\"container\" data-e-type=\"container\" data-settings=\"{&quot;background_background&quot;:&quot;classic&quot;}\">\n\t\t\t\t<div class=\"elementor-element elementor-element-61ad47a elementor-widget elementor-widget-button\" data-id=\"61ad47a\" data-element_type=\"widget\" data-e-type=\"widget\" data-widget_type=\"button.default\">\n\t\t\t\t<div class=\"elementor-widget-container\">\n\t\t\t\t\t\t\t\t\t<div class=\"elementor-button-wrapper\">\n\t\t\t\t\t<a class=\"elementor-button elementor-button-link elementor-size-sm\" href=\"https:\/\/startx39now.com\/fr\/maison-x39\/#productline\">\n\t\t\t\t\t\t<span class=\"elementor-button-content-wrapper\">\n\t\t\t\t\t\t\t\t\t<span class=\"elementor-button-text\">&lt; Retour \u00e0 l&#039;ACCUEIL<\/span>\n\t\t\t\t\t<\/span>\n\t\t\t\t\t<\/a>\n\t\t\t\t<\/div>\n\t\t\t\t\t\t\t\t<\/div>\n\t\t\t\t<\/div>\n\t\t\t\t<\/div>\n\t\t<div class=\"elementor-element elementor-element-eb8db77 e-flex e-con-boxed e-con e-parent\" data-id=\"eb8db77\" data-element_type=\"container\" data-e-type=\"container\" data-settings=\"{&quot;background_background&quot;:&quot;classic&quot;}\">\n\t\t\t\t\t<div class=\"e-con-inner\">\n\t\t<div class=\"elementor-element elementor-element-c296bbb e-con-full e-flex e-con e-child\" data-id=\"c296bbb\" data-element_type=\"container\" data-e-type=\"container\">\n\t\t\t\t<div class=\"elementor-element elementor-element-062a825 elementor-widget elementor-widget-heading\" data-id=\"062a825\" data-element_type=\"widget\" data-e-type=\"widget\" data-widget_type=\"heading.default\">\n\t\t\t\t<div class=\"elementor-widget-container\">\n\t\t\t\t\t<h2 class=\"elementor-heading-title elementor-size-default\">LifeWave Full<\/h2>\t\t\t\t<\/div>\n\t\t\t\t<\/div>\n\t\t\t\t<div class=\"elementor-element elementor-element-663f6f4 elementor-widget elementor-widget-heading\" data-id=\"663f6f4\" data-element_type=\"widget\" data-e-type=\"widget\" data-widget_type=\"heading.default\">\n\t\t\t\t<div class=\"elementor-widget-container\">\n\t\t\t\t\t<h1 class=\"elementor-heading-title elementor-size-default\">Ligne de produits<\/h1>\t\t\t\t<\/div>\n\t\t\t\t<\/div>\n\t\t\t\t<div class=\"elementor-element elementor-element-d32ad2a elementor-widget elementor-widget-heading\" data-id=\"d32ad2a\" data-element_type=\"widget\" data-e-type=\"widget\" data-widget_type=\"heading.default\">\n\t\t\t\t<div class=\"elementor-widget-container\">\n\t\t\t\t\t<h4 class=\"elementor-heading-title elementor-size-default\"><a href=\"https:\/\/startx39now.com\/fr\/patches-deep-dive\/\" target=\"_blank\">Partagez le lien : https:\/\/startx39now.com\/patches-deep-dive\/<\/a><\/h4>\t\t\t\t<\/div>\n\t\t\t\t<\/div>\n\t\t\t\t<div class=\"elementor-element elementor-element-794b768 elementor-widget elementor-widget-image\" data-id=\"794b768\" data-element_type=\"widget\" data-e-type=\"widget\" data-widget_type=\"image.default\">\n\t\t\t\t<div class=\"elementor-widget-container\">\n\t\t\t\t\t\t\t\t\t\t\t\t\t\t\t\t<a href=\"https:\/\/startx39now.com\/fr\/patches-deep-dive\/\">\n\t\t\t\t\t\t\t<img fetchpriority=\"high\" decoding=\"async\" width=\"1024\" height=\"576\" src=\"https:\/\/startx39now.com\/wp-content\/uploads\/2023\/03\/LifewaveProductLine-1024x576.png\" class=\"attachment-large size-large wp-image-4097\" alt=\"\" srcset=\"https:\/\/startx39now.com\/wp-content\/uploads\/2023\/03\/LifewaveProductLine-1024x576.png 1024w, https:\/\/startx39now.com\/wp-content\/uploads\/2023\/03\/LifewaveProductLine-300x169.png 300w, https:\/\/startx39now.com\/wp-content\/uploads\/2023\/03\/LifewaveProductLine-768x432.png 768w, https:\/\/startx39now.com\/wp-content\/uploads\/2023\/03\/LifewaveProductLine.png 1280w\" sizes=\"(max-width: 1024px) 100vw, 1024px\" \/>\t\t\t\t\t\t\t\t<\/a>\n\t\t\t\t\t\t\t\t\t\t\t\t\t\t\t<\/div>\n\t\t\t\t<\/div>\n\t\t\t\t<\/div>\n\t\t\t\t\t<\/div>\n\t\t\t\t<\/div>\n\t\t\t\t<\/div>","protected":false},"excerpt":{"rendered":"<p>&lt; Back to HOME LifeWave Full Product Line Share the Link: https:\/\/startx39now.com\/patches-deep-dive\/<\/p>","protected":false},"author":1,"featured_media":4097,"parent":0,"menu_order":0,"comment_status":"closed","ping_status":"closed","template":"","meta":{"site-sidebar-layout":"no-sidebar","site-content-layout":"page-builder","ast-site-content-layout":"full-width-container","site-content-style":"default","site-sidebar-style":"default","ast-global-header-display":"","ast-banner-title-visibility":"","ast-main-header-display":"","ast-hfb-above-header-display":"","ast-hfb-below-header-display":"","ast-hfb-mobile-header-display":"","site-post-title":"disabled","ast-breadcrumbs-content":"","ast-featured-img":"disabled","footer-sml-layout":"","ast-disable-related-posts":"","theme-transparent-header-meta":"","adv-header-id-meta":"","stick-header-meta":"","header-above-stick-meta":"","header-main-stick-meta":"","header-below-stick-meta":"","astra-migrate-meta-layouts":"set","ast-page-background-enabled":"default","ast-page-background-meta":{"desktop":{"background-color":"var(--ast-global-color-4)","background-image":"","background-repeat":"repeat","background-position":"center center","background-size":"auto","background-attachment":"scroll","background-type":"","background-media":"","overlay-type":"","overlay-color":"","overlay-opacity":"","overlay-gradient":""},"tablet":{"background-color":"","background-image":"","background-repeat":"repeat","background-position":"center center","background-size":"auto","background-attachment":"scroll","background-type":"","background-media":"","overlay-type":"","overlay-color":"","overlay-opacity":"","overlay-gradient":""},"mobile":{"background-color":"","background-image":"","background-repeat":"repeat","background-position":"center center","background-size":"auto","background-attachment":"scroll","background-type":"","background-media":"","overlay-type":"","overlay-color":"","overlay-opacity":"","overlay-gradient":""}},"ast-content-background-meta":{"desktop":{"background-color":"var(--ast-global-color-5)","background-image":"","background-repeat":"repeat","background-position":"center center","background-size":"auto","background-attachment":"scroll","background-type":"","background-media":"","overlay-type":"","overlay-color":"","overlay-opacity":"","overlay-gradient":""},"tablet":{"background-color":"var(--ast-global-color-5)","background-image":"","background-repeat":"repeat","background-position":"center center","background-size":"auto","background-attachment":"scroll","background-type":"","background-media":"","overlay-type":"","overlay-color":"","overlay-opacity":"","overlay-gradient":""},"mobile":{"background-color":"var(--ast-global-color-5)","background-image":"","background-repeat":"repeat","background-position":"center center","background-size":"auto","background-attachment":"scroll","background-type":"","background-media":"","overlay-type":"","overlay-color":"","overlay-opacity":"","overlay-gradient":""}},"footnotes":""},"class_list":["post-9208","page","type-page","status-publish","has-post-thumbnail","hentry"],"yoast_head":"<!-- This site is optimized with the Yoast SEO plugin v27.3 - https:\/\/yoast.com\/product\/yoast-seo-wordpress\/ -->\n<title>Product Line Share - Start X39 Now<\/title>\n<meta name=\"robots\" content=\"noindex, follow\" \/>\n<meta property=\"og:locale\" content=\"fr_CA\" \/>\n<meta property=\"og:type\" content=\"article\" \/>\n<meta property=\"og:title\" content=\"Product Line Share - Start X39 Now\" \/>\n<meta property=\"og:description\" content=\"&lt; Back to HOME LifeWave Full Product Line Share the Link: https:\/\/startx39now.com\/patches-deep-dive\/\" \/>\n<meta property=\"og:url\" content=\"https:\/\/startx39now.com\/fr\/part-de-la-ligne-de-produits\/\" \/>\n<meta property=\"og:site_name\" content=\"Start X39 Now\" \/>\n<meta property=\"article:modified_time\" content=\"2025-08-03T19:21:57+00:00\" \/>\n<meta property=\"og:image\" content=\"https:\/\/startx39now.com\/wp-content\/uploads\/2023\/03\/LifewaveProductLine.png\" \/>\n\t<meta property=\"og:image:width\" content=\"1280\" \/>\n\t<meta property=\"og:image:height\" content=\"720\" \/>\n\t<meta property=\"og:image:type\" content=\"image\/png\" \/>\n<meta name=\"twitter:card\" content=\"summary_large_image\" \/>\n<meta name=\"twitter:label1\" content=\"Estimation du temps de lecture\" \/>\n\t<meta name=\"twitter:data1\" content=\"1 minute\" \/>\n<script type=\"application\/ld+json\" class=\"yoast-schema-graph\">{\"@context\":\"https:\\\/\\\/schema.org\",\"@graph\":[{\"@type\":\"WebPage\",\"@id\":\"https:\\\/\\\/startx39now.com\\\/product-line-share\\\/\",\"url\":\"https:\\\/\\\/startx39now.com\\\/product-line-share\\\/\",\"name\":\"Product Line Share - Start X39 Now\",\"isPartOf\":{\"@id\":\"https:\\\/\\\/startx39now.com\\\/#website\"},\"primaryImageOfPage\":{\"@id\":\"https:\\\/\\\/startx39now.com\\\/product-line-share\\\/#primaryimage\"},\"image\":{\"@id\":\"https:\\\/\\\/startx39now.com\\\/product-line-share\\\/#primaryimage\"},\"thumbnailUrl\":\"https:\\\/\\\/startx39now.com\\\/wp-content\\\/uploads\\\/2023\\\/03\\\/LifewaveProductLine.png\",\"datePublished\":\"2025-08-03T19:17:09+00:00\",\"dateModified\":\"2025-08-03T19:21:57+00:00\",\"breadcrumb\":{\"@id\":\"https:\\\/\\\/startx39now.com\\\/product-line-share\\\/#breadcrumb\"},\"inLanguage\":\"fr-CA\",\"potentialAction\":[{\"@type\":\"ReadAction\",\"target\":[\"https:\\\/\\\/startx39now.com\\\/product-line-share\\\/\"]}]},{\"@type\":\"ImageObject\",\"inLanguage\":\"fr-CA\",\"@id\":\"https:\\\/\\\/startx39now.com\\\/product-line-share\\\/#primaryimage\",\"url\":\"https:\\\/\\\/startx39now.com\\\/wp-content\\\/uploads\\\/2023\\\/03\\\/LifewaveProductLine.png\",\"contentUrl\":\"https:\\\/\\\/startx39now.com\\\/wp-content\\\/uploads\\\/2023\\\/03\\\/LifewaveProductLine.png\",\"width\":1280,\"height\":720},{\"@type\":\"BreadcrumbList\",\"@id\":\"https:\\\/\\\/startx39now.com\\\/product-line-share\\\/#breadcrumb\",\"itemListElement\":[{\"@type\":\"ListItem\",\"position\":1,\"name\":\"Home\",\"item\":\"https:\\\/\\\/startx39now.com\\\/\"},{\"@type\":\"ListItem\",\"position\":2,\"name\":\"Product Line Share\"}]},{\"@type\":\"WebSite\",\"@id\":\"https:\\\/\\\/startx39now.com\\\/#website\",\"url\":\"https:\\\/\\\/startx39now.com\\\/\",\"name\":\"Start X39 Now\",\"description\":\"Stem cell activation therapy in a patch. No drugs, no injections, just our body&#039;s own light. Naturally reactivate your stem cells with a simple patch.\",\"potentialAction\":[{\"@type\":\"SearchAction\",\"target\":{\"@type\":\"EntryPoint\",\"urlTemplate\":\"https:\\\/\\\/startx39now.com\\\/?s={search_term_string}\"},\"query-input\":{\"@type\":\"PropertyValueSpecification\",\"valueRequired\":true,\"valueName\":\"search_term_string\"}}],\"inLanguage\":\"fr-CA\"}]}<\/script>\n<!-- \/ Yoast SEO plugin. -->","yoast_head_json":{"title":"Product Line Share - Commencer X39 maintenant","robots":{"index":"noindex","follow":"follow"},"og_locale":"fr_CA","og_type":"article","og_title":"Product Line Share - Start X39 Now","og_description":"&lt; Back to HOME LifeWave Full Product Line Share the Link: https:\/\/startx39now.com\/patches-deep-dive\/","og_url":"https:\/\/startx39now.com\/fr\/part-de-la-ligne-de-produits\/","og_site_name":"Start X39 Now","article_modified_time":"2025-08-03T19:21:57+00:00","og_image":[{"width":1280,"height":720,"url":"https:\/\/startx39now.com\/wp-content\/uploads\/2023\/03\/LifewaveProductLine.png","type":"image\/png"}],"twitter_card":"summary_large_image","twitter_misc":{"Estimation du temps de lecture":"1 minute"},"schema":{"@context":"https:\/\/schema.org","@graph":[{"@type":"WebPage","@id":"https:\/\/startx39now.com\/product-line-share\/","url":"https:\/\/startx39now.com\/product-line-share\/","name":"Product Line Share - Commencer X39 maintenant","isPartOf":{"@id":"https:\/\/startx39now.com\/#website"},"primaryImageOfPage":{"@id":"https:\/\/startx39now.com\/product-line-share\/#primaryimage"},"image":{"@id":"https:\/\/startx39now.com\/product-line-share\/#primaryimage"},"thumbnailUrl":"https:\/\/startx39now.com\/wp-content\/uploads\/2023\/03\/LifewaveProductLine.png","datePublished":"2025-08-03T19:17:09+00:00","dateModified":"2025-08-03T19:21:57+00:00","breadcrumb":{"@id":"https:\/\/startx39now.com\/product-line-share\/#breadcrumb"},"inLanguage":"fr-CA","potentialAction":[{"@type":"ReadAction","target":["https:\/\/startx39now.com\/product-line-share\/"]}]},{"@type":"ImageObject","inLanguage":"fr-CA","@id":"https:\/\/startx39now.com\/product-line-share\/#primaryimage","url":"https:\/\/startx39now.com\/wp-content\/uploads\/2023\/03\/LifewaveProductLine.png","contentUrl":"https:\/\/startx39now.com\/wp-content\/uploads\/2023\/03\/LifewaveProductLine.png","width":1280,"height":720},{"@type":"BreadcrumbList","@id":"https:\/\/startx39now.com\/product-line-share\/#breadcrumb","itemListElement":[{"@type":"ListItem","position":1,"name":"Home","item":"https:\/\/startx39now.com\/"},{"@type":"ListItem","position":2,"name":"Product Line Share"}]},{"@type":"WebSite","@id":"https:\/\/startx39now.com\/#website","url":"https:\/\/startx39now.com\/","name":"D\u00e9marrer X39 maintenant","description":"Th\u00e9rapie d'activation des cellules souches dans un patch. Pas de m\u00e9dicaments, pas d'injections, juste la lumi\u00e8re de notre corps. R\u00e9activez naturellement vos cellules souches \u00e0 l'aide d'un simple patch.","potentialAction":[{"@type":"SearchAction","target":{"@type":"EntryPoint","urlTemplate":"https:\/\/startx39now.com\/?s={search_term_string}"},"query-input":{"@type":"PropertyValueSpecification","valueRequired":true,"valueName":"search_term_string"}}],"inLanguage":"fr-CA"}]}},"_links":{"self":[{"href":"https:\/\/startx39now.com\/fr\/wp-json\/wp\/v2\/pages\/9208","targetHints":{"allow":["GET"]}}],"collection":[{"href":"https:\/\/startx39now.com\/fr\/wp-json\/wp\/v2\/pages"}],"about":[{"href":"https:\/\/startx39now.com\/fr\/wp-json\/wp\/v2\/types\/page"}],"author":[{"embeddable":true,"href":"https:\/\/startx39now.com\/fr\/wp-json\/wp\/v2\/users\/1"}],"replies":[{"embeddable":true,"href":"https:\/\/startx39now.com\/fr\/wp-json\/wp\/v2\/comments?post=9208"}],"version-history":[{"count":0,"href":"https:\/\/startx39now.com\/fr\/wp-json\/wp\/v2\/pages\/9208\/revisions"}],"wp:featuredmedia":[{"embeddable":true,"href":"https:\/\/startx39now.com\/fr\/wp-json\/wp\/v2\/media\/4097"}],"wp:attachment":[{"href":"https:\/\/startx39now.com\/fr\/wp-json\/wp\/v2\/media?parent=9208"}],"curies":[{"name":"wp","href":"https:\/\/api.w.org\/{rel}","templated":true}]}}