{"id":10473,"date":"2025-10-30T01:03:41","date_gmt":"2025-10-30T01:03:41","guid":{"rendered":"https:\/\/startx39now.com\/?page_id=10473"},"modified":"2026-01-26T03:49:04","modified_gmt":"2026-01-26T03:49:04","slug":"ds-sur","status":"publish","type":"page","link":"https:\/\/startx39now.com\/fr\/ds-about\/","title":{"rendered":"Vid\u00e9o 2 - DS \u00e0 propos"},"content":{"rendered":"<div data-elementor-type=\"wp-page\" data-elementor-id=\"10473\" class=\"elementor elementor-10473\" data-elementor-post-type=\"page\">\n\t\t\t\t<div class=\"elementor-element elementor-element-e95586e e-con-full e-flex e-con e-parent\" data-id=\"e95586e\" data-element_type=\"container\" data-e-type=\"container\" data-settings=\"{&quot;background_background&quot;:&quot;classic&quot;,&quot;shape_divider_bottom&quot;:&quot;split&quot;}\">\n\t\t\t\t<div class=\"elementor-shape elementor-shape-bottom\" aria-hidden=\"true\" data-negative=\"false\">\n\t\t\t<svg xmlns=\"http:\/\/www.w3.org\/2000\/svg\" viewbox=\"0 0 1000 20\" preserveaspectratio=\"none\">\n\t<path class=\"elementor-shape-fill\" d=\"M0,0v3c0,0,393.8,0,483.4,0c9.2,0,16.6,7.4,16.6,16.6c0-9.1,7.4-16.6,16.6-16.6C606.2,3,1000,3,1000,3V0H0z\"\/>\n<\/svg>\t\t<\/div>\n\t\t\t\t<div class=\"elementor-element elementor-element-4510bae elementor-widget elementor-widget-button\" data-id=\"4510bae\" data-element_type=\"widget\" data-e-type=\"widget\" data-widget_type=\"button.default\">\n\t\t\t\t<div class=\"elementor-widget-container\">\n\t\t\t\t\t\t\t\t\t<div class=\"elementor-button-wrapper\">\n\t\t\t\t\t<a class=\"elementor-button elementor-button-link elementor-size-sm\" href=\"https:\/\/startx39now.com\/fr\/maison-x39\/#tracker\">\n\t\t\t\t\t\t<span class=\"elementor-button-content-wrapper\">\n\t\t\t\t\t\t\t\t\t<span class=\"elementor-button-text\">&lt; Retour \u00e0 l&#039;ACCUEIL<\/span>\n\t\t\t\t\t<\/span>\n\t\t\t\t\t<\/a>\n\t\t\t\t<\/div>\n\t\t\t\t\t\t\t\t<\/div>\n\t\t\t\t<\/div>\n\t\t\t\t<\/div>\n\t\t<div class=\"elementor-element elementor-element-fbabb08 e-flex e-con-boxed e-con e-parent\" data-id=\"fbabb08\" data-element_type=\"container\" data-e-type=\"container\" data-settings=\"{&quot;background_background&quot;:&quot;classic&quot;}\">\n\t\t\t\t\t<div class=\"e-con-inner\">\n\t\t\t\t<div class=\"elementor-element elementor-element-87984eb elementor-widget elementor-widget-heading\" data-id=\"87984eb\" data-element_type=\"widget\" data-e-type=\"widget\" data-widget_type=\"heading.default\">\n\t\t\t\t<div class=\"elementor-widget-container\">\n\t\t\t\t\t<h1 class=\"elementor-heading-title elementor-size-default\">Avec plus de 200 brevets \u00e0 son actif, rencontrez l'inventeur et PDG David Schmidt.<\/h1>\t\t\t\t<\/div>\n\t\t\t\t<\/div>\n\t\t\t\t<div class=\"elementor-element elementor-element-58ac19f elementor-widget elementor-widget-heading\" data-id=\"58ac19f\" data-element_type=\"widget\" data-e-type=\"widget\" data-widget_type=\"heading.default\">\n\t\t\t\t<div class=\"elementor-widget-container\">\n\t\t\t\t\t<h3 class=\"elementor-heading-title elementor-size-default\">LifeWave a \u00e9t\u00e9 fond\u00e9e en 2004 par l'entrepreneur et inventeur David Schmidt.<\/h3>\t\t\t\t<\/div>\n\t\t\t\t<\/div>\n\t\t<div class=\"elementor-element elementor-element-c2a85e3 e-flex e-con-boxed e-con e-child\" data-id=\"c2a85e3\" data-element_type=\"container\" data-e-type=\"container\">\n\t\t\t\t\t<div class=\"e-con-inner\">\n\t\t<div class=\"elementor-element elementor-element-05d6793 e-con-full e-flex e-con e-child\" data-id=\"05d6793\" data-element_type=\"container\" data-e-type=\"container\">\n\t\t\t\t<div class=\"elementor-element elementor-element-c9edb01 elementor-widget elementor-widget-text-editor\" data-id=\"c9edb01\" data-element_type=\"widget\" data-e-type=\"widget\" data-widget_type=\"text-editor.default\">\n\t\t\t\t<div class=\"elementor-widget-container\">\n\t\t\t\t\t\t\t\t\t<p>Avant 2004, David d\u00e9veloppait des moteurs de fus\u00e9e.<\/p><p>Alors qu'il travaillait avec l'arm\u00e9e am\u00e9ricaine, David a \u00e9t\u00e9 sollicit\u00e9 par les Navy Seals pour cr\u00e9er une nouvelle technologie permettant aux troupes de rester \u00e9veill\u00e9es la nuit sans avoir recours \u00e0 des stimulants.<\/p><p>David a commenc\u00e9 \u00e0 d\u00e9velopper le <strong>Patch d'am\u00e9lioration de l'\u00e9nergie<\/strong>, Une nouvelle technologie d'\u00e9clairage pour les Navy Seals \u00e9tait n\u00e9e.<\/p><p>Mais les gens ne comprenaient pas le fonctionnement de la technologie de la lumi\u00e8re et l'entreprise n'a g\u00e9n\u00e9r\u00e9 qu'un chiffre d'affaires de 1,5 milliard d'euros. <strong>50 millions d'euros<\/strong> par an et est rest\u00e9e faible pendant plusieurs ann\u00e9es.<\/p>\t\t\t\t\t\t\t\t<\/div>\n\t\t\t\t<\/div>\n\t\t\t\t<\/div>\n\t\t<div class=\"elementor-element elementor-element-5c859d2 e-con-full e-flex e-con e-child\" data-id=\"5c859d2\" data-element_type=\"container\" data-e-type=\"container\">\n\t\t\t\t<div class=\"elementor-element elementor-element-2420756 elementor-widget elementor-widget-video\" data-id=\"2420756\" data-element_type=\"widget\" data-e-type=\"widget\" data-settings=\"{&quot;video_type&quot;:&quot;vimeo&quot;,&quot;show_image_overlay&quot;:&quot;yes&quot;,&quot;image_overlay&quot;:{&quot;url&quot;:&quot;https:\\\/\\\/startx39now.com\\\/wp-content\\\/uploads\\\/2025\\\/11\\\/MeetDavid-thumb.png&quot;,&quot;id&quot;:10575,&quot;size&quot;:&quot;&quot;,&quot;alt&quot;:&quot;&quot;,&quot;source&quot;:&quot;library&quot;}}\" data-no-translation=\"\" data-widget_type=\"video.default\">\n\t\t\t\t<div class=\"elementor-widget-container\">\n\t\t\t\t\t<style>.elementor-element-2420756{display:none !important}<\/style>\t\t\t\t<\/div>\n\t\t\t\t<\/div>\n\t\t\t\t<div class=\"elementor-element elementor-element-4b84bc6 elementor-widget elementor-widget-video\" data-id=\"4b84bc6\" data-element_type=\"widget\" data-e-type=\"widget\" data-settings=\"{&quot;video_type&quot;:&quot;vimeo&quot;,&quot;show_image_overlay&quot;:&quot;yes&quot;,&quot;image_overlay&quot;:{&quot;url&quot;:&quot;https:\\\/\\\/startx39now.com\\\/wp-content\\\/uploads\\\/2025\\\/11\\\/MeetDavid-Spanish-thumb.png&quot;,&quot;id&quot;:10574,&quot;size&quot;:&quot;&quot;,&quot;alt&quot;:&quot;&quot;,&quot;source&quot;:&quot;library&quot;}}\" data-no-translation=\"\" data-widget_type=\"video.default\">\n\t\t\t\t<div class=\"elementor-widget-container\">\n\t\t\t\t\t<style>.elementor-element-4b84bc6{display:none !important}<\/style>\t\t\t\t<\/div>\n\t\t\t\t<\/div>\n\t\t\t\t<div class=\"elementor-element elementor-element-cfcc3fa elementor-widget__width-inherit elementor-widget elementor-widget-pp-video\" data-id=\"cfcc3fa\" data-element_type=\"widget\" data-e-type=\"widget\" data-no-translation=\"\" data-widget_type=\"pp-video.default\">\n\t\t\t\t<div class=\"elementor-widget-container\">\n\t\t\t\t\t<style>.elementor-element-cfcc3fa{display:none !important}<\/style>\t\t\t\t<\/div>\n\t\t\t\t<\/div>\n\t\t\t\t<\/div>\n\t\t\t\t\t<\/div>\n\t\t\t\t<\/div>\n\t\t<div class=\"elementor-element elementor-element-03bb62d e-flex e-con-boxed e-con e-child\" data-id=\"03bb62d\" data-element_type=\"container\" data-e-type=\"container\">\n\t\t\t\t\t<div class=\"e-con-inner\">\n\t\t<div class=\"elementor-element elementor-element-29d88ac e-con-full e-flex e-con e-child\" data-id=\"29d88ac\" data-element_type=\"container\" data-e-type=\"container\" data-settings=\"{&quot;background_background&quot;:&quot;classic&quot;}\">\n\t\t\t\t<div class=\"elementor-element elementor-element-2627481 elementor-widget elementor-widget-image\" data-id=\"2627481\" data-element_type=\"widget\" data-e-type=\"widget\" data-widget_type=\"image.default\">\n\t\t\t\t<div class=\"elementor-widget-container\">\n\t\t\t\t\t\t\t\t\t\t\t\t\t\t\t<img fetchpriority=\"high\" decoding=\"async\" width=\"946\" height=\"719\" src=\"https:\/\/startx39now.com\/wp-content\/uploads\/2025\/04\/3000PercentGrowth-2018-2024.png\" class=\"attachment-large size-large wp-image-7946\" alt=\"\" srcset=\"https:\/\/startx39now.com\/wp-content\/uploads\/2025\/04\/3000PercentGrowth-2018-2024.png 946w, https:\/\/startx39now.com\/wp-content\/uploads\/2025\/04\/3000PercentGrowth-2018-2024-300x228.png 300w, https:\/\/startx39now.com\/wp-content\/uploads\/2025\/04\/3000PercentGrowth-2018-2024-768x584.png 768w\" sizes=\"(max-width: 946px) 100vw, 946px\" \/>\t\t\t\t\t\t\t\t\t\t\t\t\t\t\t<\/div>\n\t\t\t\t<\/div>\n\t\t\t\t<\/div>\n\t\t<div class=\"elementor-element elementor-element-1050a23 e-flex e-con-boxed e-con e-child\" data-id=\"1050a23\" data-element_type=\"container\" data-e-type=\"container\">\n\t\t\t\t\t<div class=\"e-con-inner\">\n\t\t\t\t<div class=\"elementor-element elementor-element-8bbeb17 elementor-widget elementor-widget-text-editor\" data-id=\"8bbeb17\" data-element_type=\"widget\" data-e-type=\"widget\" data-widget_type=\"text-editor.default\">\n\t\t\t\t<div class=\"elementor-widget-container\">\n\t\t\t\t\t\t\t\t\t<p>En 2008, David a \u00e9t\u00e9 invit\u00e9 par l'universit\u00e9 nationale d'Irlande \u00e0 effectuer des recherches sur les th\u00e8mes suivants <strong>Fonction des cellules souches<\/strong> chez l'homme et l'animal.<\/p><p><span style=\"font-style: inherit; font-weight: inherit;\">Apr\u00e8s 10 ans de recherche sur les <\/span><strong style=\"font-style: inherit;\">70 brevets mondiaux<\/strong><span style=\"font-style: inherit; font-weight: inherit;\"> ont \u00e9t\u00e9 \u00e9mises sur ses dispositifs m\u00e9dicaux.<\/span><\/p><p>En 2018, David Schmidt a brevet\u00e9 et introduit la technologie <strong>Le patch X39 de LifeWave !<\/strong><\/p><p>Le monde \u00e9tait maintenant pr\u00eat pour <strong>une technologie abordable, s\u00fbre et non invasive<\/strong> dont il a \u00e9t\u00e9 prouv\u00e9 qu'elle activait leurs propres cellules souches.<\/p><p>Aujourd'hui, la soci\u00e9t\u00e9 LifeWave g\u00e9n\u00e8re plus de <strong>600 millions de dollars<\/strong> dans le domaine des ventes, a connu <strong>43% croissance<\/strong> ann\u00e9e apr\u00e8s ann\u00e9e et se trouve dans la <strong>25 premi\u00e8res entreprises<\/strong> dans notre secteur.<\/p><p>LifeWave est en <strong>MOMENTUM<\/strong> aujourd'hui, parce que le produit fonctionne !<\/p>\t\t\t\t\t\t\t\t<\/div>\n\t\t\t\t<\/div>\n\t\t\t\t\t<\/div>\n\t\t\t\t<\/div>\n\t\t\t\t\t<\/div>\n\t\t\t\t<\/div>\n\t\t\t\t\t<\/div>\n\t\t\t\t<\/div>\n\t\t<div class=\"elementor-element elementor-element-1c2a504 e-flex e-con-boxed e-con e-parent\" data-id=\"1c2a504\" data-element_type=\"container\" data-e-type=\"container\" data-settings=\"{&quot;background_background&quot;:&quot;classic&quot;}\">\n\t\t\t\t\t<div class=\"e-con-inner\">\n\t\t<div class=\"elementor-element elementor-element-8392716 e-con-full e-flex e-con e-child\" data-id=\"8392716\" data-element_type=\"container\" data-e-type=\"container\">\n\t\t\t\t<div class=\"elementor-element elementor-element-93aae10 elementor-widget elementor-widget-heading\" data-id=\"93aae10\" data-element_type=\"widget\" data-e-type=\"widget\" data-widget_type=\"heading.default\">\n\t\t\t\t<div class=\"elementor-widget-container\">\n\t\t\t\t\t<p class=\"elementor-heading-title elementor-size-default\">Avertissement : nos patchs sont bas\u00e9s sur la th\u00e9orie de la phototh\u00e9rapie.<br>Les patchs n'ont pas fait leurs preuves selon les normes de la m\u00e9decine conventionnelle et ne doivent pas \u00eatre utilis\u00e9s \u00e0 la place d'un traitement m\u00e9dical.<\/p>\t\t\t\t<\/div>\n\t\t\t\t<\/div>\n\t\t\t\t<div class=\"elementor-element elementor-element-a10693d elementor-widget elementor-widget-heading\" data-id=\"a10693d\" data-element_type=\"widget\" data-e-type=\"widget\" data-widget_type=\"heading.default\">\n\t\t\t\t<div class=\"elementor-widget-container\">\n\t\t\t\t\t<p class=\"elementor-heading-title elementor-size-default\">Les d\u00e9clarations relatives aux produits LifeWave, aux sites Web ou aux documents associ\u00e9s n'ont pas \u00e9t\u00e9 \u00e9valu\u00e9es par une quelconque autorit\u00e9 r\u00e9glementaire et ne sont pas destin\u00e9es \u00e0 diagnostiquer, traiter, gu\u00e9rir ou pr\u00e9venir une maladie ou un \u00e9tat pathologique. Le contenu pr\u00e9sent\u00e9 est sous forme de r\u00e9sum\u00e9, de nature g\u00e9n\u00e9rale et fourni \u00e0 titre d'information uniquement. Ne n\u00e9gligez pas les conseils m\u00e9dicaux que vous avez re\u00e7us ou que vous tardez \u00e0 obtenir en raison de ce que vous avez lu sur nos sites web ou dans les documents qui y sont associ\u00e9s. Veuillez consulter votre propre m\u00e9decin ou un prestataire de soins de sant\u00e9 appropri\u00e9 en ce qui concerne vos propres sympt\u00f4mes ou conditions m\u00e9dicales, car ces maladies se manifestent g\u00e9n\u00e9ralement par des signes et des sympt\u00f4mes variables. Consultez toujours votre m\u00e9decin ou un autre professionnel de la sant\u00e9 qualifi\u00e9 avant d'entreprendre un nouveau traitement, un nouveau r\u00e9gime ou un nouveau programme de remise en forme. Nous n'assumons aucune responsabilit\u00e9 en cas de dommages ou de blessures \u00e0 des personnes ou \u00e0 des biens r\u00e9sultant de l'utilisation d'un produit, d'une information, d'une id\u00e9e ou d'une instruction contenue dans le mat\u00e9riel qui vous est fourni. Nous nous r\u00e9servons le droit de modifier ou d'interrompre \u00e0 tout moment tout aspect ou toute caract\u00e9ristique de nos informations.<\/p>\t\t\t\t<\/div>\n\t\t\t\t<\/div>\n\t\t\t\t<div class=\"elementor-element elementor-element-7f45e84 elementor-widget elementor-widget-heading\" data-id=\"7f45e84\" data-element_type=\"widget\" data-e-type=\"widget\" data-widget_type=\"heading.default\">\n\t\t\t\t<div class=\"elementor-widget-container\">\n\t\t\t\t\t<p class=\"elementor-heading-title elementor-size-default\">\u00a92026 StartX39Now.com | Tous droits r\u00e9serv\u00e9s.<\/p>\t\t\t\t<\/div>\n\t\t\t\t<\/div>\n\t\t\t\t<\/div>\n\t\t\t\t\t<\/div>\n\t\t\t\t<\/div>\n\t\t\t\t<\/div>","protected":false},"excerpt":{"rendered":"<p>&lt; Back to HOME With over 200 patents to his name, meet the Inventor &amp; CEO David Schmidt LifeWave was founded in 2004 by entrepreneur and inventor David Schmidt. Prior to 2004, David was developing rocket engines. While working with the US Military, David was asked by the Navy Seals to create a new technology [&hellip;]<\/p>\n","protected":false},"author":1,"featured_media":10575,"parent":0,"menu_order":0,"comment_status":"closed","ping_status":"closed","template":"elementor_canvas","meta":{"site-sidebar-layout":"no-sidebar","site-content-layout":"page-builder","ast-site-content-layout":"full-width-container","site-content-style":"unboxed","site-sidebar-style":"unboxed","ast-global-header-display":"disabled","ast-banner-title-visibility":"","ast-main-header-display":"","ast-hfb-above-header-display":"","ast-hfb-below-header-display":"","ast-hfb-mobile-header-display":"","site-post-title":"disabled","ast-breadcrumbs-content":"","ast-featured-img":"disabled","footer-sml-layout":"","ast-disable-related-posts":"","theme-transparent-header-meta":"","adv-header-id-meta":"","stick-header-meta":"","header-above-stick-meta":"","header-main-stick-meta":"","header-below-stick-meta":"","astra-migrate-meta-layouts":"set","ast-page-background-enabled":"default","ast-page-background-meta":{"desktop":{"background-color":"var(--ast-global-color-4)","background-image":"","background-repeat":"repeat","background-position":"center center","background-size":"auto","background-attachment":"scroll","background-type":"","background-media":"","overlay-type":"","overlay-color":"","overlay-opacity":"","overlay-gradient":""},"tablet":{"background-color":"","background-image":"","background-repeat":"repeat","background-position":"center center","background-size":"auto","background-attachment":"scroll","background-type":"","background-media":"","overlay-type":"","overlay-color":"","overlay-opacity":"","overlay-gradient":""},"mobile":{"background-color":"","background-image":"","background-repeat":"repeat","background-position":"center center","background-size":"auto","background-attachment":"scroll","background-type":"","background-media":"","overlay-type":"","overlay-color":"","overlay-opacity":"","overlay-gradient":""}},"ast-content-background-meta":{"desktop":{"background-color":"var(--ast-global-color-5)","background-image":"","background-repeat":"repeat","background-position":"center center","background-size":"auto","background-attachment":"scroll","background-type":"","background-media":"","overlay-type":"","overlay-color":"","overlay-opacity":"","overlay-gradient":""},"tablet":{"background-color":"var(--ast-global-color-5)","background-image":"","background-repeat":"repeat","background-position":"center center","background-size":"auto","background-attachment":"scroll","background-type":"","background-media":"","overlay-type":"","overlay-color":"","overlay-opacity":"","overlay-gradient":""},"mobile":{"background-color":"var(--ast-global-color-5)","background-image":"","background-repeat":"repeat","background-position":"center center","background-size":"auto","background-attachment":"scroll","background-type":"","background-media":"","overlay-type":"","overlay-color":"","overlay-opacity":"","overlay-gradient":""}},"footnotes":""},"class_list":["post-10473","page","type-page","status-publish","has-post-thumbnail","hentry"],"yoast_head":"<!-- This site is optimized with the Yoast SEO plugin v27.4 - https:\/\/yoast.com\/product\/yoast-seo-wordpress\/ -->\n<title>Video 2 (2-Minutes): Meet Owner &amp; Inventor David Schmidt<\/title>\n<meta name=\"description\" content=\"Meet Owner &amp; Inventor David Schmidt\" \/>\n<meta name=\"robots\" content=\"noindex, follow\" \/>\n<meta property=\"og:locale\" content=\"fr_CA\" \/>\n<meta property=\"og:type\" content=\"article\" \/>\n<meta property=\"og:title\" content=\"Video 2 (2-Minutes): Meet Owner &amp; Inventor David Schmidt\" \/>\n<meta property=\"og:description\" content=\"Meet Owner &amp; Inventor David Schmidt\" \/>\n<meta property=\"og:url\" content=\"https:\/\/startx39now.com\/fr\/ds-sur\/\" \/>\n<meta property=\"og:site_name\" content=\"Start X39 Now\" \/>\n<meta property=\"article:modified_time\" content=\"2026-01-26T03:49:04+00:00\" \/>\n<meta property=\"og:image\" content=\"https:\/\/startx39now.com\/wp-content\/uploads\/2025\/11\/MeetDavid-thumb.png\" \/>\n\t<meta property=\"og:image:width\" content=\"1280\" \/>\n\t<meta property=\"og:image:height\" content=\"720\" \/>\n\t<meta property=\"og:image:type\" content=\"image\/png\" \/>\n<meta name=\"twitter:card\" content=\"summary_large_image\" \/>\n<meta name=\"twitter:label1\" content=\"Estimation du temps de lecture\" \/>\n\t<meta name=\"twitter:data1\" content=\"3 minutes\" \/>\n<script type=\"application\/ld+json\" class=\"yoast-schema-graph\">{\"@context\":\"https:\\\/\\\/schema.org\",\"@graph\":[{\"@type\":\"WebPage\",\"@id\":\"https:\\\/\\\/startx39now.com\\\/ds-about\\\/\",\"url\":\"https:\\\/\\\/startx39now.com\\\/ds-about\\\/\",\"name\":\"Video 2 (2-Minutes): Meet Owner & Inventor David Schmidt\",\"isPartOf\":{\"@id\":\"https:\\\/\\\/startx39now.com\\\/#website\"},\"primaryImageOfPage\":{\"@id\":\"https:\\\/\\\/startx39now.com\\\/ds-about\\\/#primaryimage\"},\"image\":{\"@id\":\"https:\\\/\\\/startx39now.com\\\/ds-about\\\/#primaryimage\"},\"thumbnailUrl\":\"https:\\\/\\\/startx39now.com\\\/wp-content\\\/uploads\\\/2025\\\/11\\\/MeetDavid-thumb.png\",\"datePublished\":\"2025-10-30T01:03:41+00:00\",\"dateModified\":\"2026-01-26T03:49:04+00:00\",\"description\":\"Meet Owner & Inventor David Schmidt\",\"breadcrumb\":{\"@id\":\"https:\\\/\\\/startx39now.com\\\/ds-about\\\/#breadcrumb\"},\"inLanguage\":\"fr-CA\",\"potentialAction\":[{\"@type\":\"ReadAction\",\"target\":[\"https:\\\/\\\/startx39now.com\\\/ds-about\\\/\"]}]},{\"@type\":\"ImageObject\",\"inLanguage\":\"fr-CA\",\"@id\":\"https:\\\/\\\/startx39now.com\\\/ds-about\\\/#primaryimage\",\"url\":\"https:\\\/\\\/startx39now.com\\\/wp-content\\\/uploads\\\/2025\\\/11\\\/MeetDavid-thumb.png\",\"contentUrl\":\"https:\\\/\\\/startx39now.com\\\/wp-content\\\/uploads\\\/2025\\\/11\\\/MeetDavid-thumb.png\",\"width\":1280,\"height\":720},{\"@type\":\"BreadcrumbList\",\"@id\":\"https:\\\/\\\/startx39now.com\\\/ds-about\\\/#breadcrumb\",\"itemListElement\":[{\"@type\":\"ListItem\",\"position\":1,\"name\":\"Home\",\"item\":\"https:\\\/\\\/startx39now.com\\\/\"},{\"@type\":\"ListItem\",\"position\":2,\"name\":\"Video 2 &#8211; DS About\"}]},{\"@type\":\"WebSite\",\"@id\":\"https:\\\/\\\/startx39now.com\\\/#website\",\"url\":\"https:\\\/\\\/startx39now.com\\\/\",\"name\":\"Start X39 Now\",\"description\":\"Stem cell activation therapy in a patch. No drugs, no injections, just our body&#039;s own light. Naturally reactivate your stem cells with a simple patch.\",\"potentialAction\":[{\"@type\":\"SearchAction\",\"target\":{\"@type\":\"EntryPoint\",\"urlTemplate\":\"https:\\\/\\\/startx39now.com\\\/?s={search_term_string}\"},\"query-input\":{\"@type\":\"PropertyValueSpecification\",\"valueRequired\":true,\"valueName\":\"search_term_string\"}}],\"inLanguage\":\"fr-CA\"}]}<\/script>\n<!-- \/ Yoast SEO plugin. -->","yoast_head_json":{"title":"Vid\u00e9o 2 (2 minutes) : Rencontre avec le propri\u00e9taire et inventeur David Schmidt","description":"Rencontre avec le propri\u00e9taire et inventeur David Schmidt","robots":{"index":"noindex","follow":"follow"},"og_locale":"fr_CA","og_type":"article","og_title":"Video 2 (2-Minutes): Meet Owner & Inventor David Schmidt","og_description":"Meet Owner & Inventor David Schmidt","og_url":"https:\/\/startx39now.com\/fr\/ds-sur\/","og_site_name":"Start X39 Now","article_modified_time":"2026-01-26T03:49:04+00:00","og_image":[{"width":1280,"height":720,"url":"https:\/\/startx39now.com\/wp-content\/uploads\/2025\/11\/MeetDavid-thumb.png","type":"image\/png"}],"twitter_card":"summary_large_image","twitter_misc":{"Estimation du temps de lecture":"3 minutes"},"schema":{"@context":"https:\/\/schema.org","@graph":[{"@type":"WebPage","@id":"https:\/\/startx39now.com\/ds-about\/","url":"https:\/\/startx39now.com\/ds-about\/","name":"Vid\u00e9o 2 (2 minutes) : Rencontre avec le propri\u00e9taire et inventeur David Schmidt","isPartOf":{"@id":"https:\/\/startx39now.com\/#website"},"primaryImageOfPage":{"@id":"https:\/\/startx39now.com\/ds-about\/#primaryimage"},"image":{"@id":"https:\/\/startx39now.com\/ds-about\/#primaryimage"},"thumbnailUrl":"https:\/\/startx39now.com\/wp-content\/uploads\/2025\/11\/MeetDavid-thumb.png","datePublished":"2025-10-30T01:03:41+00:00","dateModified":"2026-01-26T03:49:04+00:00","description":"Rencontre avec le propri\u00e9taire et inventeur David Schmidt","breadcrumb":{"@id":"https:\/\/startx39now.com\/ds-about\/#breadcrumb"},"inLanguage":"fr-CA","potentialAction":[{"@type":"ReadAction","target":["https:\/\/startx39now.com\/ds-about\/"]}]},{"@type":"ImageObject","inLanguage":"fr-CA","@id":"https:\/\/startx39now.com\/ds-about\/#primaryimage","url":"https:\/\/startx39now.com\/wp-content\/uploads\/2025\/11\/MeetDavid-thumb.png","contentUrl":"https:\/\/startx39now.com\/wp-content\/uploads\/2025\/11\/MeetDavid-thumb.png","width":1280,"height":720},{"@type":"BreadcrumbList","@id":"https:\/\/startx39now.com\/ds-about\/#breadcrumb","itemListElement":[{"@type":"ListItem","position":1,"name":"Home","item":"https:\/\/startx39now.com\/"},{"@type":"ListItem","position":2,"name":"Video 2 &#8211; DS About"}]},{"@type":"WebSite","@id":"https:\/\/startx39now.com\/#website","url":"https:\/\/startx39now.com\/","name":"D\u00e9marrer X39 maintenant","description":"Th\u00e9rapie d'activation des cellules souches dans un patch. Pas de m\u00e9dicaments, pas d'injections, juste la lumi\u00e8re de notre corps. R\u00e9activez naturellement vos cellules souches \u00e0 l'aide d'un simple patch.","potentialAction":[{"@type":"SearchAction","target":{"@type":"EntryPoint","urlTemplate":"https:\/\/startx39now.com\/?s={search_term_string}"},"query-input":{"@type":"PropertyValueSpecification","valueRequired":true,"valueName":"search_term_string"}}],"inLanguage":"fr-CA"}]}},"_links":{"self":[{"href":"https:\/\/startx39now.com\/fr\/wp-json\/wp\/v2\/pages\/10473","targetHints":{"allow":["GET"]}}],"collection":[{"href":"https:\/\/startx39now.com\/fr\/wp-json\/wp\/v2\/pages"}],"about":[{"href":"https:\/\/startx39now.com\/fr\/wp-json\/wp\/v2\/types\/page"}],"author":[{"embeddable":true,"href":"https:\/\/startx39now.com\/fr\/wp-json\/wp\/v2\/users\/1"}],"replies":[{"embeddable":true,"href":"https:\/\/startx39now.com\/fr\/wp-json\/wp\/v2\/comments?post=10473"}],"version-history":[{"count":0,"href":"https:\/\/startx39now.com\/fr\/wp-json\/wp\/v2\/pages\/10473\/revisions"}],"wp:featuredmedia":[{"embeddable":true,"href":"https:\/\/startx39now.com\/fr\/wp-json\/wp\/v2\/media\/10575"}],"wp:attachment":[{"href":"https:\/\/startx39now.com\/fr\/wp-json\/wp\/v2\/media?parent=10473"}],"curies":[{"name":"wp","href":"https:\/\/api.w.org\/{rel}","templated":true}]}}