{"id":9991,"date":"2025-09-20T20:36:12","date_gmt":"2025-09-20T20:36:12","guid":{"rendered":"https:\/\/startx39now.com\/?page_id=9991"},"modified":"2025-09-20T20:43:41","modified_gmt":"2025-09-20T20:43:41","slug":"ghk-cu-super-peptido","status":"publish","type":"page","link":"https:\/\/startx39now.com\/es\/ghk-cu-super-peptide\/","title":{"rendered":"Superp\u00e9ptido GHK-Cu"},"content":{"rendered":"<div data-elementor-type=\"wp-page\" data-elementor-id=\"9991\" class=\"elementor elementor-9991\" data-elementor-post-type=\"page\">\n\t\t\t\t<div class=\"elementor-element elementor-element-e95586e e-con-full e-flex e-con e-parent\" data-id=\"e95586e\" data-element_type=\"container\" data-e-type=\"container\" data-settings=\"{&quot;background_background&quot;:&quot;classic&quot;,&quot;shape_divider_bottom&quot;:&quot;split&quot;}\">\n\t\t\t\t<div class=\"elementor-shape elementor-shape-bottom\" aria-hidden=\"true\" data-negative=\"false\">\n\t\t\t<svg xmlns=\"http:\/\/www.w3.org\/2000\/svg\" viewbox=\"0 0 1000 20\" preserveaspectratio=\"none\">\n\t<path class=\"elementor-shape-fill\" d=\"M0,0v3c0,0,393.8,0,483.4,0c9.2,0,16.6,7.4,16.6,16.6c0-9.1,7.4-16.6,16.6-16.6C606.2,3,1000,3,1000,3V0H0z\"\/>\n<\/svg>\t\t<\/div>\n\t\t\t\t<div class=\"elementor-element elementor-element-4510bae elementor-widget elementor-widget-button\" data-id=\"4510bae\" data-element_type=\"widget\" data-e-type=\"widget\" data-widget_type=\"button.default\">\n\t\t\t\t<div class=\"elementor-widget-container\">\n\t\t\t\t\t\t\t\t\t<div class=\"elementor-button-wrapper\">\n\t\t\t\t\t<a class=\"elementor-button elementor-button-link elementor-size-sm\" href=\"https:\/\/startx39now.com\/es\/casa-x39\/#ghk\">\n\t\t\t\t\t\t<span class=\"elementor-button-content-wrapper\">\n\t\t\t\t\t\t\t\t\t<span class=\"elementor-button-text\">&lt; Volver a INICIO<\/span>\n\t\t\t\t\t<\/span>\n\t\t\t\t\t<\/a>\n\t\t\t\t<\/div>\n\t\t\t\t\t\t\t\t<\/div>\n\t\t\t\t<\/div>\n\t\t\t\t<\/div>\n\t\t<div class=\"elementor-element elementor-element-79e33ce e-flex e-con-boxed e-con e-parent\" data-id=\"79e33ce\" data-element_type=\"container\" data-e-type=\"container\" data-settings=\"{&quot;background_background&quot;:&quot;classic&quot;}\">\n\t\t\t\t\t<div class=\"e-con-inner\">\n\t\t\t\t<div class=\"elementor-element elementor-element-0f13d2b elementor-widget elementor-widget-heading\" data-id=\"0f13d2b\" data-element_type=\"widget\" data-e-type=\"widget\" data-widget_type=\"heading.default\">\n\t\t\t\t<div class=\"elementor-widget-container\">\n\t\t\t\t\t<h1 class=\"elementor-heading-title elementor-size-default\">\u00bfPor qu\u00e9 GHK-Cu se considera el superp\u00e9ptido?<\/h1>\t\t\t\t<\/div>\n\t\t\t\t<\/div>\n\t\t<div class=\"elementor-element elementor-element-48905cd e-flex e-con-boxed e-con e-child\" data-id=\"48905cd\" data-element_type=\"container\" data-e-type=\"container\">\n\t\t\t\t\t<div class=\"e-con-inner\">\n\t\t<div class=\"elementor-element elementor-element-d436512 e-con-full e-flex e-con e-child\" data-id=\"d436512\" data-element_type=\"container\" data-e-type=\"container\">\n\t\t\t\t<div class=\"elementor-element elementor-element-ca5692a elementor-widget elementor-widget-heading\" data-id=\"ca5692a\" data-element_type=\"widget\" data-e-type=\"widget\" data-widget_type=\"heading.default\">\n\t\t\t\t<div class=\"elementor-widget-container\">\n\t\t\t\t\t<h3 class=\"elementor-heading-title elementor-size-default\">Porque es el arma secreta de la salud regenerativa.<\/h3>\t\t\t\t<\/div>\n\t\t\t\t<\/div>\n\t\t\t\t<div class=\"elementor-element elementor-element-aac4d16 elementor-widget elementor-widget-heading\" data-id=\"aac4d16\" data-element_type=\"widget\" data-e-type=\"widget\" data-widget_type=\"heading.default\">\n\t\t\t\t<div class=\"elementor-widget-container\">\n\t\t\t\t\t<h3 class=\"elementor-heading-title elementor-size-default\">GHK-Cu es tu sistema de comunicaci\u00f3n interno. Act\u00faa como un tel\u00e9fono para comunicarse con tus c\u00e9lulas madre viejas y les dice que vuelvan a ser j\u00f3venes.<\/h3>\t\t\t\t<\/div>\n\t\t\t\t<\/div>\n\t\t\t\t<div class=\"elementor-element elementor-element-2f6f0c9 elementor-widget elementor-widget-text-editor\" data-id=\"2f6f0c9\" data-element_type=\"widget\" data-e-type=\"widget\" data-widget_type=\"text-editor.default\">\n\t\t\t\t<div class=\"elementor-widget-container\">\n\t\t\t\t\t\t\t\t\t<p>Estas c\u00e9lulas madre j\u00f3venes reci\u00e9n activadas son pluripotentes, lo que significa que son las \u00fanicas c\u00e9lulas del cuerpo que pueden cambiar. Pueden transformarse en cualquier c\u00e9lula que el cuerpo necesite para repararse.<\/p><p>De hecho, en 24 horas, el P\u00e9ptido de Cobre GHK-Cu restablece 4.000 genes a un estado m\u00e1s joven y saludable, haciendo que sus c\u00e9lulas viejas vuelvan a ser j\u00f3venes.<\/p><p><b><i>Y el ej\u00e9rcito empieza a marchar. . .<\/i><\/b><\/p><p>Aunque no sientas los efectos de inmediato, puedes estar seguro de que tu ej\u00e9rcito de c\u00e9lulas madre est\u00e1 trabajando duro para reparar primero tus problemas m\u00e1s cr\u00edticos antes de pasar a algo que s\u00ed sientas.<\/p><p>Por eso se recomienda llevar el Parche X39 1 mes por cada d\u00e9cada de edad. Tus c\u00e9lulas madre no han funcionado correctamente durante mucho tiempo, y se necesita tiempo para que las nuevas c\u00e9lulas madre vuelvan a estar plenamente activas.<\/p>\t\t\t\t\t\t\t\t<\/div>\n\t\t\t\t<\/div>\n\t\t\t\t<div class=\"elementor-element elementor-element-a020164 elementor-mobile-align-justify elementor-align-justify elementor-widget elementor-widget-button\" data-id=\"a020164\" data-element_type=\"widget\" data-e-type=\"widget\" data-widget_type=\"button.default\">\n\t\t\t\t<div class=\"elementor-widget-container\">\n\t\t\t\t\t\t\t\t\t<div class=\"elementor-button-wrapper\">\n\t\t\t\t\t<a class=\"elementor-button elementor-button-link elementor-size-xl\" href=\"https:\/\/startx39now.com\/es\/age-reversal\/\" target=\"_blank\">\n\t\t\t\t\t\t<span class=\"elementor-button-content-wrapper\">\n\t\t\t\t\t\t<span class=\"elementor-button-icon\">\n\t\t\t\t<i aria-hidden=\"true\" class=\"fas fa-microscope\"><\/i>\t\t\t<\/span>\n\t\t\t\t\t\t\t\t\t<span class=\"elementor-button-text\">M\u00e1s informaci\u00f3n<br>GHK-Cu<\/span>\n\t\t\t\t\t<\/span>\n\t\t\t\t\t<\/a>\n\t\t\t\t<\/div>\n\t\t\t\t\t\t\t\t<\/div>\n\t\t\t\t<\/div>\n\t\t\t\t<div class=\"elementor-element elementor-element-02863f1 elementor-mobile-align-justify elementor-align-justify elementor-widget elementor-widget-button\" data-id=\"02863f1\" data-element_type=\"widget\" data-e-type=\"widget\" data-widget_type=\"button.default\">\n\t\t\t\t<div class=\"elementor-widget-container\">\n\t\t\t\t\t\t\t\t\t<div class=\"elementor-button-wrapper\">\n\t\t\t\t\t<a class=\"elementor-button elementor-button-link elementor-size-sm\" href=\"https:\/\/startx39now.com\/es\/ghk-cu-super-peptide-share\/\" target=\"_blank\">\n\t\t\t\t\t\t<span class=\"elementor-button-content-wrapper\">\n\t\t\t\t\t\t\t\t\t<span class=\"elementor-button-text\">Compartir y enviar GHK-Cu Super Peptide<\/span>\n\t\t\t\t\t<\/span>\n\t\t\t\t\t<\/a>\n\t\t\t\t<\/div>\n\t\t\t\t\t\t\t\t<\/div>\n\t\t\t\t<\/div>\n\t\t\t\t<\/div>\n\t\t<div class=\"elementor-element elementor-element-a02c540 e-flex e-con-boxed e-con e-child\" data-id=\"a02c540\" data-element_type=\"container\" data-e-type=\"container\">\n\t\t\t\t\t<div class=\"e-con-inner\">\n\t\t\t\t<div class=\"elementor-element elementor-element-824ee64 elementor-widget elementor-widget-image\" data-id=\"824ee64\" data-element_type=\"widget\" data-e-type=\"widget\" data-widget_type=\"image.default\">\n\t\t\t\t<div class=\"elementor-widget-container\">\n\t\t\t\t\t\t\t\t\t\t\t\t\t\t\t<img fetchpriority=\"high\" decoding=\"async\" width=\"790\" height=\"1024\" src=\"https:\/\/startx39now.com\/wp-content\/uploads\/2023\/11\/GHK-Cu-diagram-copper-1-790x1024.png\" class=\"attachment-large size-large wp-image-4974\" alt=\"\" srcset=\"https:\/\/startx39now.com\/wp-content\/uploads\/2023\/11\/GHK-Cu-diagram-copper-1-790x1024.png 790w, https:\/\/startx39now.com\/wp-content\/uploads\/2023\/11\/GHK-Cu-diagram-copper-1-231x300.png 231w, https:\/\/startx39now.com\/wp-content\/uploads\/2023\/11\/GHK-Cu-diagram-copper-1-768x996.png 768w, https:\/\/startx39now.com\/wp-content\/uploads\/2023\/11\/GHK-Cu-diagram-copper-1.png 800w\" sizes=\"(max-width: 790px) 100vw, 790px\" \/>\t\t\t\t\t\t\t\t\t\t\t\t\t\t\t<\/div>\n\t\t\t\t<\/div>\n\t\t\t\t\t<\/div>\n\t\t\t\t<\/div>\n\t\t\t\t\t<\/div>\n\t\t\t\t<\/div>\n\t\t\t\t\t<\/div>\n\t\t\t\t<\/div>\n\t\t<div class=\"elementor-element elementor-element-1c2a504 e-flex e-con-boxed e-con e-parent\" data-id=\"1c2a504\" data-element_type=\"container\" data-e-type=\"container\" data-settings=\"{&quot;background_background&quot;:&quot;classic&quot;}\">\n\t\t\t\t\t<div class=\"e-con-inner\">\n\t\t<div class=\"elementor-element elementor-element-8392716 e-con-full e-flex e-con e-child\" data-id=\"8392716\" data-element_type=\"container\" data-e-type=\"container\">\n\t\t\t\t<div class=\"elementor-element elementor-element-93aae10 elementor-widget elementor-widget-heading\" data-id=\"93aae10\" data-element_type=\"widget\" data-e-type=\"widget\" data-widget_type=\"heading.default\">\n\t\t\t\t<div class=\"elementor-widget-container\">\n\t\t\t\t\t<p class=\"elementor-heading-title elementor-size-default\">Descargo de responsabilidad: Nuestros parches se basan en la teor\u00eda de la fototerapia.<br>Los parches no est\u00e1n probados seg\u00fan los est\u00e1ndares de la medicina convencional y no deben utilizarse en lugar de la atenci\u00f3n m\u00e9dica.<\/p>\t\t\t\t<\/div>\n\t\t\t\t<\/div>\n\t\t\t\t<div class=\"elementor-element elementor-element-a10693d elementor-widget elementor-widget-heading\" data-id=\"a10693d\" data-element_type=\"widget\" data-e-type=\"widget\" data-widget_type=\"heading.default\">\n\t\t\t\t<div class=\"elementor-widget-container\">\n\t\t\t\t\t<p class=\"elementor-heading-title elementor-size-default\">Las declaraciones sobre los productos, sitios web o materiales asociados de LifeWave no han sido evaluadas por ninguna autoridad reguladora y no pretenden diagnosticar, tratar, curar o prevenir ninguna enfermedad o condici\u00f3n m\u00e9dica. El contenido presentado es en forma de resumen, es de car\u00e1cter general y se proporciona \u00fanicamente con fines informativos. No desestime ning\u00fan consejo m\u00e9dico que haya recibido ni se demore en buscarlo por algo que haya le\u00eddo en nuestros sitios web o materiales asociados. Consulte a su propio m\u00e9dico o proveedor de atenci\u00f3n sanitaria adecuado con respecto a sus propios s\u00edntomas o afecciones m\u00e9dicas, ya que estas enfermedades suelen presentarse con signos y s\u00edntomas variables. Consulte siempre a su m\u00e9dico o profesional sanitario cualificado antes de iniciar un nuevo tratamiento, dieta o programa de ejercicio f\u00edsico. No asumimos responsabilidad alguna por da\u00f1os o lesiones a personas o bienes derivados del uso de cualquier producto, informaci\u00f3n, idea o instrucci\u00f3n contenida en los materiales que le proporcionamos. Nos reservamos el derecho de cambiar o interrumpir en cualquier momento cualquier aspecto o caracter\u00edstica contenida en nuestra informaci\u00f3n.<\/p>\t\t\t\t<\/div>\n\t\t\t\t<\/div>\n\t\t\t\t<div class=\"elementor-element elementor-element-7f45e84 elementor-widget elementor-widget-heading\" data-id=\"7f45e84\" data-element_type=\"widget\" data-e-type=\"widget\" data-widget_type=\"heading.default\">\n\t\t\t\t<div class=\"elementor-widget-container\">\n\t\t\t\t\t<p class=\"elementor-heading-title elementor-size-default\">\u00a92026 StartX39Now.com | Todos los derechos reservados.<\/p>\t\t\t\t<\/div>\n\t\t\t\t<\/div>\n\t\t\t\t<\/div>\n\t\t\t\t\t<\/div>\n\t\t\t\t<\/div>\n\t\t\t\t<\/div>","protected":false},"excerpt":{"rendered":"<p>&lt; Back to HOME Why is GHK-Cu Considered the Super Peptide? Because it is the secret weapon in regenerative health! GHK-Cu is your internal communication system. It acts like a telephone to communicate with your old stem cells and tells them to turn young again. These newly activated younger stem cells are pluripotent, which means [&hellip;]<\/p>\n","protected":false},"author":1,"featured_media":10027,"parent":0,"menu_order":0,"comment_status":"closed","ping_status":"closed","template":"elementor_canvas","meta":{"site-sidebar-layout":"no-sidebar","site-content-layout":"page-builder","ast-site-content-layout":"full-width-container","site-content-style":"unboxed","site-sidebar-style":"unboxed","ast-global-header-display":"disabled","ast-banner-title-visibility":"","ast-main-header-display":"","ast-hfb-above-header-display":"","ast-hfb-below-header-display":"","ast-hfb-mobile-header-display":"","site-post-title":"disabled","ast-breadcrumbs-content":"","ast-featured-img":"disabled","footer-sml-layout":"","ast-disable-related-posts":"","theme-transparent-header-meta":"","adv-header-id-meta":"","stick-header-meta":"","header-above-stick-meta":"","header-main-stick-meta":"","header-below-stick-meta":"","astra-migrate-meta-layouts":"set","ast-page-background-enabled":"default","ast-page-background-meta":{"desktop":{"background-color":"var(--ast-global-color-4)","background-image":"","background-repeat":"repeat","background-position":"center center","background-size":"auto","background-attachment":"scroll","background-type":"","background-media":"","overlay-type":"","overlay-color":"","overlay-opacity":"","overlay-gradient":""},"tablet":{"background-color":"","background-image":"","background-repeat":"repeat","background-position":"center center","background-size":"auto","background-attachment":"scroll","background-type":"","background-media":"","overlay-type":"","overlay-color":"","overlay-opacity":"","overlay-gradient":""},"mobile":{"background-color":"","background-image":"","background-repeat":"repeat","background-position":"center center","background-size":"auto","background-attachment":"scroll","background-type":"","background-media":"","overlay-type":"","overlay-color":"","overlay-opacity":"","overlay-gradient":""}},"ast-content-background-meta":{"desktop":{"background-color":"var(--ast-global-color-5)","background-image":"","background-repeat":"repeat","background-position":"center center","background-size":"auto","background-attachment":"scroll","background-type":"","background-media":"","overlay-type":"","overlay-color":"","overlay-opacity":"","overlay-gradient":""},"tablet":{"background-color":"var(--ast-global-color-5)","background-image":"","background-repeat":"repeat","background-position":"center center","background-size":"auto","background-attachment":"scroll","background-type":"","background-media":"","overlay-type":"","overlay-color":"","overlay-opacity":"","overlay-gradient":""},"mobile":{"background-color":"var(--ast-global-color-5)","background-image":"","background-repeat":"repeat","background-position":"center center","background-size":"auto","background-attachment":"scroll","background-type":"","background-media":"","overlay-type":"","overlay-color":"","overlay-opacity":"","overlay-gradient":""}},"footnotes":""},"class_list":["post-9991","page","type-page","status-publish","has-post-thumbnail","hentry"],"yoast_head":"<!-- This site is optimized with the Yoast SEO plugin v27.5 - https:\/\/yoast.com\/product\/yoast-seo-wordpress\/ -->\n<title>Why is GHK-Cu Considered the Super Peptid<\/title>\n<meta name=\"description\" content=\"Because it is the secret weapon in regenerative health!\" \/>\n<meta name=\"robots\" content=\"noindex, follow\" \/>\n<meta property=\"og:locale\" content=\"es_MX\" \/>\n<meta property=\"og:type\" content=\"article\" \/>\n<meta property=\"og:title\" content=\"Why is GHK-Cu Considered the Super Peptid\" \/>\n<meta property=\"og:description\" content=\"Because it is the secret weapon in regenerative health!\" \/>\n<meta property=\"og:url\" content=\"https:\/\/startx39now.com\/es\/ghk-cu-super-peptido\/\" \/>\n<meta property=\"og:site_name\" content=\"Start X39 Now\" \/>\n<meta property=\"article:modified_time\" content=\"2025-09-20T20:43:41+00:00\" \/>\n<meta property=\"og:image\" content=\"https:\/\/startx39now.com\/wp-content\/uploads\/2025\/09\/GHK-Peptide-thumb.png\" \/>\n\t<meta property=\"og:image:width\" content=\"1280\" \/>\n\t<meta property=\"og:image:height\" content=\"720\" \/>\n\t<meta property=\"og:image:type\" content=\"image\/png\" \/>\n<meta name=\"twitter:card\" content=\"summary_large_image\" \/>\n<meta name=\"twitter:label1\" content=\"Tiempo de lectura\" \/>\n\t<meta name=\"twitter:data1\" content=\"3 minutos\" \/>\n<script type=\"application\/ld+json\" class=\"yoast-schema-graph\">{\"@context\":\"https:\\\/\\\/schema.org\",\"@graph\":[{\"@type\":\"WebPage\",\"@id\":\"https:\\\/\\\/startx39now.com\\\/ghk-cu-super-peptide\\\/\",\"url\":\"https:\\\/\\\/startx39now.com\\\/ghk-cu-super-peptide\\\/\",\"name\":\"Why is GHK-Cu Considered the Super Peptid\",\"isPartOf\":{\"@id\":\"https:\\\/\\\/startx39now.com\\\/#website\"},\"primaryImageOfPage\":{\"@id\":\"https:\\\/\\\/startx39now.com\\\/ghk-cu-super-peptide\\\/#primaryimage\"},\"image\":{\"@id\":\"https:\\\/\\\/startx39now.com\\\/ghk-cu-super-peptide\\\/#primaryimage\"},\"thumbnailUrl\":\"https:\\\/\\\/startx39now.com\\\/wp-content\\\/uploads\\\/2025\\\/09\\\/GHK-Peptide-thumb.png\",\"datePublished\":\"2025-09-20T20:36:12+00:00\",\"dateModified\":\"2025-09-20T20:43:41+00:00\",\"description\":\"Because it is the secret weapon in regenerative health!\",\"breadcrumb\":{\"@id\":\"https:\\\/\\\/startx39now.com\\\/ghk-cu-super-peptide\\\/#breadcrumb\"},\"inLanguage\":\"es\",\"potentialAction\":[{\"@type\":\"ReadAction\",\"target\":[\"https:\\\/\\\/startx39now.com\\\/ghk-cu-super-peptide\\\/\"]}]},{\"@type\":\"ImageObject\",\"inLanguage\":\"es\",\"@id\":\"https:\\\/\\\/startx39now.com\\\/ghk-cu-super-peptide\\\/#primaryimage\",\"url\":\"https:\\\/\\\/startx39now.com\\\/wp-content\\\/uploads\\\/2025\\\/09\\\/GHK-Peptide-thumb.png\",\"contentUrl\":\"https:\\\/\\\/startx39now.com\\\/wp-content\\\/uploads\\\/2025\\\/09\\\/GHK-Peptide-thumb.png\",\"width\":1280,\"height\":720},{\"@type\":\"BreadcrumbList\",\"@id\":\"https:\\\/\\\/startx39now.com\\\/ghk-cu-super-peptide\\\/#breadcrumb\",\"itemListElement\":[{\"@type\":\"ListItem\",\"position\":1,\"name\":\"Home\",\"item\":\"https:\\\/\\\/startx39now.com\\\/\"},{\"@type\":\"ListItem\",\"position\":2,\"name\":\"GHK-Cu Super Peptide\"}]},{\"@type\":\"WebSite\",\"@id\":\"https:\\\/\\\/startx39now.com\\\/#website\",\"url\":\"https:\\\/\\\/startx39now.com\\\/\",\"name\":\"Start X39 Now\",\"description\":\"Stem cell activation therapy in a patch. No drugs, no injections, just our body&#039;s own light. Naturally reactivate your stem cells with a simple patch.\",\"potentialAction\":[{\"@type\":\"SearchAction\",\"target\":{\"@type\":\"EntryPoint\",\"urlTemplate\":\"https:\\\/\\\/startx39now.com\\\/?s={search_term_string}\"},\"query-input\":{\"@type\":\"PropertyValueSpecification\",\"valueRequired\":true,\"valueName\":\"search_term_string\"}}],\"inLanguage\":\"es\"}]}<\/script>\n<!-- \/ Yoast SEO plugin. -->","yoast_head_json":{"title":"\u00bfPor qu\u00e9 se considera que el GHK-Cu es el superp\u00e9ptido?","description":"Porque es el arma secreta de la salud regenerativa.","robots":{"index":"noindex","follow":"follow"},"og_locale":"es_MX","og_type":"article","og_title":"Why is GHK-Cu Considered the Super Peptid","og_description":"Because it is the secret weapon in regenerative health!","og_url":"https:\/\/startx39now.com\/es\/ghk-cu-super-peptido\/","og_site_name":"Start X39 Now","article_modified_time":"2025-09-20T20:43:41+00:00","og_image":[{"width":1280,"height":720,"url":"https:\/\/startx39now.com\/wp-content\/uploads\/2025\/09\/GHK-Peptide-thumb.png","type":"image\/png"}],"twitter_card":"summary_large_image","twitter_misc":{"Tiempo de lectura":"3 minutos"},"schema":{"@context":"https:\/\/schema.org","@graph":[{"@type":"WebPage","@id":"https:\/\/startx39now.com\/ghk-cu-super-peptide\/","url":"https:\/\/startx39now.com\/ghk-cu-super-peptide\/","name":"\u00bfPor qu\u00e9 se considera que el GHK-Cu es el superp\u00e9ptido?","isPartOf":{"@id":"https:\/\/startx39now.com\/#website"},"primaryImageOfPage":{"@id":"https:\/\/startx39now.com\/ghk-cu-super-peptide\/#primaryimage"},"image":{"@id":"https:\/\/startx39now.com\/ghk-cu-super-peptide\/#primaryimage"},"thumbnailUrl":"https:\/\/startx39now.com\/wp-content\/uploads\/2025\/09\/GHK-Peptide-thumb.png","datePublished":"2025-09-20T20:36:12+00:00","dateModified":"2025-09-20T20:43:41+00:00","description":"Porque es el arma secreta de la salud regenerativa.","breadcrumb":{"@id":"https:\/\/startx39now.com\/ghk-cu-super-peptide\/#breadcrumb"},"inLanguage":"es","potentialAction":[{"@type":"ReadAction","target":["https:\/\/startx39now.com\/ghk-cu-super-peptide\/"]}]},{"@type":"ImageObject","inLanguage":"es","@id":"https:\/\/startx39now.com\/ghk-cu-super-peptide\/#primaryimage","url":"https:\/\/startx39now.com\/wp-content\/uploads\/2025\/09\/GHK-Peptide-thumb.png","contentUrl":"https:\/\/startx39now.com\/wp-content\/uploads\/2025\/09\/GHK-Peptide-thumb.png","width":1280,"height":720},{"@type":"BreadcrumbList","@id":"https:\/\/startx39now.com\/ghk-cu-super-peptide\/#breadcrumb","itemListElement":[{"@type":"ListItem","position":1,"name":"Home","item":"https:\/\/startx39now.com\/"},{"@type":"ListItem","position":2,"name":"GHK-Cu Super Peptide"}]},{"@type":"WebSite","@id":"https:\/\/startx39now.com\/#website","url":"https:\/\/startx39now.com\/","name":"Iniciar X39 ahora","description":"Terapia de activaci\u00f3n de c\u00e9lulas madre en un parche. Sin medicamentos, sin inyecciones, solo con la luz de nuestro propio cuerpo. Reactiva de forma natural tus c\u00e9lulas madre con un simple parche.","potentialAction":[{"@type":"SearchAction","target":{"@type":"EntryPoint","urlTemplate":"https:\/\/startx39now.com\/?s={search_term_string}"},"query-input":{"@type":"PropertyValueSpecification","valueRequired":true,"valueName":"search_term_string"}}],"inLanguage":"es"}]}},"_links":{"self":[{"href":"https:\/\/startx39now.com\/es\/wp-json\/wp\/v2\/pages\/9991","targetHints":{"allow":["GET"]}}],"collection":[{"href":"https:\/\/startx39now.com\/es\/wp-json\/wp\/v2\/pages"}],"about":[{"href":"https:\/\/startx39now.com\/es\/wp-json\/wp\/v2\/types\/page"}],"author":[{"embeddable":true,"href":"https:\/\/startx39now.com\/es\/wp-json\/wp\/v2\/users\/1"}],"replies":[{"embeddable":true,"href":"https:\/\/startx39now.com\/es\/wp-json\/wp\/v2\/comments?post=9991"}],"version-history":[{"count":0,"href":"https:\/\/startx39now.com\/es\/wp-json\/wp\/v2\/pages\/9991\/revisions"}],"wp:featuredmedia":[{"embeddable":true,"href":"https:\/\/startx39now.com\/es\/wp-json\/wp\/v2\/media\/10027"}],"wp:attachment":[{"href":"https:\/\/startx39now.com\/es\/wp-json\/wp\/v2\/media?parent=9991"}],"curies":[{"name":"wp","href":"https:\/\/api.w.org\/{rel}","templated":true}]}}