{"id":9588,"date":"2025-08-13T01:36:35","date_gmt":"2025-08-13T01:36:35","guid":{"rendered":"https:\/\/startx39now.com\/?page_id=9588"},"modified":"2025-08-13T01:39:44","modified_gmt":"2025-08-13T01:39:44","slug":"duo-dinamico-de-video","status":"publish","type":"page","link":"https:\/\/startx39now.com\/es\/video-dynamic-duo\/","title":{"rendered":"V\u00eddeo - D\u00fao din\u00e1mico"},"content":{"rendered":"<div data-elementor-type=\"wp-page\" data-elementor-id=\"9588\" class=\"elementor elementor-9588\" data-elementor-post-type=\"page\">\n\t\t\t\t<div class=\"elementor-element elementor-element-1799673 e-con-full e-flex e-con e-parent\" data-id=\"1799673\" data-element_type=\"container\" data-e-type=\"container\" data-settings=\"{&quot;background_background&quot;:&quot;classic&quot;}\">\n\t\t\t\t<div class=\"elementor-element elementor-element-e33ec9b elementor-widget elementor-widget-button\" data-id=\"e33ec9b\" data-element_type=\"widget\" data-e-type=\"widget\" data-widget_type=\"button.default\">\n\t\t\t\t<div class=\"elementor-widget-container\">\n\t\t\t\t\t\t\t\t\t<div class=\"elementor-button-wrapper\">\n\t\t\t\t\t<a class=\"elementor-button elementor-button-link elementor-size-sm\" href=\"https:\/\/startx39now.com\/es\/casa-x39\/#scitech\">\n\t\t\t\t\t\t<span class=\"elementor-button-content-wrapper\">\n\t\t\t\t\t\t\t\t\t<span class=\"elementor-button-text\">&lt; Volver a INICIO<\/span>\n\t\t\t\t\t<\/span>\n\t\t\t\t\t<\/a>\n\t\t\t\t<\/div>\n\t\t\t\t\t\t\t\t<\/div>\n\t\t\t\t<\/div>\n\t\t\t\t<\/div>\n\t\t<div class=\"elementor-element elementor-element-eb8db77 e-flex e-con-boxed e-con e-parent\" data-id=\"eb8db77\" data-element_type=\"container\" data-e-type=\"container\" data-settings=\"{&quot;background_background&quot;:&quot;classic&quot;}\">\n\t\t\t\t\t<div class=\"e-con-inner\">\n\t\t<div class=\"elementor-element elementor-element-c296bbb e-con-full e-flex e-con e-child\" data-id=\"c296bbb\" data-element_type=\"container\" data-e-type=\"container\">\n\t\t\t\t<div class=\"elementor-element elementor-element-062a825 elementor-widget elementor-widget-heading\" data-id=\"062a825\" data-element_type=\"widget\" data-e-type=\"widget\" data-widget_type=\"heading.default\">\n\t\t\t\t<div class=\"elementor-widget-container\">\n\t\t\t\t\t<h2 class=\"elementor-heading-title elementor-size-default\">Dra. Patty DiBlasio: 1 hora<\/h2>\t\t\t\t<\/div>\n\t\t\t\t<\/div>\n\t\t\t\t<div class=\"elementor-element elementor-element-663f6f4 elementor-widget elementor-widget-heading\" data-id=\"663f6f4\" data-element_type=\"widget\" data-e-type=\"widget\" data-widget_type=\"heading.default\">\n\t\t\t\t<div class=\"elementor-widget-container\">\n\t\t\t\t\t<h1 class=\"elementor-heading-title elementor-size-default\">El D\u00fao Din\u00e1mico - X39 &amp; Aeon<\/h1>\t\t\t\t<\/div>\n\t\t\t\t<\/div>\n\t\t\t\t<div class=\"elementor-element elementor-element-d32ad2a elementor-widget elementor-widget-heading\" data-id=\"d32ad2a\" data-element_type=\"widget\" data-e-type=\"widget\" data-widget_type=\"heading.default\">\n\t\t\t\t<div class=\"elementor-widget-container\">\n\t\t\t\t\t<h4 class=\"elementor-heading-title elementor-size-default\"><a href=\"https:\/\/youtu.be\/qJ3hwAer6mE\" target=\"_blank\">Comparte el enlace del video: https:\/\/youtu.be\/qJ3hwAer6mE<\/a><\/h4>\t\t\t\t<\/div>\n\t\t\t\t<\/div>\n\t\t\t\t<div class=\"elementor-element elementor-element-cd9dced elementor-widget__width-inherit elementor-widget elementor-widget-pp-video\" data-id=\"cd9dced\" data-element_type=\"widget\" data-e-type=\"widget\" data-widget_type=\"pp-video.default\">\n\t\t\t\t<div class=\"elementor-widget-container\">\n\t\t\t\t\t\t\t<div class=\"pp-video pp-video-type-youtube\" data-settings=\"{&quot;post_id&quot;:9588,&quot;widget_id&quot;:&quot;cd9dced&quot;}\">\n\t\t\t\t\t<div class=\"pp-video-container\">\n\t\t\t<div class=\"pp-video-play\" data-autoplay=\"0\">\n\t\t\t\t<div class=\"pp-media-overlay pp-video-overlay\"><\/div>\t\t\t\t<div class=\"pp-video-player\" data-src=\"https:\/\/www.youtube.com\/embed\/qJ3hwAer6mE?feature=oembed&amp;autoplay=1&amp;wmode=opaque&amp;start=0&amp;end=0&amp;loop=0&amp;controls=1&amp;mute=0&amp;rel=0&amp;cc_load_policy=0\">\n\t\t\t\t\t\t\t\t\t\t\t\t\t<img decoding=\"async\" class=\"pp-video-thumb\" src=\"https:\/\/i.ytimg.com\/vi\/qJ3hwAer6mE\/maxresdefault.jpg\" alt=\"\">\n\t\t\t\t\t\t\t\t\t\t\t<span class=\"pp-video-play-icon\">\n\t\t\t\t<i aria-hidden=\"true\" class=\"fas fa-play-circle\"><\/i>\t\t\t<\/span>\n\t\t\t\t\t\t\t<\/div>\n\t\t\t<\/div>\n\t\t<\/div>\n\t\t\t\t<\/div>\n\t\t\t\t\t\t<\/div>\n\t\t\t\t<\/div>\n\t\t\t\t<\/div>\n\t\t\t\t\t<\/div>\n\t\t\t\t<\/div>\n\t\t\t\t<\/div>","protected":false},"excerpt":{"rendered":"<p>&lt; Volver a INICIO Dra. Patty DiBlasio \u2013 1 hora El D\u00fao Din\u00e1mico \u2013 X39 y Aeon Compartir enlace de video: https:\/\/youtu.be\/qJ3hwAer6mE<\/p>","protected":false},"author":1,"featured_media":9596,"parent":0,"menu_order":0,"comment_status":"closed","ping_status":"closed","template":"","meta":{"site-sidebar-layout":"no-sidebar","site-content-layout":"page-builder","ast-site-content-layout":"full-width-container","site-content-style":"default","site-sidebar-style":"default","ast-global-header-display":"","ast-banner-title-visibility":"","ast-main-header-display":"","ast-hfb-above-header-display":"","ast-hfb-below-header-display":"","ast-hfb-mobile-header-display":"","site-post-title":"disabled","ast-breadcrumbs-content":"","ast-featured-img":"disabled","footer-sml-layout":"","ast-disable-related-posts":"","theme-transparent-header-meta":"","adv-header-id-meta":"","stick-header-meta":"","header-above-stick-meta":"","header-main-stick-meta":"","header-below-stick-meta":"","astra-migrate-meta-layouts":"set","ast-page-background-enabled":"default","ast-page-background-meta":{"desktop":{"background-color":"var(--ast-global-color-4)","background-image":"","background-repeat":"repeat","background-position":"center center","background-size":"auto","background-attachment":"scroll","background-type":"","background-media":"","overlay-type":"","overlay-color":"","overlay-opacity":"","overlay-gradient":""},"tablet":{"background-color":"","background-image":"","background-repeat":"repeat","background-position":"center center","background-size":"auto","background-attachment":"scroll","background-type":"","background-media":"","overlay-type":"","overlay-color":"","overlay-opacity":"","overlay-gradient":""},"mobile":{"background-color":"","background-image":"","background-repeat":"repeat","background-position":"center center","background-size":"auto","background-attachment":"scroll","background-type":"","background-media":"","overlay-type":"","overlay-color":"","overlay-opacity":"","overlay-gradient":""}},"ast-content-background-meta":{"desktop":{"background-color":"var(--ast-global-color-5)","background-image":"","background-repeat":"repeat","background-position":"center center","background-size":"auto","background-attachment":"scroll","background-type":"","background-media":"","overlay-type":"","overlay-color":"","overlay-opacity":"","overlay-gradient":""},"tablet":{"background-color":"var(--ast-global-color-5)","background-image":"","background-repeat":"repeat","background-position":"center center","background-size":"auto","background-attachment":"scroll","background-type":"","background-media":"","overlay-type":"","overlay-color":"","overlay-opacity":"","overlay-gradient":""},"mobile":{"background-color":"var(--ast-global-color-5)","background-image":"","background-repeat":"repeat","background-position":"center center","background-size":"auto","background-attachment":"scroll","background-type":"","background-media":"","overlay-type":"","overlay-color":"","overlay-opacity":"","overlay-gradient":""}},"footnotes":""},"class_list":["post-9588","page","type-page","status-publish","has-post-thumbnail","hentry"],"yoast_head":"<!-- This site is optimized with the Yoast SEO plugin v27.5 - https:\/\/yoast.com\/product\/yoast-seo-wordpress\/ -->\n<title>Video - Dynamic Duo - Start X39 Now<\/title>\n<meta name=\"robots\" content=\"noindex, follow\" \/>\n<meta property=\"og:locale\" content=\"es_MX\" \/>\n<meta property=\"og:type\" content=\"article\" \/>\n<meta property=\"og:title\" content=\"Video - Dynamic Duo - Start X39 Now\" \/>\n<meta property=\"og:description\" content=\"&lt; Back to HOME Patty DiBlasio, MD &#8211; 1 hour The Dynamic Duo &#8211; X39 &amp; Aeon Share the Video Link: https:\/\/youtu.be\/qJ3hwAer6mE\" \/>\n<meta property=\"og:url\" content=\"https:\/\/startx39now.com\/es\/duo-dinamico-de-video\/\" \/>\n<meta property=\"og:site_name\" content=\"Start X39 Now\" \/>\n<meta property=\"article:modified_time\" content=\"2025-08-13T01:39:44+00:00\" \/>\n<meta property=\"og:image\" content=\"https:\/\/startx39now.com\/wp-content\/uploads\/2025\/08\/Video-DynamicDuo-thumb.jpg\" \/>\n\t<meta property=\"og:image:width\" content=\"1280\" \/>\n\t<meta property=\"og:image:height\" content=\"720\" \/>\n\t<meta property=\"og:image:type\" content=\"image\/jpeg\" \/>\n<meta name=\"twitter:card\" content=\"summary_large_image\" \/>\n<meta name=\"twitter:label1\" content=\"Tiempo de lectura\" \/>\n\t<meta name=\"twitter:data1\" content=\"1 minuto\" \/>\n<script type=\"application\/ld+json\" class=\"yoast-schema-graph\">{\"@context\":\"https:\\\/\\\/schema.org\",\"@graph\":[{\"@type\":\"WebPage\",\"@id\":\"https:\\\/\\\/startx39now.com\\\/video-dynamic-duo\\\/\",\"url\":\"https:\\\/\\\/startx39now.com\\\/video-dynamic-duo\\\/\",\"name\":\"Video - Dynamic Duo - Start X39 Now\",\"isPartOf\":{\"@id\":\"https:\\\/\\\/startx39now.com\\\/#website\"},\"primaryImageOfPage\":{\"@id\":\"https:\\\/\\\/startx39now.com\\\/video-dynamic-duo\\\/#primaryimage\"},\"image\":{\"@id\":\"https:\\\/\\\/startx39now.com\\\/video-dynamic-duo\\\/#primaryimage\"},\"thumbnailUrl\":\"https:\\\/\\\/startx39now.com\\\/wp-content\\\/uploads\\\/2025\\\/08\\\/Video-DynamicDuo-thumb.jpg\",\"datePublished\":\"2025-08-13T01:36:35+00:00\",\"dateModified\":\"2025-08-13T01:39:44+00:00\",\"breadcrumb\":{\"@id\":\"https:\\\/\\\/startx39now.com\\\/video-dynamic-duo\\\/#breadcrumb\"},\"inLanguage\":\"es\",\"potentialAction\":[{\"@type\":\"ReadAction\",\"target\":[\"https:\\\/\\\/startx39now.com\\\/video-dynamic-duo\\\/\"]}]},{\"@type\":\"ImageObject\",\"inLanguage\":\"es\",\"@id\":\"https:\\\/\\\/startx39now.com\\\/video-dynamic-duo\\\/#primaryimage\",\"url\":\"https:\\\/\\\/startx39now.com\\\/wp-content\\\/uploads\\\/2025\\\/08\\\/Video-DynamicDuo-thumb.jpg\",\"contentUrl\":\"https:\\\/\\\/startx39now.com\\\/wp-content\\\/uploads\\\/2025\\\/08\\\/Video-DynamicDuo-thumb.jpg\",\"width\":1280,\"height\":720},{\"@type\":\"BreadcrumbList\",\"@id\":\"https:\\\/\\\/startx39now.com\\\/video-dynamic-duo\\\/#breadcrumb\",\"itemListElement\":[{\"@type\":\"ListItem\",\"position\":1,\"name\":\"Home\",\"item\":\"https:\\\/\\\/startx39now.com\\\/\"},{\"@type\":\"ListItem\",\"position\":2,\"name\":\"Video &#8211; Dynamic Duo\"}]},{\"@type\":\"WebSite\",\"@id\":\"https:\\\/\\\/startx39now.com\\\/#website\",\"url\":\"https:\\\/\\\/startx39now.com\\\/\",\"name\":\"Start X39 Now\",\"description\":\"Stem cell activation therapy in a patch. No drugs, no injections, just our body&#039;s own light. Naturally reactivate your stem cells with a simple patch.\",\"potentialAction\":[{\"@type\":\"SearchAction\",\"target\":{\"@type\":\"EntryPoint\",\"urlTemplate\":\"https:\\\/\\\/startx39now.com\\\/?s={search_term_string}\"},\"query-input\":{\"@type\":\"PropertyValueSpecification\",\"valueRequired\":true,\"valueName\":\"search_term_string\"}}],\"inLanguage\":\"es\"}]}<\/script>\n<!-- \/ Yoast SEO plugin. -->","yoast_head_json":{"title":"Video - D\u00fao din\u00e1mico - Comience X39 ahora","robots":{"index":"noindex","follow":"follow"},"og_locale":"es_MX","og_type":"article","og_title":"Video - Dynamic Duo - Start X39 Now","og_description":"&lt; Back to HOME Patty DiBlasio, MD &#8211; 1 hour The Dynamic Duo &#8211; X39 &amp; Aeon Share the Video Link: https:\/\/youtu.be\/qJ3hwAer6mE","og_url":"https:\/\/startx39now.com\/es\/duo-dinamico-de-video\/","og_site_name":"Start X39 Now","article_modified_time":"2025-08-13T01:39:44+00:00","og_image":[{"width":1280,"height":720,"url":"https:\/\/startx39now.com\/wp-content\/uploads\/2025\/08\/Video-DynamicDuo-thumb.jpg","type":"image\/jpeg"}],"twitter_card":"summary_large_image","twitter_misc":{"Tiempo de lectura":"1 minuto"},"schema":{"@context":"https:\/\/schema.org","@graph":[{"@type":"WebPage","@id":"https:\/\/startx39now.com\/video-dynamic-duo\/","url":"https:\/\/startx39now.com\/video-dynamic-duo\/","name":"Video - D\u00fao din\u00e1mico - Comience X39 ahora","isPartOf":{"@id":"https:\/\/startx39now.com\/#website"},"primaryImageOfPage":{"@id":"https:\/\/startx39now.com\/video-dynamic-duo\/#primaryimage"},"image":{"@id":"https:\/\/startx39now.com\/video-dynamic-duo\/#primaryimage"},"thumbnailUrl":"https:\/\/startx39now.com\/wp-content\/uploads\/2025\/08\/Video-DynamicDuo-thumb.jpg","datePublished":"2025-08-13T01:36:35+00:00","dateModified":"2025-08-13T01:39:44+00:00","breadcrumb":{"@id":"https:\/\/startx39now.com\/video-dynamic-duo\/#breadcrumb"},"inLanguage":"es","potentialAction":[{"@type":"ReadAction","target":["https:\/\/startx39now.com\/video-dynamic-duo\/"]}]},{"@type":"ImageObject","inLanguage":"es","@id":"https:\/\/startx39now.com\/video-dynamic-duo\/#primaryimage","url":"https:\/\/startx39now.com\/wp-content\/uploads\/2025\/08\/Video-DynamicDuo-thumb.jpg","contentUrl":"https:\/\/startx39now.com\/wp-content\/uploads\/2025\/08\/Video-DynamicDuo-thumb.jpg","width":1280,"height":720},{"@type":"BreadcrumbList","@id":"https:\/\/startx39now.com\/video-dynamic-duo\/#breadcrumb","itemListElement":[{"@type":"ListItem","position":1,"name":"Home","item":"https:\/\/startx39now.com\/"},{"@type":"ListItem","position":2,"name":"Video &#8211; Dynamic Duo"}]},{"@type":"WebSite","@id":"https:\/\/startx39now.com\/#website","url":"https:\/\/startx39now.com\/","name":"Iniciar X39 ahora","description":"Terapia de activaci\u00f3n de c\u00e9lulas madre en un parche. Sin medicamentos, sin inyecciones, solo con la luz de nuestro propio cuerpo. Reactiva de forma natural tus c\u00e9lulas madre con un simple parche.","potentialAction":[{"@type":"SearchAction","target":{"@type":"EntryPoint","urlTemplate":"https:\/\/startx39now.com\/?s={search_term_string}"},"query-input":{"@type":"PropertyValueSpecification","valueRequired":true,"valueName":"search_term_string"}}],"inLanguage":"es"}]}},"_links":{"self":[{"href":"https:\/\/startx39now.com\/es\/wp-json\/wp\/v2\/pages\/9588","targetHints":{"allow":["GET"]}}],"collection":[{"href":"https:\/\/startx39now.com\/es\/wp-json\/wp\/v2\/pages"}],"about":[{"href":"https:\/\/startx39now.com\/es\/wp-json\/wp\/v2\/types\/page"}],"author":[{"embeddable":true,"href":"https:\/\/startx39now.com\/es\/wp-json\/wp\/v2\/users\/1"}],"replies":[{"embeddable":true,"href":"https:\/\/startx39now.com\/es\/wp-json\/wp\/v2\/comments?post=9588"}],"version-history":[{"count":0,"href":"https:\/\/startx39now.com\/es\/wp-json\/wp\/v2\/pages\/9588\/revisions"}],"wp:featuredmedia":[{"embeddable":true,"href":"https:\/\/startx39now.com\/es\/wp-json\/wp\/v2\/media\/9596"}],"wp:attachment":[{"href":"https:\/\/startx39now.com\/es\/wp-json\/wp\/v2\/media?parent=9588"}],"curies":[{"name":"wp","href":"https:\/\/api.w.org\/{rel}","templated":true}]}}