{"id":4898,"date":"2023-11-25T20:56:20","date_gmt":"2023-11-25T20:56:20","guid":{"rendered":"https:\/\/startx39now.com\/?page_id=4898"},"modified":"2023-12-28T03:13:49","modified_gmt":"2023-12-28T03:13:49","slug":"la-ciencia-detras-de-x39","status":"publish","type":"page","link":"https:\/\/startx39now.com\/es\/science-behind-x39\/","title":{"rendered":"La ciencia detr\u00e1s de X39"},"content":{"rendered":"<div data-elementor-type=\"wp-page\" data-elementor-id=\"4898\" class=\"elementor elementor-4898\" data-elementor-post-type=\"page\">\n\t\t\t\t<div class=\"elementor-element elementor-element-1304798 e-flex e-con-boxed e-con e-parent\" data-id=\"1304798\" data-element_type=\"container\" data-e-type=\"container\" data-settings=\"{&quot;background_background&quot;:&quot;classic&quot;,&quot;shape_divider_bottom&quot;:&quot;split&quot;,&quot;shape_divider_bottom_negative&quot;:&quot;yes&quot;}\">\n\t\t\t\t\t<div class=\"e-con-inner\">\n\t\t\t\t<div class=\"elementor-shape elementor-shape-bottom\" aria-hidden=\"true\" data-negative=\"true\">\n\t\t\t<svg xmlns=\"http:\/\/www.w3.org\/2000\/svg\" viewbox=\"0 0 1000 20\" preserveaspectratio=\"none\">\n\t<path class=\"elementor-shape-fill\" d=\"M519.8,0.2c-11,0-19.8,8.5-19.8,19c0-10.4-8.8-19-19.8-19L0,0v20h1000V0.2H519.8z\"\/>\n<\/svg>\t\t<\/div>\n\t\t<div class=\"elementor-element elementor-element-7bb1bc5e e-con-full e-flex e-con e-child\" data-id=\"7bb1bc5e\" data-element_type=\"container\" data-e-type=\"container\">\n\t\t\t\t<div class=\"elementor-element elementor-element-3d8dab94 elementor-widget elementor-widget-heading\" data-id=\"3d8dab94\" data-element_type=\"widget\" data-e-type=\"widget\" data-widget_type=\"heading.default\">\n\t\t\t\t<div class=\"elementor-widget-container\">\n\t\t\t\t\t<h2 class=\"elementor-heading-title elementor-size-default\">La ciencia tras la<\/h2>\t\t\t\t<\/div>\n\t\t\t\t<\/div>\n\t\t\t\t<div class=\"elementor-element elementor-element-60fe6b8a elementor-widget elementor-widget-heading\" data-id=\"60fe6b8a\" data-element_type=\"widget\" data-e-type=\"widget\" data-widget_type=\"heading.default\">\n\t\t\t\t<div class=\"elementor-widget-container\">\n\t\t\t\t\t<h1 class=\"elementor-heading-title elementor-size-default\">Parche X39 patentado<\/h1>\t\t\t\t<\/div>\n\t\t\t\t<\/div>\n\t\t\t\t<\/div>\n\t\t<div class=\"elementor-element elementor-element-45ed7e40 e-con-full e-flex e-con e-child\" data-id=\"45ed7e40\" data-element_type=\"container\" data-e-type=\"container\">\n\t\t\t\t<div class=\"elementor-element elementor-element-37fcba63 elementor-widget elementor-widget-image\" data-id=\"37fcba63\" data-element_type=\"widget\" data-e-type=\"widget\" data-widget_type=\"image.default\">\n\t\t\t\t<div class=\"elementor-widget-container\">\n\t\t\t\t\t\t\t\t\t\t\t\t\t\t\t<img fetchpriority=\"high\" decoding=\"async\" width=\"600\" height=\"375\" src=\"https:\/\/startx39now.com\/wp-content\/uploads\/2023\/11\/patches-OnCircle-mobileIsolated.png\" class=\"attachment-large size-large wp-image-4900\" alt=\"\" srcset=\"https:\/\/startx39now.com\/wp-content\/uploads\/2023\/11\/patches-OnCircle-mobileIsolated.png 600w, https:\/\/startx39now.com\/wp-content\/uploads\/2023\/11\/patches-OnCircle-mobileIsolated-300x188.png 300w\" sizes=\"(max-width: 600px) 100vw, 600px\" \/>\t\t\t\t\t\t\t\t\t\t\t\t\t\t\t<\/div>\n\t\t\t\t<\/div>\n\t\t\t\t<\/div>\n\t\t\t\t\t<\/div>\n\t\t\t\t<\/div>\n\t\t<div class=\"elementor-element elementor-element-342692d5 e-flex e-con-boxed e-con e-parent\" data-id=\"342692d5\" data-element_type=\"container\" data-e-type=\"container\" data-settings=\"{&quot;background_background&quot;:&quot;classic&quot;}\">\n\t\t\t\t\t<div class=\"e-con-inner\">\n\t\t<div class=\"elementor-element elementor-element-78a5ad6e e-flex e-con-boxed e-con e-child\" data-id=\"78a5ad6e\" data-element_type=\"container\" data-e-type=\"container\">\n\t\t\t\t\t<div class=\"e-con-inner\">\n\t\t\t\t<div class=\"elementor-element elementor-element-dfbdb60 elementor-widget elementor-widget-heading\" data-id=\"dfbdb60\" data-element_type=\"widget\" data-e-type=\"widget\" data-widget_type=\"heading.default\">\n\t\t\t\t<div class=\"elementor-widget-container\">\n\t\t\t\t\t<h1 class=\"elementor-heading-title elementor-size-default\">Conozca al inventor\/director general David Schmidt<\/h1>\t\t\t\t<\/div>\n\t\t\t\t<\/div>\n\t\t\t\t<div class=\"elementor-element elementor-element-c5b82ce elementor-widget elementor-widget-heading\" data-id=\"c5b82ce\" data-element_type=\"widget\" data-e-type=\"widget\" data-widget_type=\"heading.default\">\n\t\t\t\t<div class=\"elementor-widget-container\">\n\t\t\t\t\t<h3 class=\"elementor-heading-title elementor-size-default\">LifeWave fue fundada en 2004 por el empresario e inventor David Schmidt.<\/h3>\t\t\t\t<\/div>\n\t\t\t\t<\/div>\n\t\t\t\t<div class=\"elementor-element elementor-element-c628834 elementor-widget elementor-widget-text-editor\" data-id=\"c628834\" data-element_type=\"widget\" data-e-type=\"widget\" data-widget_type=\"text-editor.default\">\n\t\t\t\t<div class=\"elementor-widget-container\">\n\t\t\t\t\t\t\t\t\t<p>Antes de 2004, David desarroll\u00f3 sistemas de generaci\u00f3n de energ\u00eda mediante turbinas sin aspas y motores cohete de combusti\u00f3n met\u00e1lica. Me recuerda a Iron Man.<\/p>\n<p>Mientras trabajaba con la Marina de los EE.UU. en la pr\u00f3xima generaci\u00f3n de mini submarinos, David comenz\u00f3 a desarrollar la tecnolog\u00eda LifeWave, un nuevo m\u00e9todo para mejorar el flujo de energ\u00eda mediante la activaci\u00f3n de la luz de su propio cuerpo y Lifewave naci\u00f3 con el parche potenciador de energ\u00eda.<\/p>\t\t\t\t\t\t\t\t<\/div>\n\t\t\t\t<\/div>\n\t\t\t\t\t<\/div>\n\t\t\t\t<\/div>\n\t\t<div class=\"elementor-element elementor-element-792cdaa4 e-flex e-con-boxed e-con e-child\" data-id=\"792cdaa4\" data-element_type=\"container\" data-e-type=\"container\">\n\t\t\t\t\t<div class=\"e-con-inner\">\n\t\t<div class=\"elementor-element elementor-element-333b0f2d e-flex e-con-boxed e-con e-child\" data-id=\"333b0f2d\" data-element_type=\"container\" data-e-type=\"container\">\n\t\t\t\t\t<div class=\"e-con-inner\">\n\t\t\t\t<div class=\"elementor-element elementor-element-6dae7680 elementor-widget elementor-widget-text-editor\" data-id=\"6dae7680\" data-element_type=\"widget\" data-e-type=\"widget\" data-widget_type=\"text-editor.default\">\n\t\t\t\t<div class=\"elementor-widget-container\">\n\t\t\t\t\t\t\t\t\t<p>En 2008, David centr\u00f3 su atenci\u00f3n en el prometedor campo de las c\u00e9lulas madre. Descubri\u00f3 que el uso de campos electromagn\u00e9ticos pulsados tiene efectos beneficiosos sobre la funci\u00f3n de las c\u00e9lulas madre.<\/p><p>Una investigaci\u00f3n de la Universidad Nacional de Irlanda demostr\u00f3 que, efectivamente, esto era cierto para potenciar la funci\u00f3n de las c\u00e9lulas madre en animales y humanos.<\/p><p>Como resultado, <strong>se concedieron m\u00e1s de 70 patentes mundiales<\/strong> en estos productos sanitarios.<\/p><p>David tambi\u00e9n investig\u00f3 c\u00f3mo las longitudes de onda de la luz pueden mejorar ciertos p\u00e9ptidos del organismo, concretamente GHK-Cu y AHK-Cu, y c\u00f3mo estos p\u00e9ptidos mejoran la cicatrizaci\u00f3n y la funci\u00f3n de las c\u00e9lulas madre.  Este campo de estudio se conoce como fotobiomodulaci\u00f3n.<\/p><p>En 2018 David Schmidt y Lifewave hab\u00edan patentado e introducido - su \"Wearable Light Technology \" \u00a1El parche de fototerapia X39-!<\/p>\t\t\t\t\t\t\t\t<\/div>\n\t\t\t\t<\/div>\n\t\t\t\t\t<\/div>\n\t\t\t\t<\/div>\n\t\t<div class=\"elementor-element elementor-element-7d0cf007 e-flex e-con-boxed e-con e-child\" data-id=\"7d0cf007\" data-element_type=\"container\" data-e-type=\"container\">\n\t\t\t\t\t<div class=\"e-con-inner\">\n\t\t\t\t<div class=\"elementor-element elementor-element-10318fb1 elementor-widget elementor-widget-image\" data-id=\"10318fb1\" data-element_type=\"widget\" data-e-type=\"widget\" data-widget_type=\"image.default\">\n\t\t\t\t<div class=\"elementor-widget-container\">\n\t\t\t\t\t\t\t\t\t\t\t\t\t\t\t<img decoding=\"async\" width=\"1024\" height=\"682\" src=\"https:\/\/startx39now.com\/wp-content\/uploads\/2023\/11\/davidSchmidt-presenting-1024x682.jpeg\" class=\"attachment-large size-large wp-image-5053\" alt=\"\" srcset=\"https:\/\/startx39now.com\/wp-content\/uploads\/2023\/11\/davidSchmidt-presenting-1024x682.jpeg 1024w, https:\/\/startx39now.com\/wp-content\/uploads\/2023\/11\/davidSchmidt-presenting-300x200.jpeg 300w, https:\/\/startx39now.com\/wp-content\/uploads\/2023\/11\/davidSchmidt-presenting-768x512.jpeg 768w, https:\/\/startx39now.com\/wp-content\/uploads\/2023\/11\/davidSchmidt-presenting.jpeg 1400w\" sizes=\"(max-width: 1024px) 100vw, 1024px\" \/>\t\t\t\t\t\t\t\t\t\t\t\t\t\t\t<\/div>\n\t\t\t\t<\/div>\n\t\t\t\t\t<\/div>\n\t\t\t\t<\/div>\n\t\t\t\t\t<\/div>\n\t\t\t\t<\/div>\n\t\t\t\t\t<\/div>\n\t\t\t\t<\/div>\n\t\t<div class=\"elementor-element elementor-element-392ee7ce e-flex e-con-boxed e-con e-parent\" data-id=\"392ee7ce\" data-element_type=\"container\" data-e-type=\"container\" data-settings=\"{&quot;background_background&quot;:&quot;classic&quot;}\">\n\t\t\t\t\t<div class=\"e-con-inner\">\n\t\t<div class=\"elementor-element elementor-element-2b0bd84 e-flex e-con-boxed e-con e-child\" data-id=\"2b0bd84\" data-element_type=\"container\" data-e-type=\"container\">\n\t\t\t\t\t<div class=\"e-con-inner\">\n\t\t\t\t<div class=\"elementor-element elementor-element-23f2bed5 elementor-widget elementor-widget-heading\" data-id=\"23f2bed5\" data-element_type=\"widget\" data-e-type=\"widget\" data-widget_type=\"heading.default\">\n\t\t\t\t<div class=\"elementor-widget-container\">\n\t\t\t\t\t<h1 class=\"elementor-heading-title elementor-size-default\">La patente X39<\/h1>\t\t\t\t<\/div>\n\t\t\t\t<\/div>\n\t\t\t\t\t<\/div>\n\t\t\t\t<\/div>\n\t\t<div class=\"elementor-element elementor-element-604be438 e-flex e-con-boxed e-con e-child\" data-id=\"604be438\" data-element_type=\"container\" data-e-type=\"container\">\n\t\t\t\t\t<div class=\"e-con-inner\">\n\t\t<div class=\"elementor-element elementor-element-627f3a8c e-flex e-con-boxed e-con e-child\" data-id=\"627f3a8c\" data-element_type=\"container\" data-e-type=\"container\">\n\t\t\t\t\t<div class=\"e-con-inner\">\n\t\t\t\t<div class=\"elementor-element elementor-element-1c4b05d1 elementor-widget elementor-widget-image\" data-id=\"1c4b05d1\" data-element_type=\"widget\" data-e-type=\"widget\" data-widget_type=\"image.default\">\n\t\t\t\t<div class=\"elementor-widget-container\">\n\t\t\t\t\t\t\t\t\t\t\t\t\t\t\t<img decoding=\"async\" width=\"482\" height=\"453\" src=\"https:\/\/startx39now.com\/wp-content\/uploads\/2023\/11\/Patent-X39-1.png\" class=\"attachment-large size-large wp-image-4903\" alt=\"\" srcset=\"https:\/\/startx39now.com\/wp-content\/uploads\/2023\/11\/Patent-X39-1.png 482w, https:\/\/startx39now.com\/wp-content\/uploads\/2023\/11\/Patent-X39-1-300x282.png 300w\" sizes=\"(max-width: 482px) 100vw, 482px\" \/>\t\t\t\t\t\t\t\t\t\t\t\t\t\t\t<\/div>\n\t\t\t\t<\/div>\n\t\t\t\t<div class=\"elementor-element elementor-element-3dab9fee elementor-widget elementor-widget-image\" data-id=\"3dab9fee\" data-element_type=\"widget\" data-e-type=\"widget\" data-widget_type=\"image.default\">\n\t\t\t\t<div class=\"elementor-widget-container\">\n\t\t\t\t\t\t\t\t\t\t\t\t\t\t\t<img loading=\"lazy\" decoding=\"async\" width=\"978\" height=\"634\" src=\"https:\/\/startx39now.com\/wp-content\/uploads\/2023\/11\/X39-Patent-AbstractHighlight.png\" class=\"attachment-large size-large wp-image-4904\" alt=\"\" srcset=\"https:\/\/startx39now.com\/wp-content\/uploads\/2023\/11\/X39-Patent-AbstractHighlight.png 978w, https:\/\/startx39now.com\/wp-content\/uploads\/2023\/11\/X39-Patent-AbstractHighlight-300x194.png 300w, https:\/\/startx39now.com\/wp-content\/uploads\/2023\/11\/X39-Patent-AbstractHighlight-768x498.png 768w\" sizes=\"(max-width: 978px) 100vw, 978px\" \/>\t\t\t\t\t\t\t\t\t\t\t\t\t\t\t<\/div>\n\t\t\t\t<\/div>\n\t\t\t\t<div class=\"elementor-element elementor-element-3c935433 elementor-mobile-align-justify elementor-widget elementor-widget-button\" data-id=\"3c935433\" data-element_type=\"widget\" data-e-type=\"widget\" data-widget_type=\"button.default\">\n\t\t\t\t<div class=\"elementor-widget-container\">\n\t\t\t\t\t\t\t\t\t<div class=\"elementor-button-wrapper\">\n\t\t\t\t\t<a class=\"elementor-button elementor-button-link elementor-size-sm\" href=\"https:\/\/startx39now.com\/wp-content\/uploads\/2023\/11\/x39_FullPatent-lowRes.pdf\" target=\"_blank\">\n\t\t\t\t\t\t<span class=\"elementor-button-content-wrapper\">\n\t\t\t\t\t\t\t\t\t<span class=\"elementor-button-text\">Lea aqu\u00ed la patente completa del X39<\/span>\n\t\t\t\t\t<\/span>\n\t\t\t\t\t<\/a>\n\t\t\t\t<\/div>\n\t\t\t\t\t\t\t\t<\/div>\n\t\t\t\t<\/div>\n\t\t\t\t\t<\/div>\n\t\t\t\t<\/div>\n\t\t<div class=\"elementor-element elementor-element-1cb3f7e5 e-flex e-con-boxed e-con e-child\" data-id=\"1cb3f7e5\" data-element_type=\"container\" data-e-type=\"container\">\n\t\t\t\t\t<div class=\"e-con-inner\">\n\t\t\t\t<div class=\"elementor-element elementor-element-2a503293 elementor-widget elementor-widget-image\" data-id=\"2a503293\" data-element_type=\"widget\" data-e-type=\"widget\" data-widget_type=\"image.default\">\n\t\t\t\t<div class=\"elementor-widget-container\">\n\t\t\t\t\t\t\t\t\t\t\t\t\t\t\t<img loading=\"lazy\" decoding=\"async\" width=\"791\" height=\"1024\" src=\"https:\/\/startx39now.com\/wp-content\/uploads\/2023\/11\/X39-Patent-highlight-791x1024.png\" class=\"attachment-large size-large wp-image-4905\" alt=\"\" srcset=\"https:\/\/startx39now.com\/wp-content\/uploads\/2023\/11\/X39-Patent-highlight-791x1024.png 791w, https:\/\/startx39now.com\/wp-content\/uploads\/2023\/11\/X39-Patent-highlight-232x300.png 232w, https:\/\/startx39now.com\/wp-content\/uploads\/2023\/11\/X39-Patent-highlight-768x994.png 768w, https:\/\/startx39now.com\/wp-content\/uploads\/2023\/11\/X39-Patent-highlight-1187x1536.png 1187w, https:\/\/startx39now.com\/wp-content\/uploads\/2023\/11\/X39-Patent-highlight-1583x2048.png 1583w\" sizes=\"(max-width: 791px) 100vw, 791px\" \/>\t\t\t\t\t\t\t\t\t\t\t\t\t\t\t<\/div>\n\t\t\t\t<\/div>\n\t\t\t\t\t<\/div>\n\t\t\t\t<\/div>\n\t\t\t\t\t<\/div>\n\t\t\t\t<\/div>\n\t\t\t\t\t<\/div>\n\t\t\t\t<\/div>\n\t\t<div class=\"elementor-element elementor-element-f1df55c e-flex e-con-boxed e-con e-parent\" data-id=\"f1df55c\" data-element_type=\"container\" data-e-type=\"container\" data-settings=\"{&quot;background_background&quot;:&quot;classic&quot;}\">\n\t\t\t\t\t<div class=\"e-con-inner\">\n\t\t<div class=\"elementor-element elementor-element-5f8c9fed e-con-full e-flex e-con e-child\" data-id=\"5f8c9fed\" data-element_type=\"container\" data-e-type=\"container\">\n\t\t\t\t<div class=\"elementor-element elementor-element-4ba52bae elementor-widget elementor-widget-heading\" data-id=\"4ba52bae\" data-element_type=\"widget\" data-e-type=\"widget\" data-widget_type=\"heading.default\">\n\t\t\t\t<div class=\"elementor-widget-container\">\n\t\t\t\t\t<p class=\"elementor-heading-title elementor-size-default\">Las declaraciones sobre los productos, sitios web o materiales asociados de LifeWave no han sido evaluadas por ninguna autoridad reguladora y no pretenden diagnosticar, tratar, curar o prevenir ninguna enfermedad o condici\u00f3n m\u00e9dica. El contenido presentado es en forma de resumen, es de car\u00e1cter general y se proporciona \u00fanicamente con fines informativos. No desestime ning\u00fan consejo m\u00e9dico que haya recibido ni se demore en buscarlo por algo que haya le\u00eddo en nuestros sitios web o materiales asociados. Consulte a su propio m\u00e9dico o proveedor de atenci\u00f3n sanitaria adecuado con respecto a sus propios s\u00edntomas o afecciones m\u00e9dicas, ya que estas enfermedades suelen presentarse con signos y s\u00edntomas variables. Consulte siempre a su m\u00e9dico o profesional sanitario cualificado antes de iniciar un nuevo tratamiento, dieta o programa de ejercicio f\u00edsico. No asumimos responsabilidad alguna por da\u00f1os o lesiones a personas o bienes derivados del uso de cualquier producto, informaci\u00f3n, idea o instrucci\u00f3n contenida en los materiales que le proporcionamos. Nos reservamos el derecho de cambiar o interrumpir en cualquier momento cualquier aspecto o caracter\u00edstica contenida en nuestra informaci\u00f3n.<\/p>\t\t\t\t<\/div>\n\t\t\t\t<\/div>\n\t\t\t\t<\/div>\n\t\t\t\t\t<\/div>\n\t\t\t\t<\/div>\n\t\t\t\t<\/div>","protected":false},"excerpt":{"rendered":"<p>The Science Behind the Patented X39 Patch Meet the Inventor\/CEO David Schmidt LifeWave was founded in 2004 by entrepreneur and inventor David Schmidt. Prior to 2004, David developed bladeless-turbine power generation systems and metal-combustion rocket engines. He reminds me of Iron Man! While working with the US Navy on next generation mini-subs, David then began [&hellip;]<\/p>\n","protected":false},"author":1,"featured_media":0,"parent":0,"menu_order":0,"comment_status":"closed","ping_status":"closed","template":"elementor_theme","meta":{"site-sidebar-layout":"no-sidebar","site-content-layout":"page-builder","ast-site-content-layout":"full-width-container","site-content-style":"default","site-sidebar-style":"default","ast-global-header-display":"","ast-banner-title-visibility":"","ast-main-header-display":"","ast-hfb-above-header-display":"","ast-hfb-below-header-display":"","ast-hfb-mobile-header-display":"","site-post-title":"disabled","ast-breadcrumbs-content":"","ast-featured-img":"disabled","footer-sml-layout":"","ast-disable-related-posts":"","theme-transparent-header-meta":"","adv-header-id-meta":"","stick-header-meta":"","header-above-stick-meta":"","header-main-stick-meta":"","header-below-stick-meta":"","astra-migrate-meta-layouts":"set","ast-page-background-enabled":"default","ast-page-background-meta":{"desktop":{"background-color":"var(--ast-global-color-4)","background-image":"","background-repeat":"repeat","background-position":"center center","background-size":"auto","background-attachment":"scroll","background-type":"","background-media":"","overlay-type":"","overlay-color":"","overlay-opacity":"","overlay-gradient":""},"tablet":{"background-color":"","background-image":"","background-repeat":"repeat","background-position":"center center","background-size":"auto","background-attachment":"scroll","background-type":"","background-media":"","overlay-type":"","overlay-color":"","overlay-opacity":"","overlay-gradient":""},"mobile":{"background-color":"","background-image":"","background-repeat":"repeat","background-position":"center center","background-size":"auto","background-attachment":"scroll","background-type":"","background-media":"","overlay-type":"","overlay-color":"","overlay-opacity":"","overlay-gradient":""}},"ast-content-background-meta":{"desktop":{"background-color":"var(--ast-global-color-5)","background-image":"","background-repeat":"repeat","background-position":"center center","background-size":"auto","background-attachment":"scroll","background-type":"","background-media":"","overlay-type":"","overlay-color":"","overlay-opacity":"","overlay-gradient":""},"tablet":{"background-color":"var(--ast-global-color-5)","background-image":"","background-repeat":"repeat","background-position":"center center","background-size":"auto","background-attachment":"scroll","background-type":"","background-media":"","overlay-type":"","overlay-color":"","overlay-opacity":"","overlay-gradient":""},"mobile":{"background-color":"var(--ast-global-color-5)","background-image":"","background-repeat":"repeat","background-position":"center center","background-size":"auto","background-attachment":"scroll","background-type":"","background-media":"","overlay-type":"","overlay-color":"","overlay-opacity":"","overlay-gradient":""}},"footnotes":""},"class_list":["post-4898","page","type-page","status-publish","hentry"],"yoast_head":"<!-- This site is optimized with the Yoast SEO plugin v27.5 - https:\/\/yoast.com\/product\/yoast-seo-wordpress\/ -->\n<title>Science Behind X39 - Start X39 Now<\/title>\n<meta name=\"robots\" content=\"noindex, follow\" \/>\n<meta property=\"og:locale\" content=\"es_MX\" \/>\n<meta property=\"og:type\" content=\"article\" \/>\n<meta property=\"og:title\" content=\"Science Behind X39 - Start X39 Now\" \/>\n<meta property=\"og:description\" content=\"The Science Behind the Patented X39 Patch Meet the Inventor\/CEO David Schmidt LifeWave was founded in 2004 by entrepreneur and inventor David Schmidt. Prior to 2004, David developed bladeless-turbine power generation systems and metal-combustion rocket engines. He reminds me of Iron Man! While working with the US Navy on next generation mini-subs, David then began [&hellip;]\" \/>\n<meta property=\"og:url\" content=\"https:\/\/startx39now.com\/es\/la-ciencia-detras-de-x39\/\" \/>\n<meta property=\"og:site_name\" content=\"Start X39 Now\" \/>\n<meta property=\"article:modified_time\" content=\"2023-12-28T03:13:49+00:00\" \/>\n<meta property=\"og:image\" content=\"https:\/\/startx39now.com\/wp-content\/uploads\/2023\/11\/patches-OnCircle-mobileIsolated.png\" \/>\n<meta name=\"twitter:card\" content=\"summary_large_image\" \/>\n<meta name=\"twitter:label1\" content=\"Tiempo de lectura\" \/>\n\t<meta name=\"twitter:data1\" content=\"3 minutos\" \/>\n<script type=\"application\/ld+json\" class=\"yoast-schema-graph\">{\"@context\":\"https:\\\/\\\/schema.org\",\"@graph\":[{\"@type\":\"WebPage\",\"@id\":\"https:\\\/\\\/startx39now.com\\\/science-behind-x39\\\/\",\"url\":\"https:\\\/\\\/startx39now.com\\\/science-behind-x39\\\/\",\"name\":\"Science Behind X39 - Start X39 Now\",\"isPartOf\":{\"@id\":\"https:\\\/\\\/startx39now.com\\\/#website\"},\"primaryImageOfPage\":{\"@id\":\"https:\\\/\\\/startx39now.com\\\/science-behind-x39\\\/#primaryimage\"},\"image\":{\"@id\":\"https:\\\/\\\/startx39now.com\\\/science-behind-x39\\\/#primaryimage\"},\"thumbnailUrl\":\"https:\\\/\\\/startx39now.com\\\/wp-content\\\/uploads\\\/2023\\\/11\\\/patches-OnCircle-mobileIsolated.png\",\"datePublished\":\"2023-11-25T20:56:20+00:00\",\"dateModified\":\"2023-12-28T03:13:49+00:00\",\"breadcrumb\":{\"@id\":\"https:\\\/\\\/startx39now.com\\\/science-behind-x39\\\/#breadcrumb\"},\"inLanguage\":\"es\",\"potentialAction\":[{\"@type\":\"ReadAction\",\"target\":[\"https:\\\/\\\/startx39now.com\\\/science-behind-x39\\\/\"]}]},{\"@type\":\"ImageObject\",\"inLanguage\":\"es\",\"@id\":\"https:\\\/\\\/startx39now.com\\\/science-behind-x39\\\/#primaryimage\",\"url\":\"https:\\\/\\\/startx39now.com\\\/wp-content\\\/uploads\\\/2023\\\/11\\\/patches-OnCircle-mobileIsolated.png\",\"contentUrl\":\"https:\\\/\\\/startx39now.com\\\/wp-content\\\/uploads\\\/2023\\\/11\\\/patches-OnCircle-mobileIsolated.png\"},{\"@type\":\"BreadcrumbList\",\"@id\":\"https:\\\/\\\/startx39now.com\\\/science-behind-x39\\\/#breadcrumb\",\"itemListElement\":[{\"@type\":\"ListItem\",\"position\":1,\"name\":\"Home\",\"item\":\"https:\\\/\\\/startx39now.com\\\/\"},{\"@type\":\"ListItem\",\"position\":2,\"name\":\"Science Behind X39\"}]},{\"@type\":\"WebSite\",\"@id\":\"https:\\\/\\\/startx39now.com\\\/#website\",\"url\":\"https:\\\/\\\/startx39now.com\\\/\",\"name\":\"Start X39 Now\",\"description\":\"Stem cell activation therapy in a patch. No drugs, no injections, just our body&#039;s own light. Naturally reactivate your stem cells with a simple patch.\",\"potentialAction\":[{\"@type\":\"SearchAction\",\"target\":{\"@type\":\"EntryPoint\",\"urlTemplate\":\"https:\\\/\\\/startx39now.com\\\/?s={search_term_string}\"},\"query-input\":{\"@type\":\"PropertyValueSpecification\",\"valueRequired\":true,\"valueName\":\"search_term_string\"}}],\"inLanguage\":\"es\"}]}<\/script>\n<!-- \/ Yoast SEO plugin. -->","yoast_head_json":{"title":"La ciencia detr\u00e1s de X39: comience a utilizar X39 ahora mismo.","robots":{"index":"noindex","follow":"follow"},"og_locale":"es_MX","og_type":"article","og_title":"Science Behind X39 - Start X39 Now","og_description":"The Science Behind the Patented X39 Patch Meet the Inventor\/CEO David Schmidt LifeWave was founded in 2004 by entrepreneur and inventor David Schmidt. Prior to 2004, David developed bladeless-turbine power generation systems and metal-combustion rocket engines. He reminds me of Iron Man! While working with the US Navy on next generation mini-subs, David then began [&hellip;]","og_url":"https:\/\/startx39now.com\/es\/la-ciencia-detras-de-x39\/","og_site_name":"Start X39 Now","article_modified_time":"2023-12-28T03:13:49+00:00","og_image":[{"url":"https:\/\/startx39now.com\/wp-content\/uploads\/2023\/11\/patches-OnCircle-mobileIsolated.png","type":"","width":"","height":""}],"twitter_card":"summary_large_image","twitter_misc":{"Tiempo de lectura":"3 minutos"},"schema":{"@context":"https:\/\/schema.org","@graph":[{"@type":"WebPage","@id":"https:\/\/startx39now.com\/science-behind-x39\/","url":"https:\/\/startx39now.com\/science-behind-x39\/","name":"La ciencia detr\u00e1s de X39: comience a utilizar X39 ahora mismo.","isPartOf":{"@id":"https:\/\/startx39now.com\/#website"},"primaryImageOfPage":{"@id":"https:\/\/startx39now.com\/science-behind-x39\/#primaryimage"},"image":{"@id":"https:\/\/startx39now.com\/science-behind-x39\/#primaryimage"},"thumbnailUrl":"https:\/\/startx39now.com\/wp-content\/uploads\/2023\/11\/patches-OnCircle-mobileIsolated.png","datePublished":"2023-11-25T20:56:20+00:00","dateModified":"2023-12-28T03:13:49+00:00","breadcrumb":{"@id":"https:\/\/startx39now.com\/science-behind-x39\/#breadcrumb"},"inLanguage":"es","potentialAction":[{"@type":"ReadAction","target":["https:\/\/startx39now.com\/science-behind-x39\/"]}]},{"@type":"ImageObject","inLanguage":"es","@id":"https:\/\/startx39now.com\/science-behind-x39\/#primaryimage","url":"https:\/\/startx39now.com\/wp-content\/uploads\/2023\/11\/patches-OnCircle-mobileIsolated.png","contentUrl":"https:\/\/startx39now.com\/wp-content\/uploads\/2023\/11\/patches-OnCircle-mobileIsolated.png"},{"@type":"BreadcrumbList","@id":"https:\/\/startx39now.com\/science-behind-x39\/#breadcrumb","itemListElement":[{"@type":"ListItem","position":1,"name":"Home","item":"https:\/\/startx39now.com\/"},{"@type":"ListItem","position":2,"name":"Science Behind X39"}]},{"@type":"WebSite","@id":"https:\/\/startx39now.com\/#website","url":"https:\/\/startx39now.com\/","name":"Iniciar X39 ahora","description":"Terapia de activaci\u00f3n de c\u00e9lulas madre en un parche. Sin medicamentos, sin inyecciones, solo con la luz de nuestro propio cuerpo. Reactiva de forma natural tus c\u00e9lulas madre con un simple parche.","potentialAction":[{"@type":"SearchAction","target":{"@type":"EntryPoint","urlTemplate":"https:\/\/startx39now.com\/?s={search_term_string}"},"query-input":{"@type":"PropertyValueSpecification","valueRequired":true,"valueName":"search_term_string"}}],"inLanguage":"es"}]}},"_links":{"self":[{"href":"https:\/\/startx39now.com\/es\/wp-json\/wp\/v2\/pages\/4898","targetHints":{"allow":["GET"]}}],"collection":[{"href":"https:\/\/startx39now.com\/es\/wp-json\/wp\/v2\/pages"}],"about":[{"href":"https:\/\/startx39now.com\/es\/wp-json\/wp\/v2\/types\/page"}],"author":[{"embeddable":true,"href":"https:\/\/startx39now.com\/es\/wp-json\/wp\/v2\/users\/1"}],"replies":[{"embeddable":true,"href":"https:\/\/startx39now.com\/es\/wp-json\/wp\/v2\/comments?post=4898"}],"version-history":[{"count":0,"href":"https:\/\/startx39now.com\/es\/wp-json\/wp\/v2\/pages\/4898\/revisions"}],"wp:attachment":[{"href":"https:\/\/startx39now.com\/es\/wp-json\/wp\/v2\/media?parent=4898"}],"curies":[{"name":"wp","href":"https:\/\/api.w.org\/{rel}","templated":true}]}}