{"id":10473,"date":"2025-10-30T01:03:41","date_gmt":"2025-10-30T01:03:41","guid":{"rendered":"https:\/\/startx39now.com\/?page_id=10473"},"modified":"2026-01-26T03:49:04","modified_gmt":"2026-01-26T03:49:04","slug":"ds-sobre","status":"publish","type":"page","link":"https:\/\/startx39now.com\/es\/ds-about\/","title":{"rendered":"Video 2 \u2013 DS Acerca de"},"content":{"rendered":"<div data-elementor-type=\"wp-page\" data-elementor-id=\"10473\" class=\"elementor elementor-10473\" data-elementor-post-type=\"page\">\n\t\t\t\t<div class=\"elementor-element elementor-element-e95586e e-con-full e-flex e-con e-parent\" data-id=\"e95586e\" data-element_type=\"container\" data-e-type=\"container\" data-settings=\"{&quot;background_background&quot;:&quot;classic&quot;,&quot;shape_divider_bottom&quot;:&quot;split&quot;}\">\n\t\t\t\t<div class=\"elementor-shape elementor-shape-bottom\" aria-hidden=\"true\" data-negative=\"false\">\n\t\t\t<svg xmlns=\"http:\/\/www.w3.org\/2000\/svg\" viewbox=\"0 0 1000 20\" preserveaspectratio=\"none\">\n\t<path class=\"elementor-shape-fill\" d=\"M0,0v3c0,0,393.8,0,483.4,0c9.2,0,16.6,7.4,16.6,16.6c0-9.1,7.4-16.6,16.6-16.6C606.2,3,1000,3,1000,3V0H0z\"\/>\n<\/svg>\t\t<\/div>\n\t\t\t\t<div class=\"elementor-element elementor-element-4510bae elementor-widget elementor-widget-button\" data-id=\"4510bae\" data-element_type=\"widget\" data-e-type=\"widget\" data-widget_type=\"button.default\">\n\t\t\t\t<div class=\"elementor-widget-container\">\n\t\t\t\t\t\t\t\t\t<div class=\"elementor-button-wrapper\">\n\t\t\t\t\t<a class=\"elementor-button elementor-button-link elementor-size-sm\" href=\"https:\/\/startx39now.com\/es\/casa-x39\/#tracker\">\n\t\t\t\t\t\t<span class=\"elementor-button-content-wrapper\">\n\t\t\t\t\t\t\t\t\t<span class=\"elementor-button-text\">&lt; Volver a INICIO<\/span>\n\t\t\t\t\t<\/span>\n\t\t\t\t\t<\/a>\n\t\t\t\t<\/div>\n\t\t\t\t\t\t\t\t<\/div>\n\t\t\t\t<\/div>\n\t\t\t\t<\/div>\n\t\t<div class=\"elementor-element elementor-element-fbabb08 e-flex e-con-boxed e-con e-parent\" data-id=\"fbabb08\" data-element_type=\"container\" data-e-type=\"container\" data-settings=\"{&quot;background_background&quot;:&quot;classic&quot;}\">\n\t\t\t\t\t<div class=\"e-con-inner\">\n\t\t\t\t<div class=\"elementor-element elementor-element-87984eb elementor-widget elementor-widget-heading\" data-id=\"87984eb\" data-element_type=\"widget\" data-e-type=\"widget\" data-widget_type=\"heading.default\">\n\t\t\t\t<div class=\"elementor-widget-container\">\n\t\t\t\t\t<h1 class=\"elementor-heading-title elementor-size-default\">Con m\u00e1s de 200 patentes a su nombre, conozca al inventor y director ejecutivo David Schmidt.<\/h1>\t\t\t\t<\/div>\n\t\t\t\t<\/div>\n\t\t\t\t<div class=\"elementor-element elementor-element-58ac19f elementor-widget elementor-widget-heading\" data-id=\"58ac19f\" data-element_type=\"widget\" data-e-type=\"widget\" data-widget_type=\"heading.default\">\n\t\t\t\t<div class=\"elementor-widget-container\">\n\t\t\t\t\t<h3 class=\"elementor-heading-title elementor-size-default\">LifeWave fue fundada en 2004 por el empresario e inventor David Schmidt.<\/h3>\t\t\t\t<\/div>\n\t\t\t\t<\/div>\n\t\t<div class=\"elementor-element elementor-element-c2a85e3 e-flex e-con-boxed e-con e-child\" data-id=\"c2a85e3\" data-element_type=\"container\" data-e-type=\"container\">\n\t\t\t\t\t<div class=\"e-con-inner\">\n\t\t<div class=\"elementor-element elementor-element-05d6793 e-con-full e-flex e-con e-child\" data-id=\"05d6793\" data-element_type=\"container\" data-e-type=\"container\">\n\t\t\t\t<div class=\"elementor-element elementor-element-c9edb01 elementor-widget elementor-widget-text-editor\" data-id=\"c9edb01\" data-element_type=\"widget\" data-e-type=\"widget\" data-widget_type=\"text-editor.default\">\n\t\t\t\t<div class=\"elementor-widget-container\">\n\t\t\t\t\t\t\t\t\t<p>Antes de 2004, David desarrollaba motores para cohetes.<\/p><p>Mientras trabajaba con el ej\u00e9rcito estadounidense, los Navy Seals pidieron a David que creara una nueva tecnolog\u00eda para mantener a las tropas despiertas por la noche sin necesidad de utilizar estimulantes.<\/p><p>David comenz\u00f3 a desarrollar el <strong>Parche potenciador de energ\u00eda<\/strong>naci\u00f3 una nueva tecnolog\u00eda de iluminaci\u00f3n para los Navy Seals.<\/p><p>Pero la gente no entend\u00eda c\u00f3mo funcionaba la tecnolog\u00eda de la luz y la empresa s\u00f3lo generaba <strong>50 millones<\/strong> al a\u00f1o y sigui\u00f3 siendo peque\u00f1o durante varios a\u00f1os.<\/p>\t\t\t\t\t\t\t\t<\/div>\n\t\t\t\t<\/div>\n\t\t\t\t<\/div>\n\t\t<div class=\"elementor-element elementor-element-5c859d2 e-con-full e-flex e-con e-child\" data-id=\"5c859d2\" data-element_type=\"container\" data-e-type=\"container\">\n\t\t\t\t<div class=\"elementor-element elementor-element-2420756 elementor-widget elementor-widget-video\" data-id=\"2420756\" data-element_type=\"widget\" data-e-type=\"widget\" data-settings=\"{&quot;video_type&quot;:&quot;vimeo&quot;,&quot;show_image_overlay&quot;:&quot;yes&quot;,&quot;image_overlay&quot;:{&quot;url&quot;:&quot;https:\\\/\\\/startx39now.com\\\/wp-content\\\/uploads\\\/2025\\\/11\\\/MeetDavid-thumb.png&quot;,&quot;id&quot;:10575,&quot;size&quot;:&quot;&quot;,&quot;alt&quot;:&quot;&quot;,&quot;source&quot;:&quot;library&quot;}}\" data-no-translation=\"\" data-widget_type=\"video.default\">\n\t\t\t\t<div class=\"elementor-widget-container\">\n\t\t\t\t\t<style>.elementor-element-2420756{display:none !important}<\/style>\t\t\t\t<\/div>\n\t\t\t\t<\/div>\n\t\t\t\t<div class=\"elementor-element elementor-element-4b84bc6 elementor-widget elementor-widget-video\" data-id=\"4b84bc6\" data-element_type=\"widget\" data-e-type=\"widget\" data-settings=\"{&quot;video_type&quot;:&quot;vimeo&quot;,&quot;show_image_overlay&quot;:&quot;yes&quot;,&quot;image_overlay&quot;:{&quot;url&quot;:&quot;https:\\\/\\\/startx39now.com\\\/wp-content\\\/uploads\\\/2025\\\/11\\\/MeetDavid-Spanish-thumb.png&quot;,&quot;id&quot;:10574,&quot;size&quot;:&quot;&quot;,&quot;alt&quot;:&quot;&quot;,&quot;source&quot;:&quot;library&quot;}}\" data-no-translation=\"\" data-widget_type=\"video.default\">\n\t\t\t\t<div class=\"elementor-widget-container\">\n\t\t\t\t\t\t\t<div class=\"elementor-wrapper elementor-open-inline\">\n\t\t\t<iframe class=\"elementor-video-iframe\" allowfullscreen allow=\"clipboard-write\" title=\"Reproductor de video vimeo\" src=\"https:\/\/player.vimeo.com\/video\/1131910398?color&amp;autopause=0&amp;loop=0&amp;muted=0&amp;title=0&amp;portrait=0&amp;byline=0#t=\"><\/iframe>\t\t\t\t<div class=\"elementor-custom-embed-image-overlay\" style=\"background-image: url(https:\/\/startx39now.com\/wp-content\/uploads\/2025\/11\/MeetDavid-Spanish-thumb.png);\">\n\t\t\t\t\t\t\t\t\t\t\t\t\t\t\t\t<div class=\"elementor-custom-embed-play\" role=\"button\" aria-label=\"Reproducir video\" tabindex=\"0\">\n\t\t\t\t\t\t\t<i aria-hidden=\"true\" class=\"eicon-play\"><\/i>\t\t\t\t\t\t<\/div>\n\t\t\t\t\t\t\t\t\t<\/div>\n\t\t\t\t\t<\/div>\n\t\t\t\t\t\t<\/div>\n\t\t\t\t<\/div>\n\t\t\t\t<div class=\"elementor-element elementor-element-cfcc3fa elementor-widget__width-inherit elementor-widget elementor-widget-pp-video\" data-id=\"cfcc3fa\" data-element_type=\"widget\" data-e-type=\"widget\" data-no-translation=\"\" data-widget_type=\"pp-video.default\">\n\t\t\t\t<div class=\"elementor-widget-container\">\n\t\t\t\t\t<style>.elementor-element-cfcc3fa{display:none !important}<\/style>\t\t\t\t<\/div>\n\t\t\t\t<\/div>\n\t\t\t\t<\/div>\n\t\t\t\t\t<\/div>\n\t\t\t\t<\/div>\n\t\t<div class=\"elementor-element elementor-element-03bb62d e-flex e-con-boxed e-con e-child\" data-id=\"03bb62d\" data-element_type=\"container\" data-e-type=\"container\">\n\t\t\t\t\t<div class=\"e-con-inner\">\n\t\t<div class=\"elementor-element elementor-element-29d88ac e-con-full e-flex e-con e-child\" data-id=\"29d88ac\" data-element_type=\"container\" data-e-type=\"container\" data-settings=\"{&quot;background_background&quot;:&quot;classic&quot;}\">\n\t\t\t\t<div class=\"elementor-element elementor-element-2627481 elementor-widget elementor-widget-image\" data-id=\"2627481\" data-element_type=\"widget\" data-e-type=\"widget\" data-widget_type=\"image.default\">\n\t\t\t\t<div class=\"elementor-widget-container\">\n\t\t\t\t\t\t\t\t\t\t\t\t\t\t\t<img fetchpriority=\"high\" decoding=\"async\" width=\"946\" height=\"719\" src=\"https:\/\/startx39now.com\/wp-content\/uploads\/2025\/10\/ExponentialGrowth-Spanish.png\" class=\"attachment-large size-large wp-image-7946\" alt=\"\" srcset=\"https:\/\/startx39now.com\/wp-content\/uploads\/2025\/10\/ExponentialGrowth-Spanish.png 1024w, https:\/\/startx39now.com\/wp-content\/uploads\/2025\/10\/ExponentialGrowth-Spanish-300x225.png 300w, https:\/\/startx39now.com\/wp-content\/uploads\/2025\/10\/ExponentialGrowth-Spanish-768x576.png 768w, https:\/\/startx39now.com\/wp-content\/uploads\/2025\/10\/ExponentialGrowth-Spanish-16x12.png 16w\" sizes=\"(max-width: 946px) 100vw, 946px\" \/>\t\t\t\t\t\t\t\t\t\t\t\t\t\t\t<\/div>\n\t\t\t\t<\/div>\n\t\t\t\t<\/div>\n\t\t<div class=\"elementor-element elementor-element-1050a23 e-flex e-con-boxed e-con e-child\" data-id=\"1050a23\" data-element_type=\"container\" data-e-type=\"container\">\n\t\t\t\t\t<div class=\"e-con-inner\">\n\t\t\t\t<div class=\"elementor-element elementor-element-8bbeb17 elementor-widget elementor-widget-text-editor\" data-id=\"8bbeb17\" data-element_type=\"widget\" data-e-type=\"widget\" data-widget_type=\"text-editor.default\">\n\t\t\t\t<div class=\"elementor-widget-container\">\n\t\t\t\t\t\t\t\t\t<p>Im Jahr 2008 wurde David von der National University of Ireland mit Forschungsarbeiten zu <strong>Funci\u00f3n de las c\u00e9lulas madre<\/strong> en humanos y animales.<\/p><p><span style=\"font-style: inherit; font-weight: inherit;\">Tras 10 a\u00f1os de investigaci\u00f3n sobre <\/span><strong style=\"font-style: inherit;\">70 patentes mundiales<\/strong><span style=\"font-style: inherit; font-weight: inherit;\"> sobre sus productos sanitarios.<\/span><\/p><p>En 2018 David Schmidt ya hab\u00eda patentado y presentado <strong>\u00a1Parche X39 de LifeWave!<\/strong><\/p><p>El mundo estaba listo para <strong>una tecnolog\u00eda asequible, segura y no invasiva<\/strong> que ha demostrado activar sus propias c\u00e9lulas madre.<\/p><p>En la actualidad, la empresa LifeWave genera m\u00e1s de 1.000 millones de euros. <strong>600 millones de d\u00f3lares<\/strong> en ventas, ha experimentado <strong>43% crecimiento<\/strong> a\u00f1o tras a\u00f1o y est\u00e1 en el <strong>25 principales empresas<\/strong> en nuestra industria.<\/p><p>LifeWave est\u00e1 en <strong>MOMENTO<\/strong> hoy, \u00a1porque el producto funciona!<\/p>\t\t\t\t\t\t\t\t<\/div>\n\t\t\t\t<\/div>\n\t\t\t\t\t<\/div>\n\t\t\t\t<\/div>\n\t\t\t\t\t<\/div>\n\t\t\t\t<\/div>\n\t\t\t\t\t<\/div>\n\t\t\t\t<\/div>\n\t\t<div class=\"elementor-element elementor-element-1c2a504 e-flex e-con-boxed e-con e-parent\" data-id=\"1c2a504\" data-element_type=\"container\" data-e-type=\"container\" data-settings=\"{&quot;background_background&quot;:&quot;classic&quot;}\">\n\t\t\t\t\t<div class=\"e-con-inner\">\n\t\t<div class=\"elementor-element elementor-element-8392716 e-con-full e-flex e-con e-child\" data-id=\"8392716\" data-element_type=\"container\" data-e-type=\"container\">\n\t\t\t\t<div class=\"elementor-element elementor-element-93aae10 elementor-widget elementor-widget-heading\" data-id=\"93aae10\" data-element_type=\"widget\" data-e-type=\"widget\" data-widget_type=\"heading.default\">\n\t\t\t\t<div class=\"elementor-widget-container\">\n\t\t\t\t\t<p class=\"elementor-heading-title elementor-size-default\">Descargo de responsabilidad: Nuestros parches se basan en la teor\u00eda de la fototerapia.<br>Los parches no est\u00e1n probados seg\u00fan los est\u00e1ndares de la medicina convencional y no deben utilizarse en lugar de la atenci\u00f3n m\u00e9dica.<\/p>\t\t\t\t<\/div>\n\t\t\t\t<\/div>\n\t\t\t\t<div class=\"elementor-element elementor-element-a10693d elementor-widget elementor-widget-heading\" data-id=\"a10693d\" data-element_type=\"widget\" data-e-type=\"widget\" data-widget_type=\"heading.default\">\n\t\t\t\t<div class=\"elementor-widget-container\">\n\t\t\t\t\t<p class=\"elementor-heading-title elementor-size-default\">Las declaraciones sobre los productos, sitios web o materiales asociados de LifeWave no han sido evaluadas por ninguna autoridad reguladora y no pretenden diagnosticar, tratar, curar o prevenir ninguna enfermedad o condici\u00f3n m\u00e9dica. El contenido presentado es en forma de resumen, es de car\u00e1cter general y se proporciona \u00fanicamente con fines informativos. No desestime ning\u00fan consejo m\u00e9dico que haya recibido ni se demore en buscarlo por algo que haya le\u00eddo en nuestros sitios web o materiales asociados. Consulte a su propio m\u00e9dico o proveedor de atenci\u00f3n sanitaria adecuado con respecto a sus propios s\u00edntomas o afecciones m\u00e9dicas, ya que estas enfermedades suelen presentarse con signos y s\u00edntomas variables. Consulte siempre a su m\u00e9dico o profesional sanitario cualificado antes de iniciar un nuevo tratamiento, dieta o programa de ejercicio f\u00edsico. No asumimos responsabilidad alguna por da\u00f1os o lesiones a personas o bienes derivados del uso de cualquier producto, informaci\u00f3n, idea o instrucci\u00f3n contenida en los materiales que le proporcionamos. Nos reservamos el derecho de cambiar o interrumpir en cualquier momento cualquier aspecto o caracter\u00edstica contenida en nuestra informaci\u00f3n.<\/p>\t\t\t\t<\/div>\n\t\t\t\t<\/div>\n\t\t\t\t<div class=\"elementor-element elementor-element-7f45e84 elementor-widget elementor-widget-heading\" data-id=\"7f45e84\" data-element_type=\"widget\" data-e-type=\"widget\" data-widget_type=\"heading.default\">\n\t\t\t\t<div class=\"elementor-widget-container\">\n\t\t\t\t\t<p class=\"elementor-heading-title elementor-size-default\">\u00a92026 StartX39Now.com | Todos los derechos reservados.<\/p>\t\t\t\t<\/div>\n\t\t\t\t<\/div>\n\t\t\t\t<\/div>\n\t\t\t\t\t<\/div>\n\t\t\t\t<\/div>\n\t\t\t\t<\/div>","protected":false},"excerpt":{"rendered":"<p>&lt; Back to HOME With over 200 patents to his name, meet the Inventor &amp; CEO David Schmidt LifeWave was founded in 2004 by entrepreneur and inventor David Schmidt. Prior to 2004, David was developing rocket engines. While working with the US Military, David was asked by the Navy Seals to create a new technology [&hellip;]<\/p>\n","protected":false},"author":1,"featured_media":10575,"parent":0,"menu_order":0,"comment_status":"closed","ping_status":"closed","template":"elementor_canvas","meta":{"site-sidebar-layout":"no-sidebar","site-content-layout":"page-builder","ast-site-content-layout":"full-width-container","site-content-style":"unboxed","site-sidebar-style":"unboxed","ast-global-header-display":"disabled","ast-banner-title-visibility":"","ast-main-header-display":"","ast-hfb-above-header-display":"","ast-hfb-below-header-display":"","ast-hfb-mobile-header-display":"","site-post-title":"disabled","ast-breadcrumbs-content":"","ast-featured-img":"disabled","footer-sml-layout":"","ast-disable-related-posts":"","theme-transparent-header-meta":"","adv-header-id-meta":"","stick-header-meta":"","header-above-stick-meta":"","header-main-stick-meta":"","header-below-stick-meta":"","astra-migrate-meta-layouts":"set","ast-page-background-enabled":"default","ast-page-background-meta":{"desktop":{"background-color":"var(--ast-global-color-4)","background-image":"","background-repeat":"repeat","background-position":"center center","background-size":"auto","background-attachment":"scroll","background-type":"","background-media":"","overlay-type":"","overlay-color":"","overlay-opacity":"","overlay-gradient":""},"tablet":{"background-color":"","background-image":"","background-repeat":"repeat","background-position":"center center","background-size":"auto","background-attachment":"scroll","background-type":"","background-media":"","overlay-type":"","overlay-color":"","overlay-opacity":"","overlay-gradient":""},"mobile":{"background-color":"","background-image":"","background-repeat":"repeat","background-position":"center center","background-size":"auto","background-attachment":"scroll","background-type":"","background-media":"","overlay-type":"","overlay-color":"","overlay-opacity":"","overlay-gradient":""}},"ast-content-background-meta":{"desktop":{"background-color":"var(--ast-global-color-5)","background-image":"","background-repeat":"repeat","background-position":"center center","background-size":"auto","background-attachment":"scroll","background-type":"","background-media":"","overlay-type":"","overlay-color":"","overlay-opacity":"","overlay-gradient":""},"tablet":{"background-color":"var(--ast-global-color-5)","background-image":"","background-repeat":"repeat","background-position":"center center","background-size":"auto","background-attachment":"scroll","background-type":"","background-media":"","overlay-type":"","overlay-color":"","overlay-opacity":"","overlay-gradient":""},"mobile":{"background-color":"var(--ast-global-color-5)","background-image":"","background-repeat":"repeat","background-position":"center center","background-size":"auto","background-attachment":"scroll","background-type":"","background-media":"","overlay-type":"","overlay-color":"","overlay-opacity":"","overlay-gradient":""}},"footnotes":""},"class_list":["post-10473","page","type-page","status-publish","has-post-thumbnail","hentry"],"yoast_head":"<!-- This site is optimized with the Yoast SEO plugin v27.4 - https:\/\/yoast.com\/product\/yoast-seo-wordpress\/ -->\n<title>Video 2 (2-Minutes): Meet Owner &amp; Inventor David Schmidt<\/title>\n<meta name=\"description\" content=\"Meet Owner &amp; Inventor David Schmidt\" \/>\n<meta name=\"robots\" content=\"noindex, follow\" \/>\n<meta property=\"og:locale\" content=\"es_MX\" \/>\n<meta property=\"og:type\" content=\"article\" \/>\n<meta property=\"og:title\" content=\"Video 2 (2-Minutes): Meet Owner &amp; Inventor David Schmidt\" \/>\n<meta property=\"og:description\" content=\"Meet Owner &amp; Inventor David Schmidt\" \/>\n<meta property=\"og:url\" content=\"https:\/\/startx39now.com\/es\/ds-sobre\/\" \/>\n<meta property=\"og:site_name\" content=\"Start X39 Now\" \/>\n<meta property=\"article:modified_time\" content=\"2026-01-26T03:49:04+00:00\" \/>\n<meta property=\"og:image\" content=\"https:\/\/startx39now.com\/wp-content\/uploads\/2025\/11\/MeetDavid-thumb.png\" \/>\n\t<meta property=\"og:image:width\" content=\"1280\" \/>\n\t<meta property=\"og:image:height\" content=\"720\" \/>\n\t<meta property=\"og:image:type\" content=\"image\/png\" \/>\n<meta name=\"twitter:card\" content=\"summary_large_image\" \/>\n<meta name=\"twitter:label1\" content=\"Tiempo de lectura\" \/>\n\t<meta name=\"twitter:data1\" content=\"3 minutos\" \/>\n<script type=\"application\/ld+json\" class=\"yoast-schema-graph\">{\"@context\":\"https:\\\/\\\/schema.org\",\"@graph\":[{\"@type\":\"WebPage\",\"@id\":\"https:\\\/\\\/startx39now.com\\\/ds-about\\\/\",\"url\":\"https:\\\/\\\/startx39now.com\\\/ds-about\\\/\",\"name\":\"Video 2 (2-Minutes): Meet Owner & Inventor David Schmidt\",\"isPartOf\":{\"@id\":\"https:\\\/\\\/startx39now.com\\\/#website\"},\"primaryImageOfPage\":{\"@id\":\"https:\\\/\\\/startx39now.com\\\/ds-about\\\/#primaryimage\"},\"image\":{\"@id\":\"https:\\\/\\\/startx39now.com\\\/ds-about\\\/#primaryimage\"},\"thumbnailUrl\":\"https:\\\/\\\/startx39now.com\\\/wp-content\\\/uploads\\\/2025\\\/11\\\/MeetDavid-thumb.png\",\"datePublished\":\"2025-10-30T01:03:41+00:00\",\"dateModified\":\"2026-01-26T03:49:04+00:00\",\"description\":\"Meet Owner & Inventor David Schmidt\",\"breadcrumb\":{\"@id\":\"https:\\\/\\\/startx39now.com\\\/ds-about\\\/#breadcrumb\"},\"inLanguage\":\"es\",\"potentialAction\":[{\"@type\":\"ReadAction\",\"target\":[\"https:\\\/\\\/startx39now.com\\\/ds-about\\\/\"]}]},{\"@type\":\"ImageObject\",\"inLanguage\":\"es\",\"@id\":\"https:\\\/\\\/startx39now.com\\\/ds-about\\\/#primaryimage\",\"url\":\"https:\\\/\\\/startx39now.com\\\/wp-content\\\/uploads\\\/2025\\\/11\\\/MeetDavid-thumb.png\",\"contentUrl\":\"https:\\\/\\\/startx39now.com\\\/wp-content\\\/uploads\\\/2025\\\/11\\\/MeetDavid-thumb.png\",\"width\":1280,\"height\":720},{\"@type\":\"BreadcrumbList\",\"@id\":\"https:\\\/\\\/startx39now.com\\\/ds-about\\\/#breadcrumb\",\"itemListElement\":[{\"@type\":\"ListItem\",\"position\":1,\"name\":\"Home\",\"item\":\"https:\\\/\\\/startx39now.com\\\/\"},{\"@type\":\"ListItem\",\"position\":2,\"name\":\"Video 2 &#8211; DS About\"}]},{\"@type\":\"WebSite\",\"@id\":\"https:\\\/\\\/startx39now.com\\\/#website\",\"url\":\"https:\\\/\\\/startx39now.com\\\/\",\"name\":\"Start X39 Now\",\"description\":\"Stem cell activation therapy in a patch. No drugs, no injections, just our body&#039;s own light. Naturally reactivate your stem cells with a simple patch.\",\"potentialAction\":[{\"@type\":\"SearchAction\",\"target\":{\"@type\":\"EntryPoint\",\"urlTemplate\":\"https:\\\/\\\/startx39now.com\\\/?s={search_term_string}\"},\"query-input\":{\"@type\":\"PropertyValueSpecification\",\"valueRequired\":true,\"valueName\":\"search_term_string\"}}],\"inLanguage\":\"es\"}]}<\/script>\n<!-- \/ Yoast SEO plugin. -->","yoast_head_json":{"title":"Video 2 (2 minutos): Conozca al propietario e inventor David Schmidt","description":"Conozca al propietario e inventor David Schmidt","robots":{"index":"noindex","follow":"follow"},"og_locale":"es_MX","og_type":"article","og_title":"Video 2 (2-Minutes): Meet Owner & Inventor David Schmidt","og_description":"Meet Owner & Inventor David Schmidt","og_url":"https:\/\/startx39now.com\/es\/ds-sobre\/","og_site_name":"Start X39 Now","article_modified_time":"2026-01-26T03:49:04+00:00","og_image":[{"width":1280,"height":720,"url":"https:\/\/startx39now.com\/wp-content\/uploads\/2025\/11\/MeetDavid-thumb.png","type":"image\/png"}],"twitter_card":"summary_large_image","twitter_misc":{"Tiempo de lectura":"3 minutos"},"schema":{"@context":"https:\/\/schema.org","@graph":[{"@type":"WebPage","@id":"https:\/\/startx39now.com\/ds-about\/","url":"https:\/\/startx39now.com\/ds-about\/","name":"Video 2 (2 minutos): Conozca al propietario e inventor David Schmidt","isPartOf":{"@id":"https:\/\/startx39now.com\/#website"},"primaryImageOfPage":{"@id":"https:\/\/startx39now.com\/ds-about\/#primaryimage"},"image":{"@id":"https:\/\/startx39now.com\/ds-about\/#primaryimage"},"thumbnailUrl":"https:\/\/startx39now.com\/wp-content\/uploads\/2025\/11\/MeetDavid-thumb.png","datePublished":"2025-10-30T01:03:41+00:00","dateModified":"2026-01-26T03:49:04+00:00","description":"Conozca al propietario e inventor David Schmidt","breadcrumb":{"@id":"https:\/\/startx39now.com\/ds-about\/#breadcrumb"},"inLanguage":"es","potentialAction":[{"@type":"ReadAction","target":["https:\/\/startx39now.com\/ds-about\/"]}]},{"@type":"ImageObject","inLanguage":"es","@id":"https:\/\/startx39now.com\/ds-about\/#primaryimage","url":"https:\/\/startx39now.com\/wp-content\/uploads\/2025\/11\/MeetDavid-thumb.png","contentUrl":"https:\/\/startx39now.com\/wp-content\/uploads\/2025\/11\/MeetDavid-thumb.png","width":1280,"height":720},{"@type":"BreadcrumbList","@id":"https:\/\/startx39now.com\/ds-about\/#breadcrumb","itemListElement":[{"@type":"ListItem","position":1,"name":"Home","item":"https:\/\/startx39now.com\/"},{"@type":"ListItem","position":2,"name":"Video 2 &#8211; DS About"}]},{"@type":"WebSite","@id":"https:\/\/startx39now.com\/#website","url":"https:\/\/startx39now.com\/","name":"Iniciar X39 ahora","description":"Terapia de activaci\u00f3n de c\u00e9lulas madre en un parche. Sin medicamentos, sin inyecciones, solo con la luz de nuestro propio cuerpo. Reactiva de forma natural tus c\u00e9lulas madre con un simple parche.","potentialAction":[{"@type":"SearchAction","target":{"@type":"EntryPoint","urlTemplate":"https:\/\/startx39now.com\/?s={search_term_string}"},"query-input":{"@type":"PropertyValueSpecification","valueRequired":true,"valueName":"search_term_string"}}],"inLanguage":"es"}]}},"_links":{"self":[{"href":"https:\/\/startx39now.com\/es\/wp-json\/wp\/v2\/pages\/10473","targetHints":{"allow":["GET"]}}],"collection":[{"href":"https:\/\/startx39now.com\/es\/wp-json\/wp\/v2\/pages"}],"about":[{"href":"https:\/\/startx39now.com\/es\/wp-json\/wp\/v2\/types\/page"}],"author":[{"embeddable":true,"href":"https:\/\/startx39now.com\/es\/wp-json\/wp\/v2\/users\/1"}],"replies":[{"embeddable":true,"href":"https:\/\/startx39now.com\/es\/wp-json\/wp\/v2\/comments?post=10473"}],"version-history":[{"count":0,"href":"https:\/\/startx39now.com\/es\/wp-json\/wp\/v2\/pages\/10473\/revisions"}],"wp:featuredmedia":[{"embeddable":true,"href":"https:\/\/startx39now.com\/es\/wp-json\/wp\/v2\/media\/10575"}],"wp:attachment":[{"href":"https:\/\/startx39now.com\/es\/wp-json\/wp\/v2\/media?parent=10473"}],"curies":[{"name":"wp","href":"https:\/\/api.w.org\/{rel}","templated":true}]}}