{"id":4898,"date":"2023-11-25T20:56:20","date_gmt":"2023-11-25T20:56:20","guid":{"rendered":"https:\/\/startx39now.com\/?page_id=4898"},"modified":"2023-12-28T03:13:49","modified_gmt":"2023-12-28T03:13:49","slug":"wissenschaft-hinter-x39","status":"publish","type":"page","link":"https:\/\/startx39now.com\/de\/science-behind-x39\/","title":{"rendered":"Die Wissenschaft hinter X39"},"content":{"rendered":"<div data-elementor-type=\"wp-page\" data-elementor-id=\"4898\" class=\"elementor elementor-4898\" data-elementor-post-type=\"page\">\n\t\t\t\t<div class=\"elementor-element elementor-element-1304798 e-flex e-con-boxed e-con e-parent\" data-id=\"1304798\" data-element_type=\"container\" data-e-type=\"container\" data-settings=\"{&quot;background_background&quot;:&quot;classic&quot;,&quot;shape_divider_bottom&quot;:&quot;split&quot;,&quot;shape_divider_bottom_negative&quot;:&quot;yes&quot;}\">\n\t\t\t\t\t<div class=\"e-con-inner\">\n\t\t\t\t<div class=\"elementor-shape elementor-shape-bottom\" aria-hidden=\"true\" data-negative=\"true\">\n\t\t\t<svg xmlns=\"http:\/\/www.w3.org\/2000\/svg\" viewbox=\"0 0 1000 20\" preserveaspectratio=\"none\">\n\t<path class=\"elementor-shape-fill\" d=\"M519.8,0.2c-11,0-19.8,8.5-19.8,19c0-10.4-8.8-19-19.8-19L0,0v20h1000V0.2H519.8z\"\/>\n<\/svg>\t\t<\/div>\n\t\t<div class=\"elementor-element elementor-element-7bb1bc5e e-con-full e-flex e-con e-child\" data-id=\"7bb1bc5e\" data-element_type=\"container\" data-e-type=\"container\">\n\t\t\t\t<div class=\"elementor-element elementor-element-3d8dab94 elementor-widget elementor-widget-heading\" data-id=\"3d8dab94\" data-element_type=\"widget\" data-e-type=\"widget\" data-widget_type=\"heading.default\">\n\t\t\t\t<div class=\"elementor-widget-container\">\n\t\t\t\t\t<h2 class=\"elementor-heading-title elementor-size-default\">Die Wissenschaft hinter dem<\/h2>\t\t\t\t<\/div>\n\t\t\t\t<\/div>\n\t\t\t\t<div class=\"elementor-element elementor-element-60fe6b8a elementor-widget elementor-widget-heading\" data-id=\"60fe6b8a\" data-element_type=\"widget\" data-e-type=\"widget\" data-widget_type=\"heading.default\">\n\t\t\t\t<div class=\"elementor-widget-container\">\n\t\t\t\t\t<h1 class=\"elementor-heading-title elementor-size-default\">Patentierter X39-Aufn\u00e4her<\/h1>\t\t\t\t<\/div>\n\t\t\t\t<\/div>\n\t\t\t\t<\/div>\n\t\t<div class=\"elementor-element elementor-element-45ed7e40 e-con-full e-flex e-con e-child\" data-id=\"45ed7e40\" data-element_type=\"container\" data-e-type=\"container\">\n\t\t\t\t<div class=\"elementor-element elementor-element-37fcba63 elementor-widget elementor-widget-image\" data-id=\"37fcba63\" data-element_type=\"widget\" data-e-type=\"widget\" data-widget_type=\"image.default\">\n\t\t\t\t<div class=\"elementor-widget-container\">\n\t\t\t\t\t\t\t\t\t\t\t\t\t\t\t<img fetchpriority=\"high\" decoding=\"async\" width=\"600\" height=\"375\" src=\"https:\/\/startx39now.com\/wp-content\/uploads\/2023\/11\/patches-OnCircle-mobileIsolated.png\" class=\"attachment-large size-large wp-image-4900\" alt=\"\" srcset=\"https:\/\/startx39now.com\/wp-content\/uploads\/2023\/11\/patches-OnCircle-mobileIsolated.png 600w, https:\/\/startx39now.com\/wp-content\/uploads\/2023\/11\/patches-OnCircle-mobileIsolated-300x188.png 300w\" sizes=\"(max-width: 600px) 100vw, 600px\" \/>\t\t\t\t\t\t\t\t\t\t\t\t\t\t\t<\/div>\n\t\t\t\t<\/div>\n\t\t\t\t<\/div>\n\t\t\t\t\t<\/div>\n\t\t\t\t<\/div>\n\t\t<div class=\"elementor-element elementor-element-342692d5 e-flex e-con-boxed e-con e-parent\" data-id=\"342692d5\" data-element_type=\"container\" data-e-type=\"container\" data-settings=\"{&quot;background_background&quot;:&quot;classic&quot;}\">\n\t\t\t\t\t<div class=\"e-con-inner\">\n\t\t<div class=\"elementor-element elementor-element-78a5ad6e e-flex e-con-boxed e-con e-child\" data-id=\"78a5ad6e\" data-element_type=\"container\" data-e-type=\"container\">\n\t\t\t\t\t<div class=\"e-con-inner\">\n\t\t\t\t<div class=\"elementor-element elementor-element-dfbdb60 elementor-widget elementor-widget-heading\" data-id=\"dfbdb60\" data-element_type=\"widget\" data-e-type=\"widget\" data-widget_type=\"heading.default\">\n\t\t\t\t<div class=\"elementor-widget-container\">\n\t\t\t\t\t<h1 class=\"elementor-heading-title elementor-size-default\">Treffen Sie den Erfinder\/CEO David Schmidt<\/h1>\t\t\t\t<\/div>\n\t\t\t\t<\/div>\n\t\t\t\t<div class=\"elementor-element elementor-element-c5b82ce elementor-widget elementor-widget-heading\" data-id=\"c5b82ce\" data-element_type=\"widget\" data-e-type=\"widget\" data-widget_type=\"heading.default\">\n\t\t\t\t<div class=\"elementor-widget-container\">\n\t\t\t\t\t<h3 class=\"elementor-heading-title elementor-size-default\">LifeWave wurde 2004 von dem Unternehmer und Erfinder David Schmidt gegr\u00fcndet.<\/h3>\t\t\t\t<\/div>\n\t\t\t\t<\/div>\n\t\t\t\t<div class=\"elementor-element elementor-element-c628834 elementor-widget elementor-widget-text-editor\" data-id=\"c628834\" data-element_type=\"widget\" data-e-type=\"widget\" data-widget_type=\"text-editor.default\">\n\t\t\t\t<div class=\"elementor-widget-container\">\n\t\t\t\t\t\t\t\t\t<p>Vor 2004 entwickelte David schaufellose Turbinen zur Stromerzeugung und Raketenmotoren mit Metallverbrennung. Er erinnert mich an Iron Man!<\/p>\n<p>W\u00e4hrend er mit der US Navy an der n\u00e4chsten Generation von Mini-U-Booten arbeitete, begann David mit der Entwicklung der LifeWave-Technologie, einer neuen Methode zur Verbesserung des Energieflusses durch Aktivierung des k\u00f6rpereigenen Lichts, und Lifewave wurde mit dem Energy Enhancer Patch geboren.<\/p>\t\t\t\t\t\t\t\t<\/div>\n\t\t\t\t<\/div>\n\t\t\t\t\t<\/div>\n\t\t\t\t<\/div>\n\t\t<div class=\"elementor-element elementor-element-792cdaa4 e-flex e-con-boxed e-con e-child\" data-id=\"792cdaa4\" data-element_type=\"container\" data-e-type=\"container\">\n\t\t\t\t\t<div class=\"e-con-inner\">\n\t\t<div class=\"elementor-element elementor-element-333b0f2d e-flex e-con-boxed e-con e-child\" data-id=\"333b0f2d\" data-element_type=\"container\" data-e-type=\"container\">\n\t\t\t\t\t<div class=\"e-con-inner\">\n\t\t\t\t<div class=\"elementor-element elementor-element-6dae7680 elementor-widget elementor-widget-text-editor\" data-id=\"6dae7680\" data-element_type=\"widget\" data-e-type=\"widget\" data-widget_type=\"text-editor.default\">\n\t\t\t\t<div class=\"elementor-widget-container\">\n\t\t\t\t\t\t\t\t\t<p>Im Jahr 2008 wandte David seine Aufmerksamkeit dem aufstrebenden Gebiet der Stammzellen zu. Er fand heraus, dass die Verwendung von gepulsten elektromagnetischen Feldern positive Auswirkungen auf die Funktion von Stammzellen hat.<\/p><p>Forschungen an der National University of Ireland haben gezeigt, dass dies f\u00fcr die Verbesserung der Stammzellenfunktion bei Tieren und Menschen tats\u00e4chlich zutrifft.<\/p><p>Das Ergebnis ist, <strong>\u00fcber 70 globale Patente wurden erteilt<\/strong> f\u00fcr diese Medizinprodukte.<\/p><p>David untersuchte auch, wie Wellenl\u00e4ngen von Licht bestimmte Peptide im K\u00f6rper verbessern k\u00f6nnen, insbesondere GHK-Cu und AHK-Cu, und wie diese Peptide die Heilung und die Funktion der Stammzellen verbessern.  Dieses Forschungsgebiet ist als Photobiomodulation bekannt.<\/p><p>2018 haben David Schmidt und Lifewave seine \u201cWearable Light Technology\u201c - das X39-Phototherapiepflaster - patentiert und eingef\u00fchrt!<\/p>\t\t\t\t\t\t\t\t<\/div>\n\t\t\t\t<\/div>\n\t\t\t\t\t<\/div>\n\t\t\t\t<\/div>\n\t\t<div class=\"elementor-element elementor-element-7d0cf007 e-flex e-con-boxed e-con e-child\" data-id=\"7d0cf007\" data-element_type=\"container\" data-e-type=\"container\">\n\t\t\t\t\t<div class=\"e-con-inner\">\n\t\t\t\t<div class=\"elementor-element elementor-element-10318fb1 elementor-widget elementor-widget-image\" data-id=\"10318fb1\" data-element_type=\"widget\" data-e-type=\"widget\" data-widget_type=\"image.default\">\n\t\t\t\t<div class=\"elementor-widget-container\">\n\t\t\t\t\t\t\t\t\t\t\t\t\t\t\t<img decoding=\"async\" width=\"1024\" height=\"682\" src=\"https:\/\/startx39now.com\/wp-content\/uploads\/2023\/11\/davidSchmidt-presenting-1024x682.jpeg\" class=\"attachment-large size-large wp-image-5053\" alt=\"\" srcset=\"https:\/\/startx39now.com\/wp-content\/uploads\/2023\/11\/davidSchmidt-presenting-1024x682.jpeg 1024w, https:\/\/startx39now.com\/wp-content\/uploads\/2023\/11\/davidSchmidt-presenting-300x200.jpeg 300w, https:\/\/startx39now.com\/wp-content\/uploads\/2023\/11\/davidSchmidt-presenting-768x512.jpeg 768w, https:\/\/startx39now.com\/wp-content\/uploads\/2023\/11\/davidSchmidt-presenting.jpeg 1400w\" sizes=\"(max-width: 1024px) 100vw, 1024px\" \/>\t\t\t\t\t\t\t\t\t\t\t\t\t\t\t<\/div>\n\t\t\t\t<\/div>\n\t\t\t\t\t<\/div>\n\t\t\t\t<\/div>\n\t\t\t\t\t<\/div>\n\t\t\t\t<\/div>\n\t\t\t\t\t<\/div>\n\t\t\t\t<\/div>\n\t\t<div class=\"elementor-element elementor-element-392ee7ce e-flex e-con-boxed e-con e-parent\" data-id=\"392ee7ce\" data-element_type=\"container\" data-e-type=\"container\" data-settings=\"{&quot;background_background&quot;:&quot;classic&quot;}\">\n\t\t\t\t\t<div class=\"e-con-inner\">\n\t\t<div class=\"elementor-element elementor-element-2b0bd84 e-flex e-con-boxed e-con e-child\" data-id=\"2b0bd84\" data-element_type=\"container\" data-e-type=\"container\">\n\t\t\t\t\t<div class=\"e-con-inner\">\n\t\t\t\t<div class=\"elementor-element elementor-element-23f2bed5 elementor-widget elementor-widget-heading\" data-id=\"23f2bed5\" data-element_type=\"widget\" data-e-type=\"widget\" data-widget_type=\"heading.default\">\n\t\t\t\t<div class=\"elementor-widget-container\">\n\t\t\t\t\t<h1 class=\"elementor-heading-title elementor-size-default\">Das X39-Patent<\/h1>\t\t\t\t<\/div>\n\t\t\t\t<\/div>\n\t\t\t\t\t<\/div>\n\t\t\t\t<\/div>\n\t\t<div class=\"elementor-element elementor-element-604be438 e-flex e-con-boxed e-con e-child\" data-id=\"604be438\" data-element_type=\"container\" data-e-type=\"container\">\n\t\t\t\t\t<div class=\"e-con-inner\">\n\t\t<div class=\"elementor-element elementor-element-627f3a8c e-flex e-con-boxed e-con e-child\" data-id=\"627f3a8c\" data-element_type=\"container\" data-e-type=\"container\">\n\t\t\t\t\t<div class=\"e-con-inner\">\n\t\t\t\t<div class=\"elementor-element elementor-element-1c4b05d1 elementor-widget elementor-widget-image\" data-id=\"1c4b05d1\" data-element_type=\"widget\" data-e-type=\"widget\" data-widget_type=\"image.default\">\n\t\t\t\t<div class=\"elementor-widget-container\">\n\t\t\t\t\t\t\t\t\t\t\t\t\t\t\t<img decoding=\"async\" width=\"482\" height=\"453\" src=\"https:\/\/startx39now.com\/wp-content\/uploads\/2023\/11\/Patent-X39-1.png\" class=\"attachment-large size-large wp-image-4903\" alt=\"\" srcset=\"https:\/\/startx39now.com\/wp-content\/uploads\/2023\/11\/Patent-X39-1.png 482w, https:\/\/startx39now.com\/wp-content\/uploads\/2023\/11\/Patent-X39-1-300x282.png 300w\" sizes=\"(max-width: 482px) 100vw, 482px\" \/>\t\t\t\t\t\t\t\t\t\t\t\t\t\t\t<\/div>\n\t\t\t\t<\/div>\n\t\t\t\t<div class=\"elementor-element elementor-element-3dab9fee elementor-widget elementor-widget-image\" data-id=\"3dab9fee\" data-element_type=\"widget\" data-e-type=\"widget\" data-widget_type=\"image.default\">\n\t\t\t\t<div class=\"elementor-widget-container\">\n\t\t\t\t\t\t\t\t\t\t\t\t\t\t\t<img loading=\"lazy\" decoding=\"async\" width=\"978\" height=\"634\" src=\"https:\/\/startx39now.com\/wp-content\/uploads\/2023\/11\/X39-Patent-AbstractHighlight.png\" class=\"attachment-large size-large wp-image-4904\" alt=\"\" srcset=\"https:\/\/startx39now.com\/wp-content\/uploads\/2023\/11\/X39-Patent-AbstractHighlight.png 978w, https:\/\/startx39now.com\/wp-content\/uploads\/2023\/11\/X39-Patent-AbstractHighlight-300x194.png 300w, https:\/\/startx39now.com\/wp-content\/uploads\/2023\/11\/X39-Patent-AbstractHighlight-768x498.png 768w\" sizes=\"(max-width: 978px) 100vw, 978px\" \/>\t\t\t\t\t\t\t\t\t\t\t\t\t\t\t<\/div>\n\t\t\t\t<\/div>\n\t\t\t\t<div class=\"elementor-element elementor-element-3c935433 elementor-mobile-align-justify elementor-widget elementor-widget-button\" data-id=\"3c935433\" data-element_type=\"widget\" data-e-type=\"widget\" data-widget_type=\"button.default\">\n\t\t\t\t<div class=\"elementor-widget-container\">\n\t\t\t\t\t\t\t\t\t<div class=\"elementor-button-wrapper\">\n\t\t\t\t\t<a class=\"elementor-button elementor-button-link elementor-size-sm\" href=\"https:\/\/startx39now.com\/wp-content\/uploads\/2023\/11\/x39_FullPatent-lowRes.pdf\" target=\"_blank\">\n\t\t\t\t\t\t<span class=\"elementor-button-content-wrapper\">\n\t\t\t\t\t\t\t\t\t<span class=\"elementor-button-text\">Lesen Sie hier das vollst\u00e4ndige X39-Patent!<\/span>\n\t\t\t\t\t<\/span>\n\t\t\t\t\t<\/a>\n\t\t\t\t<\/div>\n\t\t\t\t\t\t\t\t<\/div>\n\t\t\t\t<\/div>\n\t\t\t\t\t<\/div>\n\t\t\t\t<\/div>\n\t\t<div class=\"elementor-element elementor-element-1cb3f7e5 e-flex e-con-boxed e-con e-child\" data-id=\"1cb3f7e5\" data-element_type=\"container\" data-e-type=\"container\">\n\t\t\t\t\t<div class=\"e-con-inner\">\n\t\t\t\t<div class=\"elementor-element elementor-element-2a503293 elementor-widget elementor-widget-image\" data-id=\"2a503293\" data-element_type=\"widget\" data-e-type=\"widget\" data-widget_type=\"image.default\">\n\t\t\t\t<div class=\"elementor-widget-container\">\n\t\t\t\t\t\t\t\t\t\t\t\t\t\t\t<img loading=\"lazy\" decoding=\"async\" width=\"791\" height=\"1024\" src=\"https:\/\/startx39now.com\/wp-content\/uploads\/2023\/11\/X39-Patent-highlight-791x1024.png\" class=\"attachment-large size-large wp-image-4905\" alt=\"\" srcset=\"https:\/\/startx39now.com\/wp-content\/uploads\/2023\/11\/X39-Patent-highlight-791x1024.png 791w, https:\/\/startx39now.com\/wp-content\/uploads\/2023\/11\/X39-Patent-highlight-232x300.png 232w, https:\/\/startx39now.com\/wp-content\/uploads\/2023\/11\/X39-Patent-highlight-768x994.png 768w, https:\/\/startx39now.com\/wp-content\/uploads\/2023\/11\/X39-Patent-highlight-1187x1536.png 1187w, https:\/\/startx39now.com\/wp-content\/uploads\/2023\/11\/X39-Patent-highlight-1583x2048.png 1583w\" sizes=\"(max-width: 791px) 100vw, 791px\" \/>\t\t\t\t\t\t\t\t\t\t\t\t\t\t\t<\/div>\n\t\t\t\t<\/div>\n\t\t\t\t\t<\/div>\n\t\t\t\t<\/div>\n\t\t\t\t\t<\/div>\n\t\t\t\t<\/div>\n\t\t\t\t\t<\/div>\n\t\t\t\t<\/div>\n\t\t<div class=\"elementor-element elementor-element-f1df55c e-flex e-con-boxed e-con e-parent\" data-id=\"f1df55c\" data-element_type=\"container\" data-e-type=\"container\" data-settings=\"{&quot;background_background&quot;:&quot;classic&quot;}\">\n\t\t\t\t\t<div class=\"e-con-inner\">\n\t\t<div class=\"elementor-element elementor-element-5f8c9fed e-con-full e-flex e-con e-child\" data-id=\"5f8c9fed\" data-element_type=\"container\" data-e-type=\"container\">\n\t\t\t\t<div class=\"elementor-element elementor-element-4ba52bae elementor-widget elementor-widget-heading\" data-id=\"4ba52bae\" data-element_type=\"widget\" data-e-type=\"widget\" data-widget_type=\"heading.default\">\n\t\t\t\t<div class=\"elementor-widget-container\">\n\t\t\t\t\t<p class=\"elementor-heading-title elementor-size-default\">Die Aussagen zu LifeWave-Produkten, auf den Websites oder in den zugeh\u00f6rigen Materialien wurden von keiner Aufsichtsbeh\u00f6rde gepr\u00fcft und dienen nicht der Diagnose, Behandlung, Heilung oder Vorbeugung von Krankheiten oder medizinischen Beschwerden. Die pr\u00e4sentierten Inhalte sind zusammenfassend, allgemeiner Natur und dienen ausschlie\u00dflich Informationszwecken. Ignorieren Sie keine \u00e4rztlichen Ratschl\u00e4ge und verz\u00f6gern Sie keine notwendige \u00e4rztliche Behandlung aufgrund von Informationen, die Sie auf unseren Websites oder in den zugeh\u00f6rigen Materialien gelesen haben. Bitte konsultieren Sie Ihren Arzt oder einen anderen qualifizierten Gesundheitsdienstleister bez\u00fcglich Ihrer Symptome oder Erkrankungen, da diese Krankheiten h\u00e4ufig mit unterschiedlichen Anzeichen und Symptomen einhergehen. Konsultieren Sie immer Ihren Arzt oder einen anderen qualifizierten Gesundheitsdienstleister, bevor Sie eine neue Behandlung, Di\u00e4t oder ein neues Fitnessprogramm beginnen. Wir \u00fcbernehmen keine Haftung oder Verantwortung f\u00fcr Sch\u00e4den oder Verletzungen von Personen oder Sachen, die sich aus der Verwendung von Produkten, Informationen, Ideen oder Anweisungen in den Ihnen zur Verf\u00fcgung gestellten Materialien ergeben. Wir behalten uns das Recht vor, jederzeit Aspekte oder Funktionen unserer Informationen zu \u00e4ndern oder einzustellen.<\/p>\t\t\t\t<\/div>\n\t\t\t\t<\/div>\n\t\t\t\t<\/div>\n\t\t\t\t\t<\/div>\n\t\t\t\t<\/div>\n\t\t\t\t<\/div>","protected":false},"excerpt":{"rendered":"<p>The Science Behind the Patented X39 Patch Meet the Inventor\/CEO David Schmidt LifeWave was founded in 2004 by entrepreneur and inventor David Schmidt. Prior to 2004, David developed bladeless-turbine power generation systems and metal-combustion rocket engines. He reminds me of Iron Man! While working with the US Navy on next generation mini-subs, David then began [&hellip;]<\/p>\n","protected":false},"author":1,"featured_media":0,"parent":0,"menu_order":0,"comment_status":"closed","ping_status":"closed","template":"elementor_theme","meta":{"site-sidebar-layout":"no-sidebar","site-content-layout":"page-builder","ast-site-content-layout":"full-width-container","site-content-style":"default","site-sidebar-style":"default","ast-global-header-display":"","ast-banner-title-visibility":"","ast-main-header-display":"","ast-hfb-above-header-display":"","ast-hfb-below-header-display":"","ast-hfb-mobile-header-display":"","site-post-title":"disabled","ast-breadcrumbs-content":"","ast-featured-img":"disabled","footer-sml-layout":"","ast-disable-related-posts":"","theme-transparent-header-meta":"","adv-header-id-meta":"","stick-header-meta":"","header-above-stick-meta":"","header-main-stick-meta":"","header-below-stick-meta":"","astra-migrate-meta-layouts":"set","ast-page-background-enabled":"default","ast-page-background-meta":{"desktop":{"background-color":"var(--ast-global-color-4)","background-image":"","background-repeat":"repeat","background-position":"center center","background-size":"auto","background-attachment":"scroll","background-type":"","background-media":"","overlay-type":"","overlay-color":"","overlay-opacity":"","overlay-gradient":""},"tablet":{"background-color":"","background-image":"","background-repeat":"repeat","background-position":"center center","background-size":"auto","background-attachment":"scroll","background-type":"","background-media":"","overlay-type":"","overlay-color":"","overlay-opacity":"","overlay-gradient":""},"mobile":{"background-color":"","background-image":"","background-repeat":"repeat","background-position":"center center","background-size":"auto","background-attachment":"scroll","background-type":"","background-media":"","overlay-type":"","overlay-color":"","overlay-opacity":"","overlay-gradient":""}},"ast-content-background-meta":{"desktop":{"background-color":"var(--ast-global-color-5)","background-image":"","background-repeat":"repeat","background-position":"center center","background-size":"auto","background-attachment":"scroll","background-type":"","background-media":"","overlay-type":"","overlay-color":"","overlay-opacity":"","overlay-gradient":""},"tablet":{"background-color":"var(--ast-global-color-5)","background-image":"","background-repeat":"repeat","background-position":"center center","background-size":"auto","background-attachment":"scroll","background-type":"","background-media":"","overlay-type":"","overlay-color":"","overlay-opacity":"","overlay-gradient":""},"mobile":{"background-color":"var(--ast-global-color-5)","background-image":"","background-repeat":"repeat","background-position":"center center","background-size":"auto","background-attachment":"scroll","background-type":"","background-media":"","overlay-type":"","overlay-color":"","overlay-opacity":"","overlay-gradient":""}},"footnotes":""},"class_list":["post-4898","page","type-page","status-publish","hentry"],"yoast_head":"<!-- This site is optimized with the Yoast SEO plugin v27.5 - https:\/\/yoast.com\/product\/yoast-seo-wordpress\/ -->\n<title>Science Behind X39 - Start X39 Now<\/title>\n<meta name=\"robots\" content=\"noindex, follow\" \/>\n<meta property=\"og:locale\" content=\"de_DE\" \/>\n<meta property=\"og:type\" content=\"article\" \/>\n<meta property=\"og:title\" content=\"Science Behind X39 - Start X39 Now\" \/>\n<meta property=\"og:description\" content=\"The Science Behind the Patented X39 Patch Meet the Inventor\/CEO David Schmidt LifeWave was founded in 2004 by entrepreneur and inventor David Schmidt. Prior to 2004, David developed bladeless-turbine power generation systems and metal-combustion rocket engines. He reminds me of Iron Man! While working with the US Navy on next generation mini-subs, David then began [&hellip;]\" \/>\n<meta property=\"og:url\" content=\"https:\/\/startx39now.com\/de\/wissenschaft-hinter-x39\/\" \/>\n<meta property=\"og:site_name\" content=\"Start X39 Now\" \/>\n<meta property=\"article:modified_time\" content=\"2023-12-28T03:13:49+00:00\" \/>\n<meta property=\"og:image\" content=\"https:\/\/startx39now.com\/wp-content\/uploads\/2023\/11\/patches-OnCircle-mobileIsolated.png\" \/>\n<meta name=\"twitter:card\" content=\"summary_large_image\" \/>\n<meta name=\"twitter:label1\" content=\"Gesch\u00e4tzte Lesezeit\" \/>\n\t<meta name=\"twitter:data1\" content=\"3\u00a0Minuten\" \/>\n<script type=\"application\/ld+json\" class=\"yoast-schema-graph\">{\"@context\":\"https:\\\/\\\/schema.org\",\"@graph\":[{\"@type\":\"WebPage\",\"@id\":\"https:\\\/\\\/startx39now.com\\\/science-behind-x39\\\/\",\"url\":\"https:\\\/\\\/startx39now.com\\\/science-behind-x39\\\/\",\"name\":\"Science Behind X39 - Start X39 Now\",\"isPartOf\":{\"@id\":\"https:\\\/\\\/startx39now.com\\\/#website\"},\"primaryImageOfPage\":{\"@id\":\"https:\\\/\\\/startx39now.com\\\/science-behind-x39\\\/#primaryimage\"},\"image\":{\"@id\":\"https:\\\/\\\/startx39now.com\\\/science-behind-x39\\\/#primaryimage\"},\"thumbnailUrl\":\"https:\\\/\\\/startx39now.com\\\/wp-content\\\/uploads\\\/2023\\\/11\\\/patches-OnCircle-mobileIsolated.png\",\"datePublished\":\"2023-11-25T20:56:20+00:00\",\"dateModified\":\"2023-12-28T03:13:49+00:00\",\"breadcrumb\":{\"@id\":\"https:\\\/\\\/startx39now.com\\\/science-behind-x39\\\/#breadcrumb\"},\"inLanguage\":\"de\",\"potentialAction\":[{\"@type\":\"ReadAction\",\"target\":[\"https:\\\/\\\/startx39now.com\\\/science-behind-x39\\\/\"]}]},{\"@type\":\"ImageObject\",\"inLanguage\":\"de\",\"@id\":\"https:\\\/\\\/startx39now.com\\\/science-behind-x39\\\/#primaryimage\",\"url\":\"https:\\\/\\\/startx39now.com\\\/wp-content\\\/uploads\\\/2023\\\/11\\\/patches-OnCircle-mobileIsolated.png\",\"contentUrl\":\"https:\\\/\\\/startx39now.com\\\/wp-content\\\/uploads\\\/2023\\\/11\\\/patches-OnCircle-mobileIsolated.png\"},{\"@type\":\"BreadcrumbList\",\"@id\":\"https:\\\/\\\/startx39now.com\\\/science-behind-x39\\\/#breadcrumb\",\"itemListElement\":[{\"@type\":\"ListItem\",\"position\":1,\"name\":\"Home\",\"item\":\"https:\\\/\\\/startx39now.com\\\/\"},{\"@type\":\"ListItem\",\"position\":2,\"name\":\"Science Behind X39\"}]},{\"@type\":\"WebSite\",\"@id\":\"https:\\\/\\\/startx39now.com\\\/#website\",\"url\":\"https:\\\/\\\/startx39now.com\\\/\",\"name\":\"Start X39 Now\",\"description\":\"Stem cell activation therapy in a patch. No drugs, no injections, just our body&#039;s own light. Naturally reactivate your stem cells with a simple patch.\",\"potentialAction\":[{\"@type\":\"SearchAction\",\"target\":{\"@type\":\"EntryPoint\",\"urlTemplate\":\"https:\\\/\\\/startx39now.com\\\/?s={search_term_string}\"},\"query-input\":{\"@type\":\"PropertyValueSpecification\",\"valueRequired\":true,\"valueName\":\"search_term_string\"}}],\"inLanguage\":\"de\"}]}<\/script>\n<!-- \/ Yoast SEO plugin. -->","yoast_head_json":{"title":"Die Wissenschaft hinter X39 - X39 jetzt starten","robots":{"index":"noindex","follow":"follow"},"og_locale":"de_DE","og_type":"article","og_title":"Science Behind X39 - Start X39 Now","og_description":"The Science Behind the Patented X39 Patch Meet the Inventor\/CEO David Schmidt LifeWave was founded in 2004 by entrepreneur and inventor David Schmidt. Prior to 2004, David developed bladeless-turbine power generation systems and metal-combustion rocket engines. He reminds me of Iron Man! While working with the US Navy on next generation mini-subs, David then began [&hellip;]","og_url":"https:\/\/startx39now.com\/de\/wissenschaft-hinter-x39\/","og_site_name":"Start X39 Now","article_modified_time":"2023-12-28T03:13:49+00:00","og_image":[{"url":"https:\/\/startx39now.com\/wp-content\/uploads\/2023\/11\/patches-OnCircle-mobileIsolated.png","type":"","width":"","height":""}],"twitter_card":"summary_large_image","twitter_misc":{"Gesch\u00e4tzte Lesezeit":"3\u00a0Minuten"},"schema":{"@context":"https:\/\/schema.org","@graph":[{"@type":"WebPage","@id":"https:\/\/startx39now.com\/science-behind-x39\/","url":"https:\/\/startx39now.com\/science-behind-x39\/","name":"Die Wissenschaft hinter X39 - X39 jetzt starten","isPartOf":{"@id":"https:\/\/startx39now.com\/#website"},"primaryImageOfPage":{"@id":"https:\/\/startx39now.com\/science-behind-x39\/#primaryimage"},"image":{"@id":"https:\/\/startx39now.com\/science-behind-x39\/#primaryimage"},"thumbnailUrl":"https:\/\/startx39now.com\/wp-content\/uploads\/2023\/11\/patches-OnCircle-mobileIsolated.png","datePublished":"2023-11-25T20:56:20+00:00","dateModified":"2023-12-28T03:13:49+00:00","breadcrumb":{"@id":"https:\/\/startx39now.com\/science-behind-x39\/#breadcrumb"},"inLanguage":"de","potentialAction":[{"@type":"ReadAction","target":["https:\/\/startx39now.com\/science-behind-x39\/"]}]},{"@type":"ImageObject","inLanguage":"de","@id":"https:\/\/startx39now.com\/science-behind-x39\/#primaryimage","url":"https:\/\/startx39now.com\/wp-content\/uploads\/2023\/11\/patches-OnCircle-mobileIsolated.png","contentUrl":"https:\/\/startx39now.com\/wp-content\/uploads\/2023\/11\/patches-OnCircle-mobileIsolated.png"},{"@type":"BreadcrumbList","@id":"https:\/\/startx39now.com\/science-behind-x39\/#breadcrumb","itemListElement":[{"@type":"ListItem","position":1,"name":"Home","item":"https:\/\/startx39now.com\/"},{"@type":"ListItem","position":2,"name":"Science Behind X39"}]},{"@type":"WebSite","@id":"https:\/\/startx39now.com\/#website","url":"https:\/\/startx39now.com\/","name":"X39 jetzt starten","description":"Stammzellen-Aktivierungstherapie in einem Pflaster. Keine Medikamente, keine Injektionen, nur unser k\u00f6rpereigenes Licht. Reaktivieren Sie Ihre Stammzellen auf nat\u00fcrliche Weise mit einem einfachen Pflaster.","potentialAction":[{"@type":"SearchAction","target":{"@type":"EntryPoint","urlTemplate":"https:\/\/startx39now.com\/?s={search_term_string}"},"query-input":{"@type":"PropertyValueSpecification","valueRequired":true,"valueName":"search_term_string"}}],"inLanguage":"de"}]}},"_links":{"self":[{"href":"https:\/\/startx39now.com\/de\/wp-json\/wp\/v2\/pages\/4898","targetHints":{"allow":["GET"]}}],"collection":[{"href":"https:\/\/startx39now.com\/de\/wp-json\/wp\/v2\/pages"}],"about":[{"href":"https:\/\/startx39now.com\/de\/wp-json\/wp\/v2\/types\/page"}],"author":[{"embeddable":true,"href":"https:\/\/startx39now.com\/de\/wp-json\/wp\/v2\/users\/1"}],"replies":[{"embeddable":true,"href":"https:\/\/startx39now.com\/de\/wp-json\/wp\/v2\/comments?post=4898"}],"version-history":[{"count":0,"href":"https:\/\/startx39now.com\/de\/wp-json\/wp\/v2\/pages\/4898\/revisions"}],"wp:attachment":[{"href":"https:\/\/startx39now.com\/de\/wp-json\/wp\/v2\/media?parent=4898"}],"curies":[{"name":"WP","href":"https:\/\/api.w.org\/{rel}","templated":true}]}}