{"id":10473,"date":"2025-10-30T01:03:41","date_gmt":"2025-10-30T01:03:41","guid":{"rendered":"https:\/\/startx39now.com\/?page_id=10473"},"modified":"2026-01-26T03:49:04","modified_gmt":"2026-01-26T03:49:04","slug":"ds-uber","status":"publish","type":"page","link":"https:\/\/startx39now.com\/de\/ds-about\/","title":{"rendered":"Video 2 - DS \u00dcber"},"content":{"rendered":"<div data-elementor-type=\"wp-page\" data-elementor-id=\"10473\" class=\"elementor elementor-10473\" data-elementor-post-type=\"page\">\n\t\t\t\t<div class=\"elementor-element elementor-element-e95586e e-con-full e-flex e-con e-parent\" data-id=\"e95586e\" data-element_type=\"container\" data-e-type=\"container\" data-settings=\"{&quot;background_background&quot;:&quot;classic&quot;,&quot;shape_divider_bottom&quot;:&quot;split&quot;}\">\n\t\t\t\t<div class=\"elementor-shape elementor-shape-bottom\" aria-hidden=\"true\" data-negative=\"false\">\n\t\t\t<svg xmlns=\"http:\/\/www.w3.org\/2000\/svg\" viewbox=\"0 0 1000 20\" preserveaspectratio=\"none\">\n\t<path class=\"elementor-shape-fill\" d=\"M0,0v3c0,0,393.8,0,483.4,0c9.2,0,16.6,7.4,16.6,16.6c0-9.1,7.4-16.6,16.6-16.6C606.2,3,1000,3,1000,3V0H0z\"\/>\n<\/svg>\t\t<\/div>\n\t\t\t\t<div class=\"elementor-element elementor-element-4510bae elementor-widget elementor-widget-button\" data-id=\"4510bae\" data-element_type=\"widget\" data-e-type=\"widget\" data-widget_type=\"button.default\">\n\t\t\t\t<div class=\"elementor-widget-container\">\n\t\t\t\t\t\t\t\t\t<div class=\"elementor-button-wrapper\">\n\t\t\t\t\t<a class=\"elementor-button elementor-button-link elementor-size-sm\" href=\"https:\/\/startx39now.com\/de\/zuhause-x39\/#tracker\">\n\t\t\t\t\t\t<span class=\"elementor-button-content-wrapper\">\n\t\t\t\t\t\t\t\t\t<span class=\"elementor-button-text\">&lt; Zur\u00fcck zu HOME<\/span>\n\t\t\t\t\t<\/span>\n\t\t\t\t\t<\/a>\n\t\t\t\t<\/div>\n\t\t\t\t\t\t\t\t<\/div>\n\t\t\t\t<\/div>\n\t\t\t\t<\/div>\n\t\t<div class=\"elementor-element elementor-element-fbabb08 e-flex e-con-boxed e-con e-parent\" data-id=\"fbabb08\" data-element_type=\"container\" data-e-type=\"container\" data-settings=\"{&quot;background_background&quot;:&quot;classic&quot;}\">\n\t\t\t\t\t<div class=\"e-con-inner\">\n\t\t\t\t<div class=\"elementor-element elementor-element-87984eb elementor-widget elementor-widget-heading\" data-id=\"87984eb\" data-element_type=\"widget\" data-e-type=\"widget\" data-widget_type=\"heading.default\">\n\t\t\t\t<div class=\"elementor-widget-container\">\n\t\t\t\t\t<h1 class=\"elementor-heading-title elementor-size-default\">Mit \u00fcber 200 Patenten auf seinen Namen: Lernen Sie den Erfinder und CEO David Schmidt kennen.<\/h1>\t\t\t\t<\/div>\n\t\t\t\t<\/div>\n\t\t\t\t<div class=\"elementor-element elementor-element-58ac19f elementor-widget elementor-widget-heading\" data-id=\"58ac19f\" data-element_type=\"widget\" data-e-type=\"widget\" data-widget_type=\"heading.default\">\n\t\t\t\t<div class=\"elementor-widget-container\">\n\t\t\t\t\t<h3 class=\"elementor-heading-title elementor-size-default\">LifeWave wurde 2004 von dem Unternehmer und Erfinder David Schmidt gegr\u00fcndet.<\/h3>\t\t\t\t<\/div>\n\t\t\t\t<\/div>\n\t\t<div class=\"elementor-element elementor-element-c2a85e3 e-flex e-con-boxed e-con e-child\" data-id=\"c2a85e3\" data-element_type=\"container\" data-e-type=\"container\">\n\t\t\t\t\t<div class=\"e-con-inner\">\n\t\t<div class=\"elementor-element elementor-element-05d6793 e-con-full e-flex e-con e-child\" data-id=\"05d6793\" data-element_type=\"container\" data-e-type=\"container\">\n\t\t\t\t<div class=\"elementor-element elementor-element-c9edb01 elementor-widget elementor-widget-text-editor\" data-id=\"c9edb01\" data-element_type=\"widget\" data-e-type=\"widget\" data-widget_type=\"text-editor.default\">\n\t\t\t\t<div class=\"elementor-widget-container\">\n\t\t\t\t\t\t\t\t\t<p>Vor 2004 entwickelte David Raketentriebwerke.<\/p><p>W\u00e4hrend seiner Zusammenarbeit mit dem US-Milit\u00e4r wurde David von den Navy Seals gebeten, eine neue Technologie zu entwickeln, um die Truppen nachts wach zu halten, ohne auf Stimulanzien zur\u00fcckgreifen zu m\u00fcssen.<\/p><p>David begann mit der Entwicklung des <strong>Energieverst\u00e4rker-Pflasters<\/strong>So entstand eine neue Lichttechnologie f\u00fcr die Navy Seals.<\/p><p>Doch die Menschen verstanden nicht, wie die Lichttechnologie funktionierte, und das Unternehmen erwirtschaftete nur geringe Einnahmen von <strong>50 Millionen<\/strong> im Jahr und blieb mehrere Jahre lang so klein.<\/p>\t\t\t\t\t\t\t\t<\/div>\n\t\t\t\t<\/div>\n\t\t\t\t<\/div>\n\t\t<div class=\"elementor-element elementor-element-5c859d2 e-con-full e-flex e-con e-child\" data-id=\"5c859d2\" data-element_type=\"container\" data-e-type=\"container\">\n\t\t\t\t<div class=\"elementor-element elementor-element-2420756 elementor-widget elementor-widget-video\" data-id=\"2420756\" data-element_type=\"widget\" data-e-type=\"widget\" data-settings=\"{&quot;video_type&quot;:&quot;vimeo&quot;,&quot;show_image_overlay&quot;:&quot;yes&quot;,&quot;image_overlay&quot;:{&quot;url&quot;:&quot;https:\\\/\\\/startx39now.com\\\/wp-content\\\/uploads\\\/2025\\\/11\\\/MeetDavid-thumb.png&quot;,&quot;id&quot;:10575,&quot;size&quot;:&quot;&quot;,&quot;alt&quot;:&quot;&quot;,&quot;source&quot;:&quot;library&quot;}}\" data-no-translation=\"\" data-widget_type=\"video.default\">\n\t\t\t\t<div class=\"elementor-widget-container\">\n\t\t\t\t\t<style>.elementor-element-2420756{display:none !important}<\/style>\t\t\t\t<\/div>\n\t\t\t\t<\/div>\n\t\t\t\t<div class=\"elementor-element elementor-element-4b84bc6 elementor-widget elementor-widget-video\" data-id=\"4b84bc6\" data-element_type=\"widget\" data-e-type=\"widget\" data-settings=\"{&quot;video_type&quot;:&quot;vimeo&quot;,&quot;show_image_overlay&quot;:&quot;yes&quot;,&quot;image_overlay&quot;:{&quot;url&quot;:&quot;https:\\\/\\\/startx39now.com\\\/wp-content\\\/uploads\\\/2025\\\/11\\\/MeetDavid-Spanish-thumb.png&quot;,&quot;id&quot;:10574,&quot;size&quot;:&quot;&quot;,&quot;alt&quot;:&quot;&quot;,&quot;source&quot;:&quot;library&quot;}}\" data-no-translation=\"\" data-widget_type=\"video.default\">\n\t\t\t\t<div class=\"elementor-widget-container\">\n\t\t\t\t\t<style>.elementor-element-4b84bc6{display:none !important}<\/style>\t\t\t\t<\/div>\n\t\t\t\t<\/div>\n\t\t\t\t<div class=\"elementor-element elementor-element-cfcc3fa elementor-widget__width-inherit elementor-widget elementor-widget-pp-video\" data-id=\"cfcc3fa\" data-element_type=\"widget\" data-e-type=\"widget\" data-no-translation=\"\" data-widget_type=\"pp-video.default\">\n\t\t\t\t<div class=\"elementor-widget-container\">\n\t\t\t\t\t\t\t<div class=\"pp-video pp-video-type-vimeo\" data-settings=\"{&quot;post_id&quot;:10473,&quot;widget_id&quot;:&quot;cfcc3fa&quot;}\">\n\t\t\t\t\t<div class=\"pp-video-container\">\n\t\t\t<div class=\"pp-video-play\" data-autoplay=\"0\">\n\t\t\t\t<div class=\"pp-media-overlay pp-video-overlay\"><\/div>\t\t\t\t<div class=\"pp-video-player\" data-src=\"https:\/\/player.vimeo.com\/video\/1158254190?color&amp;autopause=0&amp;autoplay=1&amp;loop=0&amp;muted=0&amp;title=0&amp;portrait=0&amp;byline=0#t=\">\n\t\t\t\t\t\t\t\t\t\t\t\t\t<img decoding=\"async\" class=\"pp-video-thumb\" src=\"https:\/\/startx39now.com\/wp-content\/uploads\/2026\/01\/MeetDavid-German-thumb.png\" alt=\"\">\n\t\t\t\t\t\t\t\t\t\t\t<span class=\"pp-video-play-icon\">\n\t\t\t\t<i aria-hidden=\"true\" class=\"fas fa-play-circle\"><\/i>\t\t\t<\/span>\n\t\t\t\t\t\t\t<\/div>\n\t\t\t<\/div>\n\t\t<\/div>\n\t\t\t\t<\/div>\n\t\t\t\t\t\t<\/div>\n\t\t\t\t<\/div>\n\t\t\t\t<\/div>\n\t\t\t\t\t<\/div>\n\t\t\t\t<\/div>\n\t\t<div class=\"elementor-element elementor-element-03bb62d e-flex e-con-boxed e-con e-child\" data-id=\"03bb62d\" data-element_type=\"container\" data-e-type=\"container\">\n\t\t\t\t\t<div class=\"e-con-inner\">\n\t\t<div class=\"elementor-element elementor-element-29d88ac e-con-full e-flex e-con e-child\" data-id=\"29d88ac\" data-element_type=\"container\" data-e-type=\"container\" data-settings=\"{&quot;background_background&quot;:&quot;classic&quot;}\">\n\t\t\t\t<div class=\"elementor-element elementor-element-2627481 elementor-widget elementor-widget-image\" data-id=\"2627481\" data-element_type=\"widget\" data-e-type=\"widget\" data-widget_type=\"image.default\">\n\t\t\t\t<div class=\"elementor-widget-container\">\n\t\t\t\t\t\t\t\t\t\t\t\t\t\t\t<img fetchpriority=\"high\" decoding=\"async\" width=\"946\" height=\"719\" src=\"https:\/\/startx39now.com\/wp-content\/uploads\/2026\/01\/ExponentialGrowth-German.png\" class=\"attachment-large size-large wp-image-7946\" alt=\"\" srcset=\"https:\/\/startx39now.com\/wp-content\/uploads\/2026\/01\/ExponentialGrowth-German.png 1024w, https:\/\/startx39now.com\/wp-content\/uploads\/2026\/01\/ExponentialGrowth-German-300x225.png 300w, https:\/\/startx39now.com\/wp-content\/uploads\/2026\/01\/ExponentialGrowth-German-768x576.png 768w, https:\/\/startx39now.com\/wp-content\/uploads\/2026\/01\/ExponentialGrowth-German-16x12.png 16w\" sizes=\"(max-width: 946px) 100vw, 946px\" \/>\t\t\t\t\t\t\t\t\t\t\t\t\t\t\t<\/div>\n\t\t\t\t<\/div>\n\t\t\t\t<\/div>\n\t\t<div class=\"elementor-element elementor-element-1050a23 e-flex e-con-boxed e-con e-child\" data-id=\"1050a23\" data-element_type=\"container\" data-e-type=\"container\">\n\t\t\t\t\t<div class=\"e-con-inner\">\n\t\t\t\t<div class=\"elementor-element elementor-element-8bbeb17 elementor-widget elementor-widget-text-editor\" data-id=\"8bbeb17\" data-element_type=\"widget\" data-e-type=\"widget\" data-widget_type=\"text-editor.default\">\n\t\t\t\t<div class=\"elementor-widget-container\">\n\t\t\t\t\t\t\t\t\t<p>Im Jahr 2008 wurde David von der National University of Ireland mit Forschungsarbeiten beauftragt <strong>Stammzellenfunktion<\/strong> bei Menschen und Tieren beauftragt.<\/p><p><span style=\"font-style: inherit; font-weight: inherit;\">Nach 10 Jahren Forschung \u00fcber <\/span><strong style=\"font-style: inherit;\">70 globale Patente<\/strong><span style=\"font-style: inherit; font-weight: inherit;\"> wurden f\u00fcr seine medizinischen Ger\u00e4te ausgestellt.<\/span><\/p><p>Bis 2018 hatte David Schmidt Patente angemeldet und eingef\u00fchrt. <strong>Das X39-Pflaster von LifeWave!<\/strong><\/p><p>Die Welt war nun bereit f\u00fcr <strong>eine erschwingliche, sichere und nicht-invasive Technologie<\/strong> Das hat sich als wirksam erwiesen, um ihre eigenen Stammzellen zu aktivieren.<\/p><p>Heute erwirtschaftet das Unternehmen LifeWave einen Umsatz von \u00fcber <strong>600 Millionen Dollar<\/strong> im Vertrieb t\u00e4tig, hat Erfahrung gesammelt <strong>43 % Wachstum<\/strong> Jahr f\u00fcr Jahr und befindet sich in der <strong>die 25 besten Unternehmen<\/strong> in unserer Branche.<\/p><p>LifeWave ist dabei. <strong>MOMENTUM<\/strong> Heute, weil das Produkt funktioniert!<\/p>\t\t\t\t\t\t\t\t<\/div>\n\t\t\t\t<\/div>\n\t\t\t\t\t<\/div>\n\t\t\t\t<\/div>\n\t\t\t\t\t<\/div>\n\t\t\t\t<\/div>\n\t\t\t\t\t<\/div>\n\t\t\t\t<\/div>\n\t\t<div class=\"elementor-element elementor-element-1c2a504 e-flex e-con-boxed e-con e-parent\" data-id=\"1c2a504\" data-element_type=\"container\" data-e-type=\"container\" data-settings=\"{&quot;background_background&quot;:&quot;classic&quot;}\">\n\t\t\t\t\t<div class=\"e-con-inner\">\n\t\t<div class=\"elementor-element elementor-element-8392716 e-con-full e-flex e-con e-child\" data-id=\"8392716\" data-element_type=\"container\" data-e-type=\"container\">\n\t\t\t\t<div class=\"elementor-element elementor-element-93aae10 elementor-widget elementor-widget-heading\" data-id=\"93aae10\" data-element_type=\"widget\" data-e-type=\"widget\" data-widget_type=\"heading.default\">\n\t\t\t\t<div class=\"elementor-widget-container\">\n\t\t\t\t\t<p class=\"elementor-heading-title elementor-size-default\">Haftungsausschluss: Unsere Pflaster basieren auf der Theorie der Phototherapie.<br>Die Wirksamkeit dieser Pflaster ist nach den Standards der Schulmedizin nicht erwiesen und sie sollten nicht anstelle einer medizinischen Behandlung verwendet werden.<\/p>\t\t\t\t<\/div>\n\t\t\t\t<\/div>\n\t\t\t\t<div class=\"elementor-element elementor-element-a10693d elementor-widget elementor-widget-heading\" data-id=\"a10693d\" data-element_type=\"widget\" data-e-type=\"widget\" data-widget_type=\"heading.default\">\n\t\t\t\t<div class=\"elementor-widget-container\">\n\t\t\t\t\t<p class=\"elementor-heading-title elementor-size-default\">Die Aussagen zu LifeWave-Produkten, auf den Websites oder in den zugeh\u00f6rigen Materialien wurden von keiner Aufsichtsbeh\u00f6rde gepr\u00fcft und dienen nicht der Diagnose, Behandlung, Heilung oder Vorbeugung von Krankheiten oder medizinischen Beschwerden. Die pr\u00e4sentierten Inhalte sind zusammenfassend, allgemeiner Natur und dienen ausschlie\u00dflich Informationszwecken. Ignorieren Sie keine \u00e4rztlichen Ratschl\u00e4ge und verz\u00f6gern Sie keine notwendige \u00e4rztliche Behandlung aufgrund von Informationen, die Sie auf unseren Websites oder in den zugeh\u00f6rigen Materialien gelesen haben. Bitte konsultieren Sie Ihren Arzt oder einen anderen qualifizierten Gesundheitsdienstleister bez\u00fcglich Ihrer Symptome oder Erkrankungen, da diese Krankheiten h\u00e4ufig mit unterschiedlichen Anzeichen und Symptomen einhergehen. Konsultieren Sie immer Ihren Arzt oder einen anderen qualifizierten Gesundheitsdienstleister, bevor Sie eine neue Behandlung, Di\u00e4t oder ein neues Fitnessprogramm beginnen. Wir \u00fcbernehmen keine Haftung oder Verantwortung f\u00fcr Sch\u00e4den oder Verletzungen von Personen oder Sachen, die sich aus der Verwendung von Produkten, Informationen, Ideen oder Anweisungen in den Ihnen zur Verf\u00fcgung gestellten Materialien ergeben. Wir behalten uns das Recht vor, jederzeit Aspekte oder Funktionen unserer Informationen zu \u00e4ndern oder einzustellen.<\/p>\t\t\t\t<\/div>\n\t\t\t\t<\/div>\n\t\t\t\t<div class=\"elementor-element elementor-element-7f45e84 elementor-widget elementor-widget-heading\" data-id=\"7f45e84\" data-element_type=\"widget\" data-e-type=\"widget\" data-widget_type=\"heading.default\">\n\t\t\t\t<div class=\"elementor-widget-container\">\n\t\t\t\t\t<p class=\"elementor-heading-title elementor-size-default\">\u00a92026 StartX39Now.com | Alle Rechte vorbehalten.<\/p>\t\t\t\t<\/div>\n\t\t\t\t<\/div>\n\t\t\t\t<\/div>\n\t\t\t\t\t<\/div>\n\t\t\t\t<\/div>\n\t\t\t\t<\/div>","protected":false},"excerpt":{"rendered":"<p>&lt; Back to HOME With over 200 patents to his name, meet the Inventor &amp; CEO David Schmidt LifeWave was founded in 2004 by entrepreneur and inventor David Schmidt. Prior to 2004, David was developing rocket engines. While working with the US Military, David was asked by the Navy Seals to create a new technology [&hellip;]<\/p>\n","protected":false},"author":1,"featured_media":10575,"parent":0,"menu_order":0,"comment_status":"closed","ping_status":"closed","template":"elementor_canvas","meta":{"site-sidebar-layout":"no-sidebar","site-content-layout":"page-builder","ast-site-content-layout":"full-width-container","site-content-style":"unboxed","site-sidebar-style":"unboxed","ast-global-header-display":"disabled","ast-banner-title-visibility":"","ast-main-header-display":"","ast-hfb-above-header-display":"","ast-hfb-below-header-display":"","ast-hfb-mobile-header-display":"","site-post-title":"disabled","ast-breadcrumbs-content":"","ast-featured-img":"disabled","footer-sml-layout":"","ast-disable-related-posts":"","theme-transparent-header-meta":"","adv-header-id-meta":"","stick-header-meta":"","header-above-stick-meta":"","header-main-stick-meta":"","header-below-stick-meta":"","astra-migrate-meta-layouts":"set","ast-page-background-enabled":"default","ast-page-background-meta":{"desktop":{"background-color":"var(--ast-global-color-4)","background-image":"","background-repeat":"repeat","background-position":"center center","background-size":"auto","background-attachment":"scroll","background-type":"","background-media":"","overlay-type":"","overlay-color":"","overlay-opacity":"","overlay-gradient":""},"tablet":{"background-color":"","background-image":"","background-repeat":"repeat","background-position":"center center","background-size":"auto","background-attachment":"scroll","background-type":"","background-media":"","overlay-type":"","overlay-color":"","overlay-opacity":"","overlay-gradient":""},"mobile":{"background-color":"","background-image":"","background-repeat":"repeat","background-position":"center center","background-size":"auto","background-attachment":"scroll","background-type":"","background-media":"","overlay-type":"","overlay-color":"","overlay-opacity":"","overlay-gradient":""}},"ast-content-background-meta":{"desktop":{"background-color":"var(--ast-global-color-5)","background-image":"","background-repeat":"repeat","background-position":"center center","background-size":"auto","background-attachment":"scroll","background-type":"","background-media":"","overlay-type":"","overlay-color":"","overlay-opacity":"","overlay-gradient":""},"tablet":{"background-color":"var(--ast-global-color-5)","background-image":"","background-repeat":"repeat","background-position":"center center","background-size":"auto","background-attachment":"scroll","background-type":"","background-media":"","overlay-type":"","overlay-color":"","overlay-opacity":"","overlay-gradient":""},"mobile":{"background-color":"var(--ast-global-color-5)","background-image":"","background-repeat":"repeat","background-position":"center center","background-size":"auto","background-attachment":"scroll","background-type":"","background-media":"","overlay-type":"","overlay-color":"","overlay-opacity":"","overlay-gradient":""}},"footnotes":""},"class_list":["post-10473","page","type-page","status-publish","has-post-thumbnail","hentry"],"yoast_head":"<!-- This site is optimized with the Yoast SEO plugin v27.4 - https:\/\/yoast.com\/product\/yoast-seo-wordpress\/ -->\n<title>Video 2 (2-Minutes): Meet Owner &amp; Inventor David Schmidt<\/title>\n<meta name=\"description\" content=\"Meet Owner &amp; Inventor David Schmidt\" \/>\n<meta name=\"robots\" content=\"noindex, follow\" \/>\n<meta property=\"og:locale\" content=\"de_DE\" \/>\n<meta property=\"og:type\" content=\"article\" \/>\n<meta property=\"og:title\" content=\"Video 2 (2-Minutes): Meet Owner &amp; Inventor David Schmidt\" \/>\n<meta property=\"og:description\" content=\"Meet Owner &amp; Inventor David Schmidt\" \/>\n<meta property=\"og:url\" content=\"https:\/\/startx39now.com\/de\/ds-uber\/\" \/>\n<meta property=\"og:site_name\" content=\"Start X39 Now\" \/>\n<meta property=\"article:modified_time\" content=\"2026-01-26T03:49:04+00:00\" \/>\n<meta property=\"og:image\" content=\"https:\/\/startx39now.com\/wp-content\/uploads\/2025\/11\/MeetDavid-thumb.png\" \/>\n\t<meta property=\"og:image:width\" content=\"1280\" \/>\n\t<meta property=\"og:image:height\" content=\"720\" \/>\n\t<meta property=\"og:image:type\" content=\"image\/png\" \/>\n<meta name=\"twitter:card\" content=\"summary_large_image\" \/>\n<meta name=\"twitter:label1\" content=\"Gesch\u00e4tzte Lesezeit\" \/>\n\t<meta name=\"twitter:data1\" content=\"3\u00a0Minuten\" \/>\n<script type=\"application\/ld+json\" class=\"yoast-schema-graph\">{\"@context\":\"https:\\\/\\\/schema.org\",\"@graph\":[{\"@type\":\"WebPage\",\"@id\":\"https:\\\/\\\/startx39now.com\\\/ds-about\\\/\",\"url\":\"https:\\\/\\\/startx39now.com\\\/ds-about\\\/\",\"name\":\"Video 2 (2-Minutes): Meet Owner & Inventor David Schmidt\",\"isPartOf\":{\"@id\":\"https:\\\/\\\/startx39now.com\\\/#website\"},\"primaryImageOfPage\":{\"@id\":\"https:\\\/\\\/startx39now.com\\\/ds-about\\\/#primaryimage\"},\"image\":{\"@id\":\"https:\\\/\\\/startx39now.com\\\/ds-about\\\/#primaryimage\"},\"thumbnailUrl\":\"https:\\\/\\\/startx39now.com\\\/wp-content\\\/uploads\\\/2025\\\/11\\\/MeetDavid-thumb.png\",\"datePublished\":\"2025-10-30T01:03:41+00:00\",\"dateModified\":\"2026-01-26T03:49:04+00:00\",\"description\":\"Meet Owner & Inventor David Schmidt\",\"breadcrumb\":{\"@id\":\"https:\\\/\\\/startx39now.com\\\/ds-about\\\/#breadcrumb\"},\"inLanguage\":\"de\",\"potentialAction\":[{\"@type\":\"ReadAction\",\"target\":[\"https:\\\/\\\/startx39now.com\\\/ds-about\\\/\"]}]},{\"@type\":\"ImageObject\",\"inLanguage\":\"de\",\"@id\":\"https:\\\/\\\/startx39now.com\\\/ds-about\\\/#primaryimage\",\"url\":\"https:\\\/\\\/startx39now.com\\\/wp-content\\\/uploads\\\/2025\\\/11\\\/MeetDavid-thumb.png\",\"contentUrl\":\"https:\\\/\\\/startx39now.com\\\/wp-content\\\/uploads\\\/2025\\\/11\\\/MeetDavid-thumb.png\",\"width\":1280,\"height\":720},{\"@type\":\"BreadcrumbList\",\"@id\":\"https:\\\/\\\/startx39now.com\\\/ds-about\\\/#breadcrumb\",\"itemListElement\":[{\"@type\":\"ListItem\",\"position\":1,\"name\":\"Home\",\"item\":\"https:\\\/\\\/startx39now.com\\\/\"},{\"@type\":\"ListItem\",\"position\":2,\"name\":\"Video 2 &#8211; DS About\"}]},{\"@type\":\"WebSite\",\"@id\":\"https:\\\/\\\/startx39now.com\\\/#website\",\"url\":\"https:\\\/\\\/startx39now.com\\\/\",\"name\":\"Start X39 Now\",\"description\":\"Stem cell activation therapy in a patch. No drugs, no injections, just our body&#039;s own light. Naturally reactivate your stem cells with a simple patch.\",\"potentialAction\":[{\"@type\":\"SearchAction\",\"target\":{\"@type\":\"EntryPoint\",\"urlTemplate\":\"https:\\\/\\\/startx39now.com\\\/?s={search_term_string}\"},\"query-input\":{\"@type\":\"PropertyValueSpecification\",\"valueRequired\":true,\"valueName\":\"search_term_string\"}}],\"inLanguage\":\"de\"}]}<\/script>\n<!-- \/ Yoast SEO plugin. -->","yoast_head_json":{"title":"Video 2 (2-Minuten): Treffen Sie den Eigent\u00fcmer und Erfinder David Schmidt","description":"Treffen Sie den Eigent\u00fcmer und Erfinder David Schmidt","robots":{"index":"noindex","follow":"follow"},"og_locale":"de_DE","og_type":"article","og_title":"Video 2 (2-Minutes): Meet Owner & Inventor David Schmidt","og_description":"Meet Owner & Inventor David Schmidt","og_url":"https:\/\/startx39now.com\/de\/ds-uber\/","og_site_name":"Start X39 Now","article_modified_time":"2026-01-26T03:49:04+00:00","og_image":[{"width":1280,"height":720,"url":"https:\/\/startx39now.com\/wp-content\/uploads\/2025\/11\/MeetDavid-thumb.png","type":"image\/png"}],"twitter_card":"summary_large_image","twitter_misc":{"Gesch\u00e4tzte Lesezeit":"3\u00a0Minuten"},"schema":{"@context":"https:\/\/schema.org","@graph":[{"@type":"WebPage","@id":"https:\/\/startx39now.com\/ds-about\/","url":"https:\/\/startx39now.com\/ds-about\/","name":"Video 2 (2-Minuten): Treffen Sie den Eigent\u00fcmer und Erfinder David Schmidt","isPartOf":{"@id":"https:\/\/startx39now.com\/#website"},"primaryImageOfPage":{"@id":"https:\/\/startx39now.com\/ds-about\/#primaryimage"},"image":{"@id":"https:\/\/startx39now.com\/ds-about\/#primaryimage"},"thumbnailUrl":"https:\/\/startx39now.com\/wp-content\/uploads\/2025\/11\/MeetDavid-thumb.png","datePublished":"2025-10-30T01:03:41+00:00","dateModified":"2026-01-26T03:49:04+00:00","description":"Treffen Sie den Eigent\u00fcmer und Erfinder David Schmidt","breadcrumb":{"@id":"https:\/\/startx39now.com\/ds-about\/#breadcrumb"},"inLanguage":"de","potentialAction":[{"@type":"ReadAction","target":["https:\/\/startx39now.com\/ds-about\/"]}]},{"@type":"ImageObject","inLanguage":"de","@id":"https:\/\/startx39now.com\/ds-about\/#primaryimage","url":"https:\/\/startx39now.com\/wp-content\/uploads\/2025\/11\/MeetDavid-thumb.png","contentUrl":"https:\/\/startx39now.com\/wp-content\/uploads\/2025\/11\/MeetDavid-thumb.png","width":1280,"height":720},{"@type":"BreadcrumbList","@id":"https:\/\/startx39now.com\/ds-about\/#breadcrumb","itemListElement":[{"@type":"ListItem","position":1,"name":"Home","item":"https:\/\/startx39now.com\/"},{"@type":"ListItem","position":2,"name":"Video 2 &#8211; DS About"}]},{"@type":"WebSite","@id":"https:\/\/startx39now.com\/#website","url":"https:\/\/startx39now.com\/","name":"X39 jetzt starten","description":"Stammzellen-Aktivierungstherapie in einem Pflaster. Keine Medikamente, keine Injektionen, nur unser k\u00f6rpereigenes Licht. Reaktivieren Sie Ihre Stammzellen auf nat\u00fcrliche Weise mit einem einfachen Pflaster.","potentialAction":[{"@type":"SearchAction","target":{"@type":"EntryPoint","urlTemplate":"https:\/\/startx39now.com\/?s={search_term_string}"},"query-input":{"@type":"PropertyValueSpecification","valueRequired":true,"valueName":"search_term_string"}}],"inLanguage":"de"}]}},"_links":{"self":[{"href":"https:\/\/startx39now.com\/de\/wp-json\/wp\/v2\/pages\/10473","targetHints":{"allow":["GET"]}}],"collection":[{"href":"https:\/\/startx39now.com\/de\/wp-json\/wp\/v2\/pages"}],"about":[{"href":"https:\/\/startx39now.com\/de\/wp-json\/wp\/v2\/types\/page"}],"author":[{"embeddable":true,"href":"https:\/\/startx39now.com\/de\/wp-json\/wp\/v2\/users\/1"}],"replies":[{"embeddable":true,"href":"https:\/\/startx39now.com\/de\/wp-json\/wp\/v2\/comments?post=10473"}],"version-history":[{"count":0,"href":"https:\/\/startx39now.com\/de\/wp-json\/wp\/v2\/pages\/10473\/revisions"}],"wp:featuredmedia":[{"embeddable":true,"href":"https:\/\/startx39now.com\/de\/wp-json\/wp\/v2\/media\/10575"}],"wp:attachment":[{"href":"https:\/\/startx39now.com\/de\/wp-json\/wp\/v2\/media?parent=10473"}],"curies":[{"name":"WP","href":"https:\/\/api.w.org\/{rel}","templated":true}]}}